{"id":1847,"date":"2020-11-30T12:32:17","date_gmt":"2020-11-30T12:32:17","guid":{"rendered":"http:\/\/rayt.com\/?page_id=1847"},"modified":"2022-09-21T10:33:43","modified_gmt":"2022-09-21T10:33:43","slug":"nosotros-2","status":"publish","type":"page","link":"https:\/\/rayt.com\/ca\/nosotros-2\/","title":{"rendered":"Nosotros"},"content":{"rendered":"\n<div id=\"rev_slider_6_1_wrapper\" class=\"rev_slider_wrapper fullwidthbanner-container\" data-source=\"gallery\" style=\"margin:0px auto;background:transparent;padding:0px;margin-top:0px;margin-bottom:0px;\">\n<!-- START REVOLUTION SLIDER 5.4.8.3 fullwidth mode -->\n\t<div id=\"rev_slider_6_1\" class=\"rev_slider fullwidthabanner\" style=\"display:none;\" data-version=\"5.4.8.3\">\n<ul>\t<!-- SLIDE  -->\n\t<li data-index=\"rs-19\" data-transition=\"fade\" data-slotamount=\"default\" data-hideafterloop=\"0\" data-hideslideonmobile=\"off\"  data-easein=\"default\" data-easeout=\"default\" data-masterspeed=\"300\"  data-rotate=\"0\"  data-saveperformance=\"off\"  data-title=\"Slide\" data-param1=\"\" data-param2=\"\" data-param3=\"\" data-param4=\"\" data-param5=\"\" data-param6=\"\" data-param7=\"\" data-param8=\"\" data-param9=\"\" data-param10=\"\" data-description=\"\">\n\t\t<!-- MAIN IMAGE -->\n\t\t<img fetchpriority=\"high\" decoding=\"async\" src=\"https:\/\/rayt.com\/wp-content\/uploads\/2021\/01\/unpixeled_banner.png\"  alt=\"\" title=\"unpixeled_banner\"  width=\"1605\" height=\"455\" data-bgposition=\"center center\" data-bgfit=\"cover\" data-bgrepeat=\"no-repeat\" class=\"rev-slidebg\" data-no-retina>\n\t\t<!-- LAYERS -->\n\n\t\t<!-- LAYER NR. 1 -->\n\t\t<div class=\"tp-caption   tp-resizeme  h1_nosotros\" \n\t\t\t id=\"id_h1_nosotros\" \n\t\t\t data-x=\"center\" data-hoffset=\"0\" \n\t\t\t data-y=\"center\" data-voffset=\"0\" \n\t\t\t\t\t\tdata-width=\"['auto']\"\n\t\t\tdata-height=\"['auto']\"\n \n\t\t\tdata-type=\"text\" \n\t\t\tdata-responsive_offset=\"on\" \n\n\t\t\tdata-frames='[{\"delay\":0,\"speed\":300,\"frame\":\"0\",\"from\":\"opacity:0;\",\"to\":\"o:1;\",\"ease\":\"Power3.easeInOut\"},{\"delay\":\"wait\",\"speed\":300,\"frame\":\"999\",\"to\":\"opacity:0;\",\"ease\":\"Power3.easeInOut\"}]'\n\t\t\tdata-textAlign=\"['inherit','inherit','inherit','inherit']\"\n\t\t\tdata-paddingtop=\"[0,0,0,0]\"\n\t\t\tdata-paddingright=\"[0,0,0,0]\"\n\t\t\tdata-paddingbottom=\"[0,0,0,0]\"\n\t\t\tdata-paddingleft=\"[0,0,0,0]\"\n\n\t\t\tstyle=\"z-index: 5; white-space: nowrap; font-size: 25px; line-height: 34px; font-weight: 600; color: #ffffff; letter-spacing: 0px;font-family:'Galano Grotesque', Sans-serif;\"><h1>Rayt, gaireb\u00e9 70 anys units al m\u00f3n<\/h1>\n <\/div>\n\t<\/li>\n<\/ul>\n<div class=\"tp-bannertimer tp-bottom\" style=\"visibility: hidden !important;\"><\/div>\t<\/div>\n<script>var htmlDiv = document.getElementById(\"rs-plugin-settings-inline-css\"); var htmlDivCss=\"\";\n\t\t\t\tif(htmlDiv) {\n\t\t\t\t\thtmlDiv.innerHTML = htmlDiv.innerHTML + htmlDivCss;\n\t\t\t\t}else{\n\t\t\t\t\tvar htmlDiv = document.createElement(\"div\");\n\t\t\t\t\thtmlDiv.innerHTML = \"<style>\" + htmlDivCss + \"<\/style>\";\n\t\t\t\t\tdocument.getElementsByTagName(\"head\")[0].appendChild(htmlDiv.childNodes[0]);\n\t\t\t\t}\n\t\t\t<\/script>\n\t\t<script type=\"text\/javascript\">\nif (setREVStartSize!==undefined) setREVStartSize(\n\t{c: '#rev_slider_6_1', gridwidth: [1240], gridheight: [455], sliderLayout: 'fullwidth'});\n\t\t\t\nvar revapi6,\n\ttpj;\t\n(function() {\t\t\t\n\tif (!\/loaded|interactive|complete\/.test(document.readyState)) document.addEventListener(\"DOMContentLoaded\",onLoad); else onLoad();\t\n\tfunction onLoad() {\t\t\t\t\n\t\tif (tpj===undefined) { tpj = jQuery; if(\"off\" == \"on\") tpj.noConflict();}\n\tif(tpj(\"#rev_slider_6_1\").revolution == undefined){\n\t\trevslider_showDoubleJqueryError(\"#rev_slider_6_1\");\n\t}else{\n\t\trevapi6 = tpj(\"#rev_slider_6_1\").show().revolution({\n\t\t\tsliderType:\"standard\",\n\t\t\tjsFileLocation:\"\/\/rayt.com\/wp-content\/plugins\/revslider\/public\/assets\/js\/\",\n\t\t\tsliderLayout:\"fullwidth\",\n\t\t\tdottedOverlay:\"none\",\n\t\t\tdelay:9000,\n\t\t\tnavigation: {\n\t\t\t\tonHoverStop:\"off\",\n\t\t\t},\n\t\t\tvisibilityLevels:[1240,1024,778,480],\n\t\t\tgridwidth:1240,\n\t\t\tgridheight:455,\n\t\t\tlazyType:\"none\",\n\t\t\tshadow:0,\n\t\t\tspinner:\"spinner0\",\n\t\t\tstopLoop:\"off\",\n\t\t\tstopAfterLoops:-1,\n\t\t\tstopAtSlide:-1,\n\t\t\tshuffle:\"off\",\n\t\t\tautoHeight:\"off\",\n\t\t\tdisableProgressBar:\"on\",\n\t\t\thideThumbsOnMobile:\"off\",\n\t\t\thideSliderAtLimit:0,\n\t\t\thideCaptionAtLimit:0,\n\t\t\thideAllCaptionAtLilmit:0,\n\t\t\tdebugMode:false,\n\t\t\tfallbacks: {\n\t\t\t\tsimplifyAll:\"off\",\n\t\t\t\tnextSlideOnWindowFocus:\"off\",\n\t\t\t\tdisableFocusListener:false,\n\t\t\t}\n\t\t});\n\t}; \/* END OF revapi call *\/\n\t\n }; \/* END OF ON LOAD FUNCTION *\/\n}()); \/* END OF WRAPPING FUNCTION *\/\n<\/script>\n\t\t<\/div><!-- END REVOLUTION SLIDER -->\n<h2>LA UNI\u00d3 MES FORTA<\/h2>\n<h2>INNOVADORS PER NATURALESA<\/h2>\n<p>LABORATORIOS RAYT, fundada el 1955 per Joaqu\u00edn Clar\u00f3s Ventura, va liderar la modernitzaci\u00f3 del sector gr\u00e0cies a la fabricaci\u00f3 de nous tipus de coles i adhesius. Actualment som el <b>principal fabricant independent<\/b> per varietat i volum.<\/p>\n<p>Els nostres productes \u2013coles, adhesius, segelladors i pintures\u2014 es destinen a tota mena d\u2019aplicacions\u00a0<b style=\"letter-spacing: -0.2px;\">industrials<\/b>, as\u00ed como al usuario <b style=\"letter-spacing: -0.2px;\">profesional y dom\u00e9stico.<\/b><\/p>\n<h2>R+D, QUALITAT I COMPROM\u00cdS AMB EL MEDI AMBIENT<\/h2>\n<p>\t\tActualment, continuem sent una empresa familiar amb capital i recursos propis, dirigida pels hereus del fundador. Disposem d\u2019un equip hum\u00e0 qualificat, integrat i fidel a la nostra pol\u00edtica d\u2019empresa. Plegats, mantenim l\u2019entusiasme i el comprom\u00eds de servei vers els nostres clients i distribu\u00efdors, aix\u00ed com un alt \u00edndex d\u2019innovaci\u00f3 que ens permet oferir els m\u00e0xims nivells de qualitat en tots els nostres productes.<br \/>\n\t\t\t\t\t\t\t\t\t\t<img decoding=\"async\" width=\"1232\" height=\"342\" src=\"https:\/\/rayt.com\/wp-content\/uploads\/2020\/09\/image-6.png\" alt=\"\" srcset=\"https:\/\/rayt.com\/wp-content\/uploads\/2020\/09\/image-6.png 1232w, https:\/\/rayt.com\/wp-content\/uploads\/2020\/09\/image-6-600x167.png 600w, https:\/\/rayt.com\/wp-content\/uploads\/2020\/09\/image-6-300x83.png 300w, https:\/\/rayt.com\/wp-content\/uploads\/2020\/09\/image-6-1024x284.png 1024w, https:\/\/rayt.com\/wp-content\/uploads\/2020\/09\/image-6-768x213.png 768w\" sizes=\"(max-width: 1232px) 100vw, 1232px\" \/>\t\t\t\t\t\t\t\t\t\t\t<\/p>\n<p>Encap\u00e7alem un grup industrial que disposa de <strong>tres plantes productives<\/strong>, cadascuna de les quals especialitzada en una gamma de productes i situades al voltant de la ciutat de Barcelona (Barber\u00e0 del Vall\u00e8s, Sant Feliu de Llobregat i la Pobla de Claramunt). S\u2019hi produeixen les especialitats que componen l\u2019\u00e0mplia oferta de l\u2019empresa i que van destinades a tres sectors ben diferenciats: <b>clients industrials, professionals de multitud de sectors i p\u00fablic dom\u00e8stic,<\/b> mitjan\u00e7ant els canals de distribuci\u00f3 majorista i minorista.<\/p>\n<p>Disposem de <strong>laboratoris de R+D+I<\/strong> i de control de qualitat, juntament amb una elevada capacitat t\u00e8cnica i de producci\u00f3, el que ens permet conc\u00f3rrer a escala internacional, amb la qual cosa afegim al nostre esl\u00f2gan \u00abla m\u00e9s forta uni\u00f3\u00bb un comprom\u00eds de qualitat i servei constant.<\/p>\n<p>RAYT \u00e9s membre de nombrosos instituts tecnol\u00f2gics i associacions sectorials com <b><a href=\"http:\/\/aidimm.com\/\">Aidimm<\/a>, <a href=\"https:\/\/www.itene.com\/\">Itene<\/a>, <a href=\"https:\/\/www.inescop.es\/es\/\">Inescop<\/a><\/b> i som socis fundadors <a href=\"http:\/\/www.asefca.org\/\"><b>d&#8217;Asefca<\/b><\/a>.<\/p>\n<p>Alhora, tenim una col\u00b7laboraci\u00f3 privilegiada amb els l\u00edders mundials en producci\u00f3 de mat\u00e8ries primeres, cosa que ens permet incorporar tots els aven\u00e7os tecnol\u00f2gics als nostres productes.<\/p>\n<p>A m\u00e9s, disposem d\u2019una <strong><a href=\"http:\/\/rayt.com\/wp-content\/uploads\/2021\/01\/Pol\u00edtica-Medio-Ambiente-L.Rayt-v00.pdf\">Pol\u00edtica de comprom\u00eds per a la protecci\u00f3 mediambiental<\/a> i la sostenibilitat<\/strong>, i millorem constantment les nostres pr\u00e0ctiques per oferir productes que compleixin totes les mesures internacionals i no perjudiquin el medi ambient..<\/p>\n<style>\n    .elementor-text-editor.elementor-clearfix > p  a{\n        color: black;\n    }\n    .elementor-text-editor.elementor-clearfix > p  a:hover{\n        color: #6a8695;\n    }\n<\/style>\n<p>\t\t\t\t\t\t\t\t\t\t<img decoding=\"async\" width=\"277\" height=\"355\" src=\"https:\/\/rayt.com\/wp-content\/uploads\/2021\/03\/Laboratorios-Rayt-1.png\" alt=\"\" srcset=\"https:\/\/rayt.com\/wp-content\/uploads\/2021\/03\/Laboratorios-Rayt-1.png 277w, https:\/\/rayt.com\/wp-content\/uploads\/2021\/03\/Laboratorios-Rayt-1-234x300.png 234w\" sizes=\"(max-width: 277px) 100vw, 277px\" \/><br \/>\n\t\t\t\t\t\t\t\t\t\t<img loading=\"lazy\" decoding=\"async\" width=\"397\" height=\"279\" src=\"https:\/\/rayt.com\/wp-content\/uploads\/2020\/09\/UKAS-ISO-9001-1-1.png\" alt=\"\" srcset=\"https:\/\/rayt.com\/wp-content\/uploads\/2020\/09\/UKAS-ISO-9001-1-1.png 397w, https:\/\/rayt.com\/wp-content\/uploads\/2020\/09\/UKAS-ISO-9001-1-1-300x211.png 300w\" sizes=\"(max-width: 397px) 100vw, 397px\" \/>\t\t\t\t\t\t\t\t\t\t\t<\/p>\n<p>Trabajamos desde hace a\u00f1os con un <a href=\"http:\/\/rayt.com\/wp-content\/uploads\/2021\/01\/AN-MC-03-POLITICA-DE-LA-CALIDAD-V09-cat.pdf\"><b><u>Sistema de calidad<\/u><\/b><\/a> basado en la ISO 9000. El sistema est\u00e1 adaptado a la ISO 9001, habiendo sido auditado y certificado por <b><a href=\"https:\/\/www.lr.org\/en\/\"><u>Lloyd\u2019s Register Quality Assurance<\/u><\/a>.<\/b><\/p>\n<p>Asimismo, es esencial asegurar el bienestar de nuestros trabajadores y stakeholders asociados a Rayt, por lo que disponemos de una completa <a href=\"http:\/\/rayt.com\/wp-content\/uploads\/2021\/01\/politica-PRL-pla2019.pdf\"><b><u>Pol\u00edtica de prevenci\u00f3n de riesgos laborales<\/u><\/b><\/a> as\u00ed como un <a href=\"http:\/\/rayt.com\/wp-content\/uploads\/2021\/01\/C\u00f3digo-\u00c9tico-L.Rayt-v00.pdf\"><b><u>C\u00f3digo \u00e9tico<\/u><\/b><\/a>, garant\u00eda de la aplicaci\u00f3n de nuestros principios y valores como empresa.<\/p>\n","protected":false},"excerpt":{"rendered":"<p>LA UNI\u00d3 MES FORTA INNOVADORS PER NATURALESA LABORATORIOS RAYT, fundada<\/p>\n","protected":false},"author":1,"featured_media":0,"parent":0,"menu_order":0,"comment_status":"closed","ping_status":"closed","template":"fullwidth-template.php","meta":{"_acf_changed":false,"footnotes":""},"acf":[],"_links":{"self":[{"href":"https:\/\/rayt.com\/ca\/wp-json\/wp\/v2\/pages\/1847"}],"collection":[{"href":"https:\/\/rayt.com\/ca\/wp-json\/wp\/v2\/pages"}],"about":[{"href":"https:\/\/rayt.com\/ca\/wp-json\/wp\/v2\/types\/page"}],"author":[{"embeddable":true,"href":"https:\/\/rayt.com\/ca\/wp-json\/wp\/v2\/users\/1"}],"replies":[{"embeddable":true,"href":"https:\/\/rayt.com\/ca\/wp-json\/wp\/v2\/comments?post=1847"}],"version-history":[{"count":0,"href":"https:\/\/rayt.com\/ca\/wp-json\/wp\/v2\/pages\/1847\/revisions"}],"wp:attachment":[{"href":"https:\/\/rayt.com\/ca\/wp-json\/wp\/v2\/media?parent=1847"}],"curies":[{"name":"wp","href":"https:\/\/api.w.org\/{rel}","templated":true}]}}