{"id":6397,"date":"2021-02-04T11:49:49","date_gmt":"2021-02-04T11:49:49","guid":{"rendered":"http:\/\/rayt.com\/?page_id=6397"},"modified":"2022-12-16T11:03:35","modified_gmt":"2022-12-16T11:03:35","slug":"politica-de-privacitat","status":"publish","type":"page","link":"https:\/\/rayt.com\/ca\/politica-de-privacitat\/","title":{"rendered":"Pol\u00edtica de privacitat"},"content":{"rendered":"\t\t<div data-elementor-type=\"wp-page\" data-elementor-id=\"6397\" class=\"elementor elementor-6397 elementor-3\">\n\t\t\t\t\t\t<section class=\"elementor-section elementor-top-section elementor-element elementor-element-787c444 elementor-section-boxed elementor-section-height-default elementor-section-height-default\" data-id=\"787c444\" data-element_type=\"section\">\n\t\t\t\t\t\t<div class=\"elementor-container elementor-column-gap-default\">\n\t\t\t\t\t<div class=\"elementor-column elementor-col-100 elementor-top-column elementor-element elementor-element-8cc1d21\" data-id=\"8cc1d21\" data-element_type=\"column\">\n\t\t\t<div class=\"elementor-widget-wrap elementor-element-populated\">\n\t\t\t\t\t\t<div class=\"elementor-element elementor-element-0a8e29f elementor-widget elementor-widget-spacer\" data-id=\"0a8e29f\" data-element_type=\"widget\" data-widget_type=\"spacer.default\">\n\t\t\t\t<div class=\"elementor-widget-container\">\n\t\t\t\t\t<div class=\"elementor-spacer\">\n\t\t\t<div class=\"elementor-spacer-inner\"><\/div>\n\t\t<\/div>\n\t\t\t\t<\/div>\n\t\t\t\t<\/div>\n\t\t\t\t\t<\/div>\n\t\t<\/div>\n\t\t\t\t\t<\/div>\n\t\t<\/section>\n\t\t\t\t<section class=\"elementor-section elementor-top-section elementor-element elementor-element-d60fc7a elementor-section-boxed elementor-section-height-default elementor-section-height-default\" data-id=\"d60fc7a\" data-element_type=\"section\">\n\t\t\t\t\t\t<div class=\"elementor-container elementor-column-gap-default\">\n\t\t\t\t\t<div class=\"elementor-column elementor-col-100 elementor-top-column elementor-element elementor-element-de43efe\" data-id=\"de43efe\" data-element_type=\"column\">\n\t\t\t<div class=\"elementor-widget-wrap elementor-element-populated\">\n\t\t\t\t\t\t<div class=\"elementor-element elementor-element-73a59af elementor-widget elementor-widget-heading\" data-id=\"73a59af\" data-element_type=\"widget\" data-widget_type=\"heading.default\">\n\t\t\t\t<div class=\"elementor-widget-container\">\n\t\t\t<h2 class=\"elementor-heading-title elementor-size-default\">POL\u00cdTICA DE PRIVACITAT<\/h2>\t\t<\/div>\n\t\t\t\t<\/div>\n\t\t\t\t<div class=\"elementor-element elementor-element-0c7bfb4 elementor-widget-divider--view-line elementor-widget elementor-widget-divider\" data-id=\"0c7bfb4\" data-element_type=\"widget\" data-widget_type=\"divider.default\">\n\t\t\t\t<div class=\"elementor-widget-container\">\n\t\t\t\t\t<div class=\"elementor-divider\">\n\t\t\t<span class=\"elementor-divider-separator\">\n\t\t\t\t\t\t<\/span>\n\t\t<\/div>\n\t\t\t\t<\/div>\n\t\t\t\t<\/div>\n\t\t\t\t\t<\/div>\n\t\t<\/div>\n\t\t\t\t\t<\/div>\n\t\t<\/section>\n\t\t\t\t<section class=\"elementor-section elementor-top-section elementor-element elementor-element-1640c594 elementor-section-boxed elementor-section-height-default elementor-section-height-default\" data-id=\"1640c594\" data-element_type=\"section\">\n\t\t\t\t\t\t<div class=\"elementor-container elementor-column-gap-default\">\n\t\t\t\t\t<div class=\"elementor-column elementor-col-100 elementor-top-column elementor-element elementor-element-771357b3\" data-id=\"771357b3\" data-element_type=\"column\">\n\t\t\t<div class=\"elementor-widget-wrap elementor-element-populated\">\n\t\t\t\t\t\t<div class=\"elementor-element elementor-element-56ff6a94 elementor-widget elementor-widget-text-editor\" data-id=\"56ff6a94\" data-element_type=\"widget\" data-widget_type=\"text-editor.default\">\n\t\t\t\t<div class=\"elementor-widget-container\">\n\t\t\t\t\t\t\t<h3><strong>Responsable del Tractament<\/strong><\/h3>\n<p><br \/>L\u2019empresa responsable del tractament de les seves dades en virtut d\u2019aquesta Pol\u00edtica de privacitat \u00e9s:<br \/>LABORATORIOS RAYT, S.A.U.<br \/>NIF: A60106382<br \/>Domicili: C\/ Garriga n\u00ba188-200, 08910 &#8211; Badalona<br \/>Direcci\u00f3 de correu electr\u00f2nic: <a href=\"mailto:info@rayt.com\">info@rayt.com<\/a><br \/>Web: <a href=\"https:\/\/rayt.com\">rayt.com<\/a><br \/>Tel\u00e8fon: 934607820<br \/>Inscrita al Registre Mercantil de Barcelona, en el Tomo 24.160, Folio 1, Hoja N\u00famero B-65.263<\/p>\n<p><br \/>En LABORATORIOS RAYT, S.A.U., reconeixem la import\u00e0ncia de protegir la seva informaci\u00f3 personal i estem compromesos a tractarla amb responsabilitat i de conformitat amb les lleis de protecci\u00f3 de dades.<\/p>\n<p><br \/>La present pol\u00edtica de privacitat pret\u00e9n regular tots els aspectes relatius al tractament de dades dels diferents usuaris que naveguen o faciliten les seves a trav\u00e9s dels diferents formularis situats en la web.<\/p>\n<h3><br \/><strong>Dades Personals<\/strong><\/h3>\n<p><br \/>Una dada personal \u00e9s la informaci\u00f3 que l\u2019identifica o el fa identificable. A trav\u00e9s de la web, en les caselles establertes a tal efecte recollim les dades personals que l\u2019usuari ens comunica: nom, cognoms, correu electr\u00f2nic, tel\u00e8fon, direcci\u00f3 postal, poblaci\u00f3, etc., aix\u00ed com totes aquelles dades que volunt\u00e0riament ens proporcioni a trav\u00e9s de qualsevol de les xarxes socials de les quals l\u2019usuari est\u00e0 registrat. En aquest cas, la privacitat dependr\u00e0 de la configuraci\u00f3 establerta pel mateix usuari aix\u00ed com dels termes i condicions de la pr\u00f2pia xarxa social.<\/p>\n<p><br \/>La visita de l\u2019usuari a la web no implica que hagi de facilitar cap informaci\u00f3 sobre les seves dades personals. No obstant aix\u00f2, en cas de facilitar-les, les dades seran tractades de forma l\u00edcita de conformitat en tot moment als principis i drets recollits en el RGPD 2016\/679 de 26 d\u2019abril i la LOPDGDD 3\/2018 del 5 de desembre.<\/p>\n<h3><br \/><strong>Finalitat, duraci\u00f3 i legitimaci\u00f3 del tractament<\/strong><\/h3>\n<p>Les dades que l\u2019usuari ens proporcioni les tractarem amb les seg\u00fcents finalitats:<\/p>\n<ul>\n<li>\n<p>Atendre la sol\u00b7licitud o petici\u00f3 realitzada per l\u2019usuari a trav\u00e9s del <strong>formulari de contacte<\/strong> situat a la web. Recollim i tractem les dades personals de l\u2019usuari per poder tramitar i gestionar la seva sol\u00b7licitud, una consulta o qualsevol petici\u00f3 que realitza a trav\u00e9s del formulari. Aquestes dades les conservem durant el temps necessari per complir la seva petici\u00f3 i durant el temps establert per la llei amb una duraci\u00f3 m\u00ednima de 3 anys.<\/p>\n<p>La base de legitimaci\u00f3 del tractament de les dades ser\u00e0 el consentiment que atorga l\u2019usuari en seleccionar la casella d\u2019acceptaci\u00f3 de la nostra pol\u00edtica de privacitat abans d\u2019enviar la petici\u00f3. L\u2019usuari t\u00e9 dret a revocar el seu consentiment en qualsevol moment sense que aix\u00f2 afecti la licitud del tractament basat en el consentiment previ a la seva retirada.<\/p>\n<\/li>\n<li>\n<p>Enviar <strong>butlletins i newletters<\/strong> sobre productes de LABORATORIOS RAYT, S.A.U.. Sota el consentiment de l\u2019usuari recollim i tractem les seves dades personals per poder enviar-li informaci\u00f3 sobre els nostres productes i serveis. Aquestes dades les conservarem mentre l\u2019usuari no revoqui el seu consentiment al tractament d\u2019aquestes i durant el temps establert per la llei\u00a0amb una duraci\u00f3 m\u00ednima de 3 anys.<\/p>\n<p>La base de legitimaci\u00f3 del tractament de les seves dades ser\u00e0 el consentiment que atorga l\u2019usuari al seleccionar la casella d\u2019acceptaci\u00f3 de la nostra pol\u00edtica de privacitat abans de subscriure\u2019s a la newsletter en el formulari habilitat a tal efecte a la web. L\u2019usuari t\u00e9 dret a revocar el seu consentiment en qualsevol moment sense que aix\u00f2 afecti la licitud del tractament basat en el consentiment previ a la seva retirada.<\/p>\n<\/li>\n<li>\n<p>Gestionar el curr\u00edculum rem\u00e8s per l\u2019interessat a trav\u00e9s del formulari habilitat per a tal efecte i incloure\u2019l en la base de dades de candidats de l\u2019empresa. Les dades es conservaran durant el termini m\u00e0xim d\u2019un any, transcorregut el qual, es procedir\u00e0 al bloqueig de les dades durant el temps establert legalment, garantint-li un total respecte a la confidencialitat tant en el tractament com en la seva posterior destrucci\u00f3.<\/p>\n<p>La base de legitimaci\u00f3 per a gestionar i tractar el curr\u00edculum de l\u2019interessat \u00e9s el seu consentiment el qual manifesta en realitzar una acci\u00f3 afirmativa d\u2019enviament del mateix i seleccionar la casella d\u2019acceptaci\u00f3 de la nostra pol\u00edtica de privacitat pr\u00e8viament al seu enviament. L\u2019usuari t\u00e9 dret a revocar el seu consentiment en qualsevol moment sense que aix\u00f2 afecti la licitud del tractament basat en el consentiment previ a la seva retirada.<\/p>\n<\/li>\n<li>\n<p>Millorar la seva experi\u00e8ncia en navegar per la web. Aquestes dades els conservarem mentre l\u2019usuari no revoqui el seu consentiment al tractament d\u2019aquestes eliminant les cookies i durant el temps establert per la llei amb una durada m\u00ednima de 3 anys.<\/p>\n<p>La base de legitimaci\u00f3 per a millorar la seva experi\u00e8ncia en navegar per la web \u00e9s el consentiment que atorga l\u2019usuari en acceptar les cookies. L\u2019usuari t\u00e9 dret a revocar el seu consentiment en qualsevol moment sense que aix\u00f2 afecti la licitud del tractament basat en el consentiment previ a la seva retirada.<\/p>\n<\/li>\n<li>\n<p>Gestionar les nostres xarxes socials i enviar-li informaci\u00f3 sobre les nostres activitats i productes. Aquestes dades les conservarem mentre l\u2019usuari no revoqui el seu consentiment al tractament d\u2019aquestes i durant el temps establert per la llei amb una durada m\u00ednima de 3 anys.<\/p>\n<p>La base de leg\u00edtimaci\u00f3 per a gestionar les nostres xarxes socials i enviar-li les nostres activitats i novetats \u00e9s el consentiment que ens atorga per a aix\u00f2. L\u2019usuari t\u00e9 dret a revocar el seu consentiment en qualsevol moment sense que aix\u00f2 afecti la licitud del tractament basat en el consentiment previ a la seva retirada.<\/p>\n<\/li>\n<\/ul>\n<p>\u00a0<\/p>\n<h3><strong>Cessi\u00f3 o comunicaci\u00f3 de dades personals i transfer\u00e8ncies internacionals<\/strong><\/h3>\n<p><br \/>Les seves dades no es comunicaran ni seran cedides a tercers, tret que existeixi alguna obligaci\u00f3 legal o a aquells prestadors vinculats al Responsable que actuen com a encarregats del tractament.<\/p>\n<p><br \/>Els nostres servidors estan situats a la Uni\u00f3 Europea, i amb car\u00e0cter general, contractem prestadors de serveis situats tamb\u00e9 dins de l\u2019Espai Econ\u00f2mic Europeu o en pa\u00efsos que han estat declarats amb un nivell adequat de protecci\u00f3.<\/p>\n<p><br \/>Si necessitem utilitzar prove\u00efdors de serveis externs que requereixin la transmissi\u00f3 de dades personals fora de la Uni\u00f3 Europea o en pa\u00efsos que no han estat declarats amb un nivell adequat de protecci\u00f3, ens assegurarem de garantir la seguretat i legitimitat del tractament de les seves dades mitjan\u00e7ant decisions d\u2019adequaci\u00f3, cl\u00e0usules tipus, normes corporatives vinculants, excepcions o qualsevol altre instrument aprovat per l\u2019autoritat de control que ofereixi les garanties adequades per a la realitzaci\u00f3 de la transfer\u00e8ncia internacional de dades.<\/p>\n<h3><br \/><strong>Actualitzaci\u00f3 de dades<\/strong><\/h3>\n<p><br \/>\u00c9s important que perqu\u00e8 puguem mantenir les dades personals actualitzades, l\u2019usuari ens informi sempre que hi hagi hagut alguna modificaci\u00f3 en aquestes, en cas contrari, no responem de la veracitat d\u2019aquestes.<\/p>\n<p><br \/>L\u2019usuari garanteix que les dades personals facilitades s\u00f3n veraces garantint que tota la informaci\u00f3 facilitada correspon amb la situaci\u00f3 real, que est\u00e0 posada al dia i \u00e9s exacta, quedant obligat a comunicar qualsevol modificaci\u00f3.<\/p>\n<p>\u00a0<\/p>\n<h3><strong>Dades de Tercers<\/strong><\/h3>\n<p>\u00a0<\/p>\n<p>Si l\u2019usuari facilita dades de terceres persones per a qualsevol finalitat a LABORATORIOS RAYT, S.A.U., garanteix que ha obtingut aquestes dades de forma l\u00edcita, que ha informat pr\u00e8viament els afectats, obtenint el seu consentiment per a comunicar-les i que la informaci\u00f3 facilitada \u00e9s exacta i vera\u00e7.<\/p>\n<h3><br \/><strong>Car\u00e0cter obligatori de la informaci\u00f3 sol\u00b7licitada<\/strong><\/h3>\n<p><br \/>Tots els nostres formularis compten amb un asterisc (*) en les dades obligat\u00f2ries. Si l\u2019usuari no omple aquests camps, o no marca la casella d\u2019acceptaci\u00f3 de la pol\u00edtica de privacitat, no es permetr\u00e0 l\u2019enviament de la informaci\u00f3.<\/p>\n<h3><br \/><strong>\u00das de les contrasenyes<\/strong><\/h3>\n<p><br \/>Per a poder accedir a l\u2019\u00c0rea Privada, l\u2019USUARI haur\u00e0 de \u201cIniciar Sessi\u00f3\u201d i incloure l\u2019adre\u00e7a del correu electr\u00f2nic i contrasenya generada en el formulari de registre d\u2019acord a les regles de complexitat que s\u2019estableixin a cada moment a la web.<\/p>\n<p><br \/>Els usuaris s\u00f3n responsables de l\u2019adequada cust\u00f2dia i confidencialitat de qualssevol dels identificadors i\/o contrasenyes que hagin seleccionat en el registre, i es comprometen a no cedir el seu \u00fas a tercers, ni permetre el seu acc\u00e9s a persones alienes.<\/p>\n<p><br \/>Aix\u00ed mateix, ser\u00e0 obligaci\u00f3 de l\u2019usuari notificar de forma immediata al Responsable qualsevol fet que permeti l\u2019\u00fas indegut dels identificadors i\/o contrasenyes, tals com el robatori, la p\u00e8rdua, o l\u2019acc\u00e9s no autoritzat a aquests, amb la finalitat de conducta a la seva immediata cancel\u00b7laci\u00f3.<\/p>\n<h3><br \/><strong>Drets dels interessats<\/strong><\/h3>\n<p><br \/>T\u00e9 dret a accedir a les seves dades i a obtenir confirmaci\u00f3 sobre el seu tractament, aix\u00ed com una c\u00f2pia de les dades personals objecte de tractament. T\u00e9 dret a actualitzar-les i a sol\u00b7licitar la rectificaci\u00f3 de les dades que siguin inexactes o sol\u00b7licitar la supressi\u00f3 quan les dades no siguin necess\u00e0ries per a les finalitats per les quals van ser recaptades. Pot sol\u00b7licitar la limitaci\u00f3 en el tractament de les seves dades i oposar-se al tractament d\u2019aquestes revocant el seu consentiment, aix\u00ed com exercir el dret a la portabilitat de les dades. De la mateixa manera, t\u00e9 dret a no ser objecte de decisions basades \u00fanicament en el tractament automatitzat de les seves<br \/>dades personals. Pot exercir els seus drets contactant amb nosaltres C\/ Garriga, 188-200 &#8211; 08910 Badalona (Barcelona). E-mail: info@rayt.com.<\/p>\n<p><br \/>Si considera que els seus drets no s\u2019han at\u00e8s degudament, t\u00e9 dret a presentar una reclamaci\u00f3 davant l\u2019autoritat de control a www.aepd.es.<\/p>\n<h3><br \/><strong>Tractament de dades de Menors d\u2019edat<\/strong><\/h3>\n<p><br \/>Qui facilita les dades a trav\u00e9s dels formularis d\u2019aquesta web i accepta el seu tractament declara ser major de 14 anys, quedant prohibit l\u2019acc\u00e9s i \u00fas del portal a menors d\u2019aquesta edat. Si en algun moment, el Responsable detecta que un menor de 14 anys ha proporcionat dades de car\u00e0cter personal, procedirem a la cancel\u00b7laci\u00f3 d\u2019aquestes. Aix\u00ed mateix, els pares o tutors podran en qualsevol cas dirigir-se a LABORATORIOS RAYT, S.A.U. per a bloquejar el compte d\u2019acc\u00e9s dels menors al seu c\u00e0rrec que s\u2019haguessin registrat falsejant la seva identitat.<\/p>\n<h3><br \/><strong>Xarxes Socials<\/strong><\/h3>\n<p><br \/>L\u2019objecte de les eines com Facebook, Twitter, Instagram, etc. o altres xarxes socials \u00e9s donar visibilitat i difusi\u00f3 a les activitats que desenvolupa la nostra organitzaci\u00f3. Aquestes eines emmagatzenen dades personals en els servidors dels serveis respectius i es regeixen per la seva pr\u00f2pia pol\u00edtica de privacitat. Es recomana la revisi\u00f3 i la lectura de les condicions d\u2019\u00fas i pol\u00edtica de privacitat de la xarxa social en el moment de registrar-se, tenint en compte les diferents possibilitats de configuraci\u00f3 en relaci\u00f3 al grau de privacitat del perfil d\u2019usuari a la xarxa social.<\/p>\n<p><br \/>Aix\u00ed mateix, el Responsable es reserva el dret d\u2019eliminar de les seves xarxes socials qualsevol informaci\u00f3 publicada per tercers que vulneri la legalitat, inciti a fer-ho o contingui missatges que atemptin contra la dignitat de persones o institucions. Com tamb\u00e9 el dret a bloquejar o denunciar el perfil autor d\u2019aquests missatges.<\/p>\n<h3><br \/><strong>Tractament de Cookies<\/strong><\/h3>\n<p><br \/>Una cookie \u00e9s un petit arxiu que es descarrega i emmagatzema en l\u2019ordinador de l\u2019usuari quan aquest accedeix a una p\u00e0gina web.<\/p>\n<p>Les cookies permeten a la web, entre altres coses, emmagatzemar i recuperar informaci\u00f3 sobre els h\u00e0bits de navegaci\u00f3 de l\u2019usuari o del seu equip i, depenent de la informaci\u00f3 que continguin i de la forma en qu\u00e8 utilitzi el seu equip, poden utilitzar-se per a recon\u00e8ixer a l\u2019usuari.<\/p>\n<p><br \/>L\u2019usuari t\u00e9 l\u2019opci\u00f3 d\u2019impedir la generaci\u00f3 de cookies, mitjan\u00e7ant la selecci\u00f3 de la corresponent opci\u00f3 en el seu programa de navegador. Pot obtenir m\u00e9s informaci\u00f3 llegint la nostra <a href=\"\/ca\/politica-de-cookies\/\">Pol\u00edtica de Cookies<\/a>.<\/p>\n<p>\u00a0<\/p>\t\t\t\t\t\t<\/div>\n\t\t\t\t<\/div>\n\t\t\t\t\t<\/div>\n\t\t<\/div>\n\t\t\t\t\t<\/div>\n\t\t<\/section>\n\t\t\t\t<\/div>\n\t\t","protected":false},"excerpt":{"rendered":"<p>POL\u00cdTICA DE PRIVACITAT Responsable del Tractament L\u2019empresa responsable del tractament<\/p>\n","protected":false},"author":1,"featured_media":0,"parent":0,"menu_order":0,"comment_status":"closed","ping_status":"open","template":"elementor_header_footer","meta":{"_acf_changed":false,"footnotes":""},"acf":[],"_links":{"self":[{"href":"https:\/\/rayt.com\/ca\/wp-json\/wp\/v2\/pages\/6397"}],"collection":[{"href":"https:\/\/rayt.com\/ca\/wp-json\/wp\/v2\/pages"}],"about":[{"href":"https:\/\/rayt.com\/ca\/wp-json\/wp\/v2\/types\/page"}],"author":[{"embeddable":true,"href":"https:\/\/rayt.com\/ca\/wp-json\/wp\/v2\/users\/1"}],"replies":[{"embeddable":true,"href":"https:\/\/rayt.com\/ca\/wp-json\/wp\/v2\/comments?post=6397"}],"version-history":[{"count":0,"href":"https:\/\/rayt.com\/ca\/wp-json\/wp\/v2\/pages\/6397\/revisions"}],"wp:attachment":[{"href":"https:\/\/rayt.com\/ca\/wp-json\/wp\/v2\/media?parent=6397"}],"curies":[{"name":"wp","href":"https:\/\/api.w.org\/{rel}","templated":true}]}}