{"id":8021,"date":"2022-09-30T11:50:36","date_gmt":"2022-09-30T11:50:36","guid":{"rendered":"https:\/\/rayt.com\/politica-de-cookies\/"},"modified":"2025-01-14T13:52:53","modified_gmt":"2025-01-14T13:52:53","slug":"politica-de-cookies","status":"publish","type":"page","link":"https:\/\/rayt.com\/ca\/politica-de-cookies\/","title":{"rendered":"Pol\u00edtica de cookies"},"content":{"rendered":"\t\t<div data-elementor-type=\"wp-page\" data-elementor-id=\"8021\" class=\"elementor elementor-8021 elementor-8016\">\n\t\t\t\t\t\t<section class=\"elementor-section elementor-top-section elementor-element elementor-element-787c444 elementor-section-boxed elementor-section-height-default elementor-section-height-default\" data-id=\"787c444\" data-element_type=\"section\">\n\t\t\t\t\t\t<div class=\"elementor-container elementor-column-gap-default\">\n\t\t\t\t\t<div class=\"elementor-column elementor-col-100 elementor-top-column elementor-element elementor-element-8cc1d21\" data-id=\"8cc1d21\" data-element_type=\"column\">\n\t\t\t<div class=\"elementor-widget-wrap elementor-element-populated\">\n\t\t\t\t\t\t<div class=\"elementor-element elementor-element-0a8e29f elementor-widget elementor-widget-spacer\" data-id=\"0a8e29f\" data-element_type=\"widget\" data-widget_type=\"spacer.default\">\n\t\t\t\t<div class=\"elementor-widget-container\">\n\t\t\t\t\t<div class=\"elementor-spacer\">\n\t\t\t<div class=\"elementor-spacer-inner\"><\/div>\n\t\t<\/div>\n\t\t\t\t<\/div>\n\t\t\t\t<\/div>\n\t\t\t\t\t<\/div>\n\t\t<\/div>\n\t\t\t\t\t<\/div>\n\t\t<\/section>\n\t\t\t\t<section class=\"elementor-section elementor-top-section elementor-element elementor-element-d60fc7a elementor-section-boxed elementor-section-height-default elementor-section-height-default\" data-id=\"d60fc7a\" data-element_type=\"section\">\n\t\t\t\t\t\t<div class=\"elementor-container elementor-column-gap-default\">\n\t\t\t\t\t<div class=\"elementor-column elementor-col-100 elementor-top-column elementor-element elementor-element-de43efe\" data-id=\"de43efe\" data-element_type=\"column\">\n\t\t\t<div class=\"elementor-widget-wrap elementor-element-populated\">\n\t\t\t\t\t\t<div class=\"elementor-element elementor-element-73a59af elementor-widget elementor-widget-heading\" data-id=\"73a59af\" data-element_type=\"widget\" data-widget_type=\"heading.default\">\n\t\t\t\t<div class=\"elementor-widget-container\">\n\t\t\t<h2 class=\"elementor-heading-title elementor-size-default\">POL\u00cdTICA DE COOKIES<\/h2>\t\t<\/div>\n\t\t\t\t<\/div>\n\t\t\t\t<div class=\"elementor-element elementor-element-0c7bfb4 elementor-widget-divider--view-line elementor-widget elementor-widget-divider\" data-id=\"0c7bfb4\" data-element_type=\"widget\" data-widget_type=\"divider.default\">\n\t\t\t\t<div class=\"elementor-widget-container\">\n\t\t\t\t\t<div class=\"elementor-divider\">\n\t\t\t<span class=\"elementor-divider-separator\">\n\t\t\t\t\t\t<\/span>\n\t\t<\/div>\n\t\t\t\t<\/div>\n\t\t\t\t<\/div>\n\t\t\t\t\t<\/div>\n\t\t<\/div>\n\t\t\t\t\t<\/div>\n\t\t<\/section>\n\t\t\t\t<section class=\"elementor-section elementor-top-section elementor-element elementor-element-1640c594 elementor-section-boxed elementor-section-height-default elementor-section-height-default\" data-id=\"1640c594\" data-element_type=\"section\">\n\t\t\t\t\t\t<div class=\"elementor-container elementor-column-gap-default\">\n\t\t\t\t\t<div class=\"elementor-column elementor-col-100 elementor-top-column elementor-element elementor-element-771357b3\" data-id=\"771357b3\" data-element_type=\"column\">\n\t\t\t<div class=\"elementor-widget-wrap elementor-element-populated\">\n\t\t\t\t\t\t<div class=\"elementor-element elementor-element-56ff6a94 elementor-widget elementor-widget-text-editor\" data-id=\"56ff6a94\" data-element_type=\"widget\" data-widget_type=\"text-editor.default\">\n\t\t\t\t<div class=\"elementor-widget-container\">\n\t\t\t\t\t\t\t<p>Aquesta pol\u00edtica de galetes t\u00e9 per finalitat informar de manera clara i precisa sobre les galetes que s&#8217;utilitzen a la nostra web.<\/p>\n<p>Utilitzem cookies pr\u00f2pies i de tercers per millorar els nostres serveis, personalitzar el nostre lloc web, facilitar la navegaci\u00f3 dels nostres usuaris, proporcionar-vos una millor experi\u00e8ncia en l&#8217;\u00fas del lloc web, identificar<br \/>\nproblemes per millorar el mateix, fer mesuraments i estad\u00edstiques d\u00fas i mostrar publicitat relacionada amb les seves prefer\u00e8ncies mitjan\u00e7ant lan\u00e0lisi de l\u00fas del lloc web.<\/p>\n<p>Us informem que podem utilitzar cookies en el vostre equip a condici\u00f3 que l&#8217;usuari hagi donat el seu consentiment, excepte en els sup\u00f2sits en qu\u00e8 les cookies siguin necess\u00e0ries per a la navegaci\u00f3 pel nostre lloc web. En cas que presti el seu consentiment, podrem utilitzar galetes que ens permetran tenir m\u00e9s informaci\u00f3 sobre les seves prefer\u00e8ncies i personalitzar el nostre lloc web de conformitat amb els seus interessos individuals.<\/p>\n<h3>QU\u00c8 S\u00d3N LES COOKIES?<\/h3>\n<p>Les cookies i altres tecnologies similars com ara local shared objects, flash cookies o p\u00edxels, s\u00f3n eines emprades pels servidors web per emmagatzemar i recuperar informaci\u00f3 sobre els seus visitants, aix\u00ed com per oferir un correcte funcionament del lloc.<\/p>\n<h3>TIPUS DE COOKIES<\/h3>\n<p>Tipus de cookies en funci\u00f3 de l&#8217;entitat que les gestioni:<\/p>\n<ul>\n<li>Cookies pr\u00f2pies: s\u00f3n les que s&#8217;envien a l&#8217;equip terminal de l&#8217;usuari des d&#8217;un equip o domini gestionat pel titular de la p\u00e0gina web i des de la qual es presta el servei sol\u00b7licitat per l&#8217;usuari.<\/li>\n<li>Cookies de terceros: son aquellas que se env\u00edan al equipo terminal del usuario desde un equipo o dominio que no es gestionado por el titular de la p\u00e1gina web desde la que se presta el servicio solicitado por el usuario, sino por otra entidad que trata los datos obtenidos trav\u00e9s de las cookies. Asimismo, en el caso de que las cookies sean instaladas desde un equipo o dominio gestionado por el propio titular del sitio Web pero la informaci\u00f3n que se recoja mediante \u00e9stas sea gestionada por un tercero, tambi\u00e9n ser\u00e1n consideradas como cookies de terceros.<\/li>\n<\/ul>\n<p>Tipus de cookies segons la finalitat:<\/p>\n<ul>\n<li><strong>Galetes t\u00e8cniques<\/strong>: s\u00f3n aquelles que permeten a l&#8217;usuari la navegaci\u00f3 a trav\u00e9s d&#8217;una p\u00e0gina web, plataforma o aplicaci\u00f3 i la utilitzaci\u00f3 de les diferents opcions o serveis que hi hagi, incloent-hi aquelles que l&#8217;editor utilitza per permetre la gesti\u00f3 i operativa de la p\u00e0gina web i habilitar les seves funcions i serveis, com ara controlar el tr\u00e0nsit i la comunicaci\u00f3 de dades, identificar la sessi\u00f3, accedir a parts d&#8217;acc\u00e9s restringit, recordar els elements que integren una comanda, realitzar el proc\u00e9s de compra d&#8217;una comanda, gestionar el pagament, controlar el frau vinculat a la seguretat del servei, fer la sol\u00b7licitud d&#8217;inscripci\u00f3 o participaci\u00f3 en un esdeveniment, comptar visites a efectes de la facturaci\u00f3 de llic\u00e8ncies del programari amb qu\u00e8 funciona el servei (lloc web, plataforma o aplicaci\u00f3) , utilitzar elements de seguretat durant la navegaci\u00f3, emmagatzemar continguts per a la difusi\u00f3 de v\u00eddeos o so, habilitar continguts din\u00e0mics (per exemple, animaci\u00f3 de c\u00e0rrega d&#8217;un text o imatge) o compartir continguts a trav\u00e9s de xarxes socials.Tamb\u00e9 pertanyen a aquesta categoria, per la seva naturalesa t\u00e8cnica, aquelles galetes que permeten la gesti\u00f3, de la forma m\u00e9s efica\u00e7 possible, dels espais publicitaris que, com un element m\u00e9s de disseny o \u201cmaquetaci\u00f3\u201d del servei ofert a l&#8217;usuari, l&#8217;editor hagi incl\u00f2s en una p\u00e0gina web, aplicaci\u00f3 o plataforma en base a criteris com el contingut editat, sense que es recopili informaci\u00f3 dels usuaris amb finalitats diferents, com ara personalitzar aquest contingut publicitari o altres continguts.<\/li>\n<li><strong>Galetes de prefer\u00e8ncies o personalitzaci\u00f3<\/strong>: s\u00f3n aquelles que permeten recordar informaci\u00f3 perqu\u00e8 l&#8217;usuari accedeixi al servei amb determinades caracter\u00edstiques que poden diferenciar la seva experi\u00e8ncia de la d&#8217;altres usuaris, com ara l&#8217;idioma, el nombre de resultats a mostrar quan l&#8217;usuari realitza una cerca, l&#8217;aspecte o el contingut del servei en funci\u00f3 del tipus de navegador a trav\u00e9s del qual l&#8217;usuari accedeix al servei o de la regi\u00f3 des de la qual accedeix al servei, etc.<\/li>\n<li><strong>Galetes d&#8217;an\u00e0lisi o mesura<\/strong>: s\u00f3n aquelles que permeten al responsable de les mateixes el seguiment i l&#8217;an\u00e0lisi del comportament dels usuaris dels llocs web als quals estan vinculades, inclosa la quantificaci\u00f3 dels impactes dels anuncis. La informaci\u00f3 recollida mitjan\u00e7ant aquest tipus de galetes s&#8217;utilitza en el mesurament de l&#8217;activitat dels llocs web, aplicaci\u00f3 o plataforma, per introduir millores en funci\u00f3 de l&#8217;an\u00e0lisi de les dades d&#8217;\u00fas que fan els usuaris del servei.<\/li>\n<li><strong>Cookies de publicitat comportamental<\/strong>: s\u00f3n aquelles que permeten la gesti\u00f3, de la manera m\u00e9s efica\u00e7 possible, dels espais publicitaris que hi ha a la p\u00e0gina web. Aquestes cookies emmagatzemen informaci\u00f3 del comportament dels usuaris obtinguda a trav\u00e9s de l&#8217;observaci\u00f3 continuada dels seus h\u00e0bits de navegaci\u00f3, cosa que permet desenvolupar un perfil espec\u00edfic per mostrar publicitat en funci\u00f3 del mateix.<\/li>\n<li><strong>Cookies de geolocalitzaci\u00f3<\/strong>: s&#8217;utilitzen per saber en quin lloc es troba un usuari quan sol\u00b7licita un servei. Aquesta galeta \u00e9s an\u00f2nima i s&#8217;usa per exemple per oferir-vos la informaci\u00f3 adequada depenent del pa\u00eds on us trobeu.<\/li>\n<\/ul>\n<p><strong>Tipus de cookies segons termini de temps que romanen activades<\/strong>:<\/p>\n<ul>\n<li><strong>Cookies de sessi\u00f3<\/strong>: s\u00f3n aquelles dissenyades per demanar i emmagatzemar dades mentre l&#8217;usuari accedeix a una p\u00e0gina web. Se solen emprar per emmagatzemar informaci\u00f3 que nom\u00e9s interessa conservar per a la prestaci\u00f3 del servei sol\u00b7licitat per l&#8217;usuari en una sola ocasi\u00f3 (per exemple, una llista de productes adquirits) i desapareixen en acabar la sessi\u00f3.<\/li>\n<li><strong>Cookies persistents<\/strong>: s\u00f3n aquelles en qu\u00e8 les dades segueixen emmagatzemades al terminal i poden ser accedides i tractades durant un per\u00edode definit pel responsable de la galeta, i que pot anar d&#8217;uns minuts a diversos anys.<\/li>\n<\/ul>\n<h3>COOKIES UTILITZADES A LA NOSTRA WEB<\/h3>\n<p><strong>Cookies obligat\u00f2ries<\/strong>:<\/p>\n<table border=\"1\" cellspacing=\"0\" cellpadding=\"20\">\n<tbody>\n<tr>\n<td>Nom<\/td>\n<td>Host<\/td>\n<td>Duraci\u00f3<\/td>\n<td>Tipo<\/td>\n<td>Finalitat<\/td>\n<\/tr>\n<tr>\n<td>CookieConsent<\/td>\n<td>Cookiebot<\/td>\n<td>1 a\u00f1o<\/td>\n<td>HTTP<\/td>\n<td>Almacena el estado de consentimiento de cookies del usuario para el dominio actual<\/td>\n<\/tr>\n<tr>\n<td>_GRECAPTCHA<\/td>\n<td>Google<\/td>\n<td>180 d\u00edas<\/td>\n<td>HTTP<\/td>\n<td>Esta cookie se utiliza para distinguir entre humanos y bots. Esto es beneficioso para la web con el objeto de elaborar informes v\u00e1lidos sobre el uso de su web.<\/td>\n<\/tr>\n<tr>\n<td>rc::a<\/td>\n<td>Google<\/td>\n<td>Persistente<\/td>\n<td>HTML<\/td>\n<td>Esta cookie se utiliza para distinguir entre humanos y bots. Esto es beneficioso para la web con el objeto de elaborar informes v\u00e1lidos sobre el uso de su web.<\/td>\n<\/tr>\n<tr>\n<td>rc::b<\/td>\n<td>Google<\/td>\n<td>Session<\/td>\n<td>HTML<\/td>\n<td>Esta cookie se utiliza para distinguir entre humanos y bots.<\/td>\n<\/tr>\n<tr>\n<td>rc::c<\/td>\n<td>Google<\/td>\n<td>Session<\/td>\n<td>HTML<\/td>\n<td>Esta cookie se utiliza para distinguir entre humanos y bots.<\/td>\n<\/tr>\n<tr>\n<td>_grecaptcha<\/td>\n<td>Rayt.com<\/td>\n<td>Persistente<\/td>\n<td>HTML<\/td>\n<td>Esta cookie se utiliza para distinguir entre humanos y bots. Esto es beneficioso para la web con el objeto de elaborar informes v\u00e1lidos sobre el uso de su web.<\/td>\n<\/tr>\n<tr>\n<td>wc_cart_hash_#<\/td>\n<td>Rayt.com<\/td>\n<td>Persistente<\/td>\n<td>HTML<\/td>\n<td>Pendiente<\/td>\n<\/tr>\n<tr>\n<td>wc_fragments_#<\/td>\n<td>Rayt.com<\/td>\n<td>Session<\/td>\n<td>HTML<\/td>\n<td>Pendiente<\/td>\n<\/tr>\n<\/tbody>\n<\/table>\n<p><strong>Cookies de prefer\u00e8ncies:<\/strong><\/p>\n<table border=\"1\" cellspacing=\"0\" cellpadding=\"20\">\n<tbody>\n<tr>\n<td>Nom<\/td>\n<td>Host<\/td>\n<td>Duraci\u00f3<\/td>\n<td>Tipo<\/td>\n<td>Finalitat<\/td>\n<\/tr>\n<tr>\n<td>wp-wpml_current_language<\/td>\n<td>Rayt.com<\/td>\n<td>1 d\u00edas<\/td>\n<td>HTTP<\/td>\n<td>Designa el c\u00f3digo de pa\u00eds que se calcula seg\u00fan la direcci\u00f3n IP del usuario. Utilizada para determinar qu\u00e9 idioma deber\u00eda usarse para usuarios.<\/td>\n<\/tr>\n<\/tbody>\n<\/table>\n<p><strong>Cookies d&#8217;estad\u00edstica:<\/strong><\/p>\n<table border=\"1\" cellspacing=\"0\" cellpadding=\"20\">\n<tbody>\n<tr>\n<td>Nom<\/td>\n<td>Host<\/td>\n<td>Duraci\u00f3<\/td>\n<td>Tipo<\/td>\n<td>Finalitat<\/td>\n<\/tr>\n<tr>\n<td>_ga<\/td>\n<td>Rayt.com<\/td>\n<td>400 d\u00edas<\/td>\n<td>HTTP<\/td>\n<td>Registra una identificaci\u00f3n \u00fanica que se utiliza para generar datos estad\u00edsticos acerca de c\u00f3mo utiliza el visitante el sitio web.<\/td>\n<\/tr>\n<tr>\n<td>_gat<\/td>\n<td>Rayt.com<\/td>\n<td>1 d\u00eda<\/td>\n<td>HTTP<\/td>\n<td>Utilizado por Google Analytics para controlar la tasa de peticiones<\/td>\n<\/tr>\n<tr>\n<td>_gid<\/td>\n<td>Rayt.com<\/td>\n<td>1 d\u00eda<\/td>\n<td>HTTP<\/td>\n<td>Registra una identificaci\u00f3n \u00fanica que se utiliza para generar datos estad\u00edsticos acerca de c\u00f3mo utiliza el visitante el sitio web.<\/td>\n<\/tr>\n<\/tbody>\n<\/table>\n<h3><\/h3>\n<h3>COM ES DESHABILITEN LES COOKIES ALS NAVEGADORS?<\/h3>\n<p>L&#8217;usuari pot, en qualsevol moment, permetre, bloquejar o eliminar les cookies instal\u00b7lades al vostre equip mitjan\u00e7ant la modificaci\u00f3 dels par\u00e0metres de configuraci\u00f3 del navegador instal\u00b7lat al vostre ordinador:<\/p>\n<ul>\n<li><a href=\"https:\/\/support.google.com\/chrome\/answer\/95647?hl=es&amp;sc_ref_bbva=https%3A%2F%2Fwww.bbva.es%2Fsistema%2Fmeta%2Faviso-legal%2Findex.jsp\">Chrome<\/a> Configuraci\u00f3 -&gt; Mostrar opcions avan\u00e7ades -&gt; Privadesa -&gt; Configuraci\u00f3 del contingut.<br \/>\nPer a m\u00e9s informaci\u00f3, podeu consultar\u00a0<a href=\"https:\/\/support.google.com\/chrome\/answer\/95647?hl=es&amp;ref_topic=3434352\">el suport de Google<\/a> o l&#8217;ajuda del navegador.<\/li>\n<li><a href=\"https:\/\/www.microsoft.com\/es-es\/edge\">Edge<\/a> Eines -&gt; Opcions d&#8217;Internet -&gt; Privadesa -&gt; Configuraci\u00f3.<br \/>\nPer a m\u00e9s informaci\u00f3, podeu consultar\u00a0<a href=\"http:\/\/windows.microsoft.com\/es-es\/internet-explorer\/delete-managecookies#ie=ie-11\">el suport de Microsoft<\/a> o l&#8217;ajuda del navegador.<\/li>\n<li><a href=\"http:\/\/support.mozilla.org\/es\/kb\/habilitar-y-deshabilitar-cookies-que-los-sitios-we?sc_ref_bbva=https%3A%2F%2Fwww.bbva.es%2Fsistema%2Fmeta%2Faviso-legal%2Findex.jsp\">Firefox<\/a>: Eines -&gt;Opcions -&gt; Privadesa -&gt; Historial -&gt; Configuraci\u00f3 Personalitzada.<br \/>\nPer a m\u00e9s informaci\u00f3, podeu consultar <a href=\"https:\/\/support.mozilla.org\/es\/\">el suport de Mozilla<\/a> o l&#8217;ajuda del navegador.<\/li>\n<li><a href=\"http:\/\/support.apple.com\/kb\/ph5042?sc_ref_bbva=https%3A%2F%2Fwww.bbva.es%2Fsistema%2Fmeta%2Faviso-legal%2Findex.jsp\">Safari<\/a> Prefer\u00e8ncies -&gt; Seguretat.<br \/>\nPer a m\u00e9s informaci\u00f3, podeu consultar <a href=\"https:\/\/support.apple.com\/es-es\/HT201265\">el suport d&#8217;Apple<\/a> o l&#8217;ajuda del navegador.<\/li>\n<\/ul>\n<p>La desactivaci\u00f3 de les galetes no impedeix la navegaci\u00f3 pel lloc web, encara que l&#8217;\u00fas d&#8217;alguns dels seus serveis podr\u00e0 ser limitat i, per tant, la vostra experi\u00e8ncia de navegaci\u00f3 podr\u00e0 ser menys satisfact\u00f2ria.<\/p>\n<h3>RETIRAR EL CONSENTIMENT<\/h3>\n<p>L&#8217;usuari podr\u00e0 retirar en qualsevol moment el seu consentiment relacionat amb la Pol\u00edtica de Cookies, i podr\u00e0 eliminar les cookies emmagatzemades al vostre equip a trav\u00e9s dels ajustaments i configuracions del vostre navegador d&#8217;Internet, indicats anteriorment.<\/p>\n<p>Aquesta Pol\u00edtica de Cookies es podr\u00e0 modificar quan aix\u00ed ho exigeixi la legislaci\u00f3 vigent en cada moment o quan hi hagu\u00e9s alguna variaci\u00f3 en el tipus de cookies utilitzades al lloc web. Per aix\u00f2, us recomanem revisar aquesta pol\u00edtica cada vegada que accediu al nostre lloc web amb l&#8217;objectiu d&#8217;estar adequadament informat sobre com i per a qu\u00e8 fem servir les cookies.<\/p>\n\t\t\t\t\t\t<\/div>\n\t\t\t\t<\/div>\n\t\t\t\t\t<\/div>\n\t\t<\/div>\n\t\t\t\t\t<\/div>\n\t\t<\/section>\n\t\t\t\t<\/div>\n\t\t","protected":false},"excerpt":{"rendered":"<p>POL\u00cdTICA DE COOKIES Aquesta pol\u00edtica de galetes t\u00e9 per finalitat<\/p>\n","protected":false},"author":4,"featured_media":0,"parent":0,"menu_order":0,"comment_status":"closed","ping_status":"closed","template":"elementor_header_footer","meta":{"_acf_changed":false,"footnotes":""},"acf":[],"_links":{"self":[{"href":"https:\/\/rayt.com\/ca\/wp-json\/wp\/v2\/pages\/8021"}],"collection":[{"href":"https:\/\/rayt.com\/ca\/wp-json\/wp\/v2\/pages"}],"about":[{"href":"https:\/\/rayt.com\/ca\/wp-json\/wp\/v2\/types\/page"}],"author":[{"embeddable":true,"href":"https:\/\/rayt.com\/ca\/wp-json\/wp\/v2\/users\/4"}],"replies":[{"embeddable":true,"href":"https:\/\/rayt.com\/ca\/wp-json\/wp\/v2\/comments?post=8021"}],"version-history":[{"count":3,"href":"https:\/\/rayt.com\/ca\/wp-json\/wp\/v2\/pages\/8021\/revisions"}],"predecessor-version":[{"id":8499,"href":"https:\/\/rayt.com\/ca\/wp-json\/wp\/v2\/pages\/8021\/revisions\/8499"}],"wp:attachment":[{"href":"https:\/\/rayt.com\/ca\/wp-json\/wp\/v2\/media?parent=8021"}],"curies":[{"name":"wp","href":"https:\/\/api.w.org\/{rel}","templated":true}]}}