{"id":8415,"date":"2024-12-19T09:42:24","date_gmt":"2024-12-19T09:42:24","guid":{"rendered":"https:\/\/rayt.com\/politica-xarxes-socials\/"},"modified":"2024-12-19T09:42:27","modified_gmt":"2024-12-19T09:42:27","slug":"politica-xarxes-socials","status":"publish","type":"page","link":"https:\/\/rayt.com\/ca\/politica-xarxes-socials\/","title":{"rendered":"Pol\u00edtica Xarxes Socials"},"content":{"rendered":"\t\t<div data-elementor-type=\"wp-page\" data-elementor-id=\"8415\" class=\"elementor elementor-8415 elementor-8406\">\n\t\t\t\t\t\t<section class=\"elementor-section elementor-top-section elementor-element elementor-element-ecc43c9 elementor-section-boxed elementor-section-height-default elementor-section-height-default\" data-id=\"ecc43c9\" data-element_type=\"section\">\n\t\t\t\t\t\t<div class=\"elementor-container elementor-column-gap-default\">\n\t\t\t\t\t<div class=\"elementor-column elementor-col-100 elementor-top-column elementor-element elementor-element-962657e\" data-id=\"962657e\" data-element_type=\"column\">\n\t\t\t<div class=\"elementor-widget-wrap elementor-element-populated\">\n\t\t\t\t\t\t<div class=\"elementor-element elementor-element-8e70b3e elementor-widget elementor-widget-spacer\" data-id=\"8e70b3e\" data-element_type=\"widget\" data-widget_type=\"spacer.default\">\n\t\t\t\t<div class=\"elementor-widget-container\">\n\t\t\t\t\t<div class=\"elementor-spacer\">\n\t\t\t<div class=\"elementor-spacer-inner\"><\/div>\n\t\t<\/div>\n\t\t\t\t<\/div>\n\t\t\t\t<\/div>\n\t\t\t\t\t<\/div>\n\t\t<\/div>\n\t\t\t\t\t<\/div>\n\t\t<\/section>\n\t\t\t\t<section class=\"elementor-section elementor-top-section elementor-element elementor-element-7620400 elementor-section-boxed elementor-section-height-default elementor-section-height-default\" data-id=\"7620400\" data-element_type=\"section\">\n\t\t\t\t\t\t<div class=\"elementor-container elementor-column-gap-default\">\n\t\t\t\t\t<div class=\"elementor-column elementor-col-100 elementor-top-column elementor-element elementor-element-99f4a42\" data-id=\"99f4a42\" data-element_type=\"column\">\n\t\t\t<div class=\"elementor-widget-wrap elementor-element-populated\">\n\t\t\t\t\t\t<div class=\"elementor-element elementor-element-8180e0d elementor-widget elementor-widget-heading\" data-id=\"8180e0d\" data-element_type=\"widget\" data-widget_type=\"heading.default\">\n\t\t\t\t<div class=\"elementor-widget-container\">\n\t\t\t<h2 class=\"elementor-heading-title elementor-size-default\">Pol\u00edtica de Xarxes Socials<\/h2>\t\t<\/div>\n\t\t\t\t<\/div>\n\t\t\t\t<div class=\"elementor-element elementor-element-920b7b1 elementor-widget-divider--view-line elementor-widget elementor-widget-divider\" data-id=\"920b7b1\" data-element_type=\"widget\" data-widget_type=\"divider.default\">\n\t\t\t\t<div class=\"elementor-widget-container\">\n\t\t\t\t\t<div class=\"elementor-divider\">\n\t\t\t<span class=\"elementor-divider-separator\">\n\t\t\t\t\t\t<\/span>\n\t\t<\/div>\n\t\t\t\t<\/div>\n\t\t\t\t<\/div>\n\t\t\t\t\t<\/div>\n\t\t<\/div>\n\t\t\t\t\t<\/div>\n\t\t<\/section>\n\t\t\t\t<section class=\"elementor-section elementor-top-section elementor-element elementor-element-36d94a elementor-section-boxed elementor-section-height-default elementor-section-height-default\" data-id=\"36d94a\" data-element_type=\"section\">\n\t\t\t\t\t\t<div class=\"elementor-container elementor-column-gap-default\">\n\t\t\t\t\t<div class=\"elementor-column elementor-col-100 elementor-top-column elementor-element elementor-element-581c072d\" data-id=\"581c072d\" data-element_type=\"column\">\n\t\t\t<div class=\"elementor-widget-wrap elementor-element-populated\">\n\t\t\t\t\t\t<div class=\"elementor-element elementor-element-6615513f elementor-widget elementor-widget-text-editor\" data-id=\"6615513f\" data-element_type=\"widget\" data-widget_type=\"text-editor.default\">\n\t\t\t\t<div class=\"elementor-widget-container\">\n\t\t\t\t\t\t\t<h2>1. INFORMACI\u00d3 A LA PERSONA USU\u00c0RIA<\/h2>\n<h3>Qui \u00e9s el responsable del tractament de les seves dades personals?<\/h3>\n<p>LABORATORIOS RAYT, S.A.U. ser\u00e0 el responsable del tractament de les dades personals d\u2019aquelles PERSONES que han procedit a crear un perfil en qualsevol de les seves xarxes socials. Les mateixes seran tractades de conformitat amb el que es disposa en el Reglament (UE) 2016\/679, de 27 d\u2019abril (GDPR), la Llei org\u00e0nica 3\/2018, de 5 de desembre (LOPDGDD), i la Llei de Serveis de la Societat de la Informaci\u00f3 i Comer\u00e7 Electr\u00f2nic (LSSI), facilitant la seg\u00fcent informaci\u00f3 del tractament:<\/p>\n<h3>Per a qu\u00e8 tractem les seves dades personals?<\/h3>\n<p><strong>Finalitat del tractament<\/strong>: per a mantenir una relaci\u00f3 entre la PERSONA USU\u00c0RIA i LABORATORIOS RAYT, S.A.U. (d\u2019ara endavant el RESPONSABLE) que pot incloure les seg\u00fcents operacions:<\/p>\n<ul>\n<li>Tramitar sol\u00b7licituds i consultes plantejades al responsable<\/li>\n<li>Informar sobre activitats i esdeveniments organitzats pel responsable<\/li>\n<li>Informar sobre productes o serveis oferts pel responsable<\/li>\n<li>Interactuar a trav\u00e9s dels perfils oficials<\/li>\n<\/ul>\n<p>Quan el RESPONSABLE recopili i tracti dades personals a trav\u00e9s de les seves xarxes socials, les PERSONES USU\u00c0RIES seran informades sobre la finalitat de la recopilaci\u00f3 de dades, aix\u00ed com sobre els seus drets en relaci\u00f3 a les seves dades personals. Les dades personals s\u2019utilitzaran \u00fanicament per als fins indicats i es mantindran de manera segura.<\/p>\n<p><strong>Base Jur\u00eddica del Tractament<\/strong>: el consentiment expl\u00edcit atorgat per la PERSONA USU\u00c0RIA per al tractament de les seves dades personals per a un o diversos fins espec\u00edfics (article 6.1.a GDPR).<\/p>\n<p>D\u2019altra banda, la PERSONA USU\u00c0RIA pot accedir en tot moment a les pol\u00edtiques de privacitat de la pr\u00f2pia xarxa social, aix\u00ed com configurar el seu perfil per a garantir la seva privacitat.<\/p>\n<h3>Durant quant temps guardarem les seves dades personals?<\/h3>\n<p><strong>Criteris de conservaci\u00f3 de les dades<\/strong>: es conservaran mentre la PERSONA USU\u00c0RIA no revoqui el consentiment prestat tal com s\u2019indica en aquesta pol\u00edtica de privacitat.<\/p>\n<h3>A qui facilitem les seves dades personals?<\/h3>\n<p><strong>Comunicaci\u00f3 de les dades<\/strong>: la informaci\u00f3 facilitada per la PERSONA USU\u00c0RIA a trav\u00e9s de les xarxes socials del RESPONSABLE, inclosos les seves dades personals, pot ser publicada, sempre en funci\u00f3 dels serveis que la<br \/>\nPERSONA USU\u00c0RIA utilitzi. Per la qual cosa, podr\u00e0 quedar a disposici\u00f3 p\u00fablica d\u2019uns altres tercers usuaris de les xarxes socials. Des del perfil de cada xarxa social, la PERSONA USU\u00c0RIA pot configurar quina informaci\u00f3 vol fer<br \/>\np\u00fablica en cada cas, veure els permisos que s\u2019han concedit, eliminar-los o desactivar-los, com qualsevol aplicaci\u00f3 d\u2019un tercer que ja no es desitja utilitzar.<\/p>\n<p>No obstant aix\u00f2, no est\u00e0 prevista cap comunicaci\u00f3 de dades personals a tercers fora de la xarxa social, excepte, si fos imprescindible per al desenvolupament i execuci\u00f3 de les finalitats del tractament, als nostres prove\u00efdors de serveis relacionats amb comunicacions, amb els quals el RESPONSABLE t\u00e9 subscrits els contractes de confidencialitat i d\u2019encarregat de tractament exigits per la normativa vigent de privacitat.<\/p>\n<h3>Quins s\u00f3n els seus drets?<\/h3>\n<p><strong>Drets que assisteixen a la PERSONA USU\u00c0RIA<\/strong>: nom\u00e9s podran satisfer-se en relaci\u00f3 a aquella informaci\u00f3 que es trobi sota el control del RESPONSABLE.<\/p>\n<ul>\n<li>Dret a retirar el consentiment en qualsevol moment.<\/li>\n<li>Dret d\u2019acc\u00e9s, rectificaci\u00f3, portabilitat i supressi\u00f3 de les seves dades, i de limitaci\u00f3 o oposici\u00f3 al seu tractament.<\/li>\n<li>Dret a presentar una reclamaci\u00f3 davant l\u2019autoritat de control (www.aepd.es) si considera que el tractament no s\u2019ajusta a la normativa vigent.<\/li>\n<\/ul>\n<p><strong>Dades de contacte per a exercir els seus drets:<\/strong><br \/>\nLABORATORIOS RAYT, S.A.U. C\/ Garriga, 188-200 &#8211; 08910 Badalona (Barcelona). E-mail: info@rayt.com<br \/>\nLa pol\u00edtica de privacitat completa es troba disponible en rayt.com<\/p>\n<h3>2. UTILITZACI\u00d3 DEL PERFIL<\/h3>\n<p>El RESPONSABLE realitzar\u00e0 les seg\u00fcents actuacions:<\/p>\n<ul>\n<li>Acc\u00e9s a la informaci\u00f3 p\u00fablica del perfil.<\/li>\n<li>Publicaci\u00f3 en el perfil de la PERSONA USU\u00c0RIA de tota aquella informaci\u00f3 ja publicada en la xarxa social del RESPONSABLE.<\/li>\n<li>Enviar missatges personals i individuals a trav\u00e9s dels canals de la xarxa social.<\/li>\n<li>Actualitzacions de l\u2019estat de la p\u00e0gina que es publicaran en el perfil de la PERSONA USU\u00c0RIA.<\/li>\n<\/ul>\n<p>La PERSONA USU\u00c0RIA sempre pot controlar les seves connexions, eliminar els continguts que deixin d\u2019interessar-li i restringir amb qui comparteix les seves connexions; per a aix\u00f2 haur\u00e0 d\u2019accedir a la seva configuraci\u00f3 on trobar\u00e0 diferents possibilitats de configuraci\u00f3 en relaci\u00f3 al grau de privacitat del perfil d\u2019usuari en la xarxa social.<\/p>\n<h3>3. PUBLICACIONS<\/h3>\n<p>L\u2019objecte de les xarxes socials, \u00e9s donar visibilitat i difusi\u00f3 a les activitats que desenvolupa el RESPONSABLE. Aquestes eines emmagatzemen dades personals en els servidors dels serveis respectius i es regeixen per la seva<br \/>\npr\u00f2pia pol\u00edtica de privacitat.<\/p>\n<p>La PERSONA USU\u00c0RIA, una vegada sigui seguidora o s\u2019hagi unit a la xarxa social del RESPONSABLE, podr\u00e0 publicar en aquesta, comentaris, enlla\u00e7os, imatges, fotografies o qualsevol altre tipus de contingut multim\u00e8dia suportat per aquesta. La PERSONA USU\u00c0RIA en tots els casos, ha de ser la titular del contingut publicat, gaudir dels drets d\u2019autor i de propietat intel\u00b7lectual o comptar amb el consentiment dels tercers afectats.<\/p>\n<p>Es prohibeix expressament qualsevol publicaci\u00f3 en la xarxa social, ja siguin textos, gr\u00e0fics, fotografies, v\u00eddeos, etc. que atemptin o siguin susceptibles d\u2019atemptar contra la moral, l\u2019\u00e8tica, el bon gust o el dec\u00f2rum, i\/o que<br \/>\ninfringeixin, violin o infringeixin els drets de propietat intel\u00b7lectual o industrial, el dret a la imatge o la Llei. No es toleraran comentaris o contingut ofensiu, difamatori, il\u00b7legal o inapropiat en els perfils de l\u2019empresa. L\u2019Empresa es reserva el dret d\u2019eliminar aquests comentaris o contingut i bloquejar als usuaris responsables.<\/p>\n<p>En aquests casos, el RESPONSABLE es reserva el dret a retirar immediatament el contingut, sense comunicaci\u00f3 pr\u00e8via, podent sol\u00b7licitar el bloqueig permanent de la PERSONA USU\u00c0RIA.<\/p>\n<p>El RESPONSABLE no es far\u00e0 responsable dels continguts que lliurement ha publicat la PERSONA USU\u00c0RIA.<\/p>\n<p>La PERSONA USU\u00c0RIA ha de tenir present que les seves publicacions seran conegudes per altres usuaris, per la qual cosa ell mateix \u00e9s el principal responsable de la seva privacitat.<\/p>\n<p>Les imatges que puguin publicar-se en la xarxa social no seran emmagatzemades en cap fitxer per part del RESPONSABLE, per\u00f2 si que romandran en la xarxa social.<\/p>\n<h3>4. DADES DE MENORS D\u2019EDAT O PERSONES AMB CAPACITATS ESPECIALS<\/h3>\n<p>Es recomana la revisi\u00f3 i la lectura de les condicions d\u2019\u00fas i pol\u00edtica de privacitat de cada xarxa social en el moment de registre, tenint en compte els diferents requisits d\u2019edat per a la realitzaci\u00f3 d\u2019aquest.<\/p>\n<p>Aix\u00ed mateix, el RESPONSABLE quedar\u00e0 expressament exonerat de qualsevol responsabilitat que pogu\u00e9s derivar-se de l\u2019\u00fas de les xarxes socials per part de menors o persones amb capacitats especials i l\u2019acc\u00e9s de les quals hauria de realitzar-se sota la supervisi\u00f3 i control dels seus representants legals.<\/p>\n<p>El RESPONSABLE es reserva el dret de modificar aquesta pol\u00edtica en qualsevol moment. Els canvis seran<br \/>\ncomunicats a trav\u00e9s dels nostres perfils de xarxes socials i\/o el nostre lloc web.<\/p>\n\t\t\t\t\t\t<\/div>\n\t\t\t\t<\/div>\n\t\t\t\t\t<\/div>\n\t\t<\/div>\n\t\t\t\t\t<\/div>\n\t\t<\/section>\n\t\t\t\t<\/div>\n\t\t","protected":false},"excerpt":{"rendered":"<p>Pol\u00edtica de Xarxes Socials 1. INFORMACI\u00d3 A LA PERSONA USU\u00c0RIA<\/p>\n","protected":false},"author":1,"featured_media":0,"parent":0,"menu_order":0,"comment_status":"closed","ping_status":"closed","template":"elementor_header_footer","meta":{"_acf_changed":false,"footnotes":""},"acf":[],"_links":{"self":[{"href":"https:\/\/rayt.com\/ca\/wp-json\/wp\/v2\/pages\/8415"}],"collection":[{"href":"https:\/\/rayt.com\/ca\/wp-json\/wp\/v2\/pages"}],"about":[{"href":"https:\/\/rayt.com\/ca\/wp-json\/wp\/v2\/types\/page"}],"author":[{"embeddable":true,"href":"https:\/\/rayt.com\/ca\/wp-json\/wp\/v2\/users\/1"}],"replies":[{"embeddable":true,"href":"https:\/\/rayt.com\/ca\/wp-json\/wp\/v2\/comments?post=8415"}],"version-history":[{"count":3,"href":"https:\/\/rayt.com\/ca\/wp-json\/wp\/v2\/pages\/8415\/revisions"}],"predecessor-version":[{"id":8418,"href":"https:\/\/rayt.com\/ca\/wp-json\/wp\/v2\/pages\/8415\/revisions\/8418"}],"wp:attachment":[{"href":"https:\/\/rayt.com\/ca\/wp-json\/wp\/v2\/media?parent=8415"}],"curies":[{"name":"wp","href":"https:\/\/api.w.org\/{rel}","templated":true}]}}