{"id":1134,"date":"2020-10-27T14:22:41","date_gmt":"2020-11-19T10:48:53","guid":{"rendered":"http:\/\/rayt.com\/?post_type=product&#038;p=1134"},"modified":"2020-11-20T11:43:45","modified_gmt":"2020-11-20T11:43:45","slug":"uzin-kr-416","status":"publish","type":"product","link":"https:\/\/rayt.com\/ca\/producto\/uzin-kr-416\/","title":{"rendered":"UZIN KR 416"},"content":{"rendered":"<p>Resina acr\u00edlica bicomponent per al segellament, el farciment i la reparaci\u00f3 d&#8217;esquerdes de fins a 1 mm de gruix, en combinaci\u00f3 amb les grapes UZIN. Aplicable sobre soleres d&#8217;obra (formig\u00f3, ciment, terratzo, cer\u00e0mica\u2026).<\/p>\n<h4>CARACTER\u00cdSTIQUES<\/h4>\n<p>Enduriment r\u00e0pid (reacci\u00f3 sense temperatura). Adequat per a interiors i exteriors. Producte no est\u00e0ndard, se subministra sota comanda. Termini estimat: 15 dies. Temps de treball: 10-20 minuts. Transitable: 1 hora. Assecatge: enduriment final, 12-24 hores.<\/p>\n","protected":false},"excerpt":{"rendered":"<p>Resina acr\u00edlica bicomponent per al segellament, el farciment i la<\/p>\n","protected":false},"featured_media":1135,"comment_status":"open","ping_status":"closed","template":"","meta":{"_acf_changed":false},"product_cat":[315,321,318],"product_tag":[],"acf":[],"_links":{"self":[{"href":"https:\/\/rayt.com\/ca\/wp-json\/wp\/v2\/product\/1134"}],"collection":[{"href":"https:\/\/rayt.com\/ca\/wp-json\/wp\/v2\/product"}],"about":[{"href":"https:\/\/rayt.com\/ca\/wp-json\/wp\/v2\/types\/product"}],"replies":[{"embeddable":true,"href":"https:\/\/rayt.com\/ca\/wp-json\/wp\/v2\/comments?post=1134"}],"wp:featuredmedia":[{"embeddable":true,"href":"https:\/\/rayt.com\/ca\/wp-json\/wp\/v2\/media\/1135"}],"wp:attachment":[{"href":"https:\/\/rayt.com\/ca\/wp-json\/wp\/v2\/media?parent=1134"}],"wp:term":[{"taxonomy":"product_cat","embeddable":true,"href":"https:\/\/rayt.com\/ca\/wp-json\/wp\/v2\/product_cat?post=1134"},{"taxonomy":"product_tag","embeddable":true,"href":"https:\/\/rayt.com\/ca\/wp-json\/wp\/v2\/product_tag?post=1134"}],"curies":[{"name":"wp","href":"https:\/\/api.w.org\/{rel}","templated":true}]}}