{"id":1157,"date":"2020-11-16T09:05:49","date_gmt":"2020-11-20T09:45:52","guid":{"rendered":"http:\/\/rayt.com\/?post_type=product&#038;p=1157"},"modified":"2021-02-24T08:31:59","modified_gmt":"2021-02-24T08:31:59","slug":"blumecril-suelos-y-paredes-c-1346-a","status":"publish","type":"product","link":"https:\/\/rayt.com\/ca\/producto\/blumecril-suelos-y-paredes-c-1346-a\/","title":{"rendered":"Blumecril suelos y paredes C-1346-A"},"content":{"rendered":"<p>Emprimaci\u00f3 universal en base de resines sint\u00e8tiques en dispersi\u00f3 aquosa. Refor\u00e7a la base i limita l&#8217;absorci\u00f3 de la superf\u00edcie, com a pont d&#8217;uni\u00f3 per a les capes de pastes anivelladores, per a superf\u00edcies de terratzo, cer\u00e0mica, formig\u00f3, arrebossats de guix, plafons de cart\u00f3 guix, anhidrita (sulfat de calci), etc.<\/p>\n<h4>CARACTER\u00cdSTIQUES<\/h4>\n<p>Consum: 100-150 g\/m\u00b2.<br \/>\nPer a terres i parets (interior-exterior)<br \/>\nOlor: neutra.<br \/>\nAplicaci\u00f3: corr\u00f3 d&#8217;escuma.<br \/>\nDiluci\u00f3 amb aigua: suports no absorbents, preparada per fer-la servir; absorbents, 1:1; parets, 1:2 o 1:3.<br \/>\nAssecatge: de 2 a 4 hores sobre superf\u00edcies absorbents (anhidrita, 12 hores), de 12 a 24 hores sobre superf\u00edcies no absorbents.<br \/>\nNo inflamable.<\/p>\n","protected":false},"excerpt":{"rendered":"<p>Emprimaci\u00f3 universal en base de resines sint\u00e8tiques en dispersi\u00f3 aquosa.<\/p>\n","protected":false},"featured_media":5307,"comment_status":"open","ping_status":"closed","template":"","meta":{"_acf_changed":false},"product_cat":[330,315,333],"product_tag":[],"acf":[],"_links":{"self":[{"href":"https:\/\/rayt.com\/ca\/wp-json\/wp\/v2\/product\/1157"}],"collection":[{"href":"https:\/\/rayt.com\/ca\/wp-json\/wp\/v2\/product"}],"about":[{"href":"https:\/\/rayt.com\/ca\/wp-json\/wp\/v2\/types\/product"}],"replies":[{"embeddable":true,"href":"https:\/\/rayt.com\/ca\/wp-json\/wp\/v2\/comments?post=1157"}],"wp:featuredmedia":[{"embeddable":true,"href":"https:\/\/rayt.com\/ca\/wp-json\/wp\/v2\/media\/5307"}],"wp:attachment":[{"href":"https:\/\/rayt.com\/ca\/wp-json\/wp\/v2\/media?parent=1157"}],"wp:term":[{"taxonomy":"product_cat","embeddable":true,"href":"https:\/\/rayt.com\/ca\/wp-json\/wp\/v2\/product_cat?post=1157"},{"taxonomy":"product_tag","embeddable":true,"href":"https:\/\/rayt.com\/ca\/wp-json\/wp\/v2\/product_tag?post=1157"}],"curies":[{"name":"wp","href":"https:\/\/api.w.org\/{rel}","templated":true}]}}