{"id":1159,"date":"2020-11-16T08:24:51","date_gmt":"2020-11-20T09:55:27","guid":{"rendered":"http:\/\/rayt.com\/?post_type=product&#038;p=1159"},"modified":"2020-11-20T11:38:11","modified_gmt":"2020-11-20T11:38:11","slug":"uzin-pe-360-plus","status":"publish","type":"product","link":"https:\/\/rayt.com\/ca\/producto\/uzin-pe-360-plus\/","title":{"rendered":"UZIN PE 360 plus"},"content":{"rendered":"<p>Emprimaci\u00f3 de resines en base aquosa, sense dissolvents.<br \/>\nPer a superf\u00edcies absorbents, com a pont d&#8217;uni\u00f3 per a les capes de pastes anivelladores, per a superf\u00edcies de formig\u00f3, arrebossats de guix, plafons de cart\u00f3 guix, anhidrita (sulfat de calci), etc.<br \/>\nCalefacci\u00f3 radiant per aigua.<\/p>\n<h4>CARACTER\u00cdSTIQUES<\/h4>\n<p>Consum: 80-150 g.\/m\u00b2<br \/>\nAssecatge: r\u00e0pid (30-60 minuts).<br \/>\nAplicaci\u00f3: corr\u00f3 de nil\u00f3 o escuma.<br \/>\nEmicode EC 1 PLUS.<br \/>\nProducte no est\u00e0ndard, se subministra sota comanda. Termini estimat: 15 dies.<\/p>\n","protected":false},"excerpt":{"rendered":"<p>Emprimaci\u00f3 de resines en base aquosa, sense dissolvents. Per a<\/p>\n","protected":false},"featured_media":1160,"comment_status":"open","ping_status":"closed","template":"","meta":{"_acf_changed":false},"product_cat":[330,315,333],"product_tag":[],"acf":[],"_links":{"self":[{"href":"https:\/\/rayt.com\/ca\/wp-json\/wp\/v2\/product\/1159"}],"collection":[{"href":"https:\/\/rayt.com\/ca\/wp-json\/wp\/v2\/product"}],"about":[{"href":"https:\/\/rayt.com\/ca\/wp-json\/wp\/v2\/types\/product"}],"replies":[{"embeddable":true,"href":"https:\/\/rayt.com\/ca\/wp-json\/wp\/v2\/comments?post=1159"}],"wp:featuredmedia":[{"embeddable":true,"href":"https:\/\/rayt.com\/ca\/wp-json\/wp\/v2\/media\/1160"}],"wp:attachment":[{"href":"https:\/\/rayt.com\/ca\/wp-json\/wp\/v2\/media?parent=1159"}],"wp:term":[{"taxonomy":"product_cat","embeddable":true,"href":"https:\/\/rayt.com\/ca\/wp-json\/wp\/v2\/product_cat?post=1159"},{"taxonomy":"product_tag","embeddable":true,"href":"https:\/\/rayt.com\/ca\/wp-json\/wp\/v2\/product_tag?post=1159"}],"curies":[{"name":"wp","href":"https:\/\/api.w.org\/{rel}","templated":true}]}}