{"id":1165,"date":"2020-11-13T11:58:34","date_gmt":"2020-11-20T10:01:03","guid":{"rendered":"http:\/\/rayt.com\/?post_type=product&#038;p=1165"},"modified":"2021-02-08T12:34:56","modified_gmt":"2021-02-08T12:34:56","slug":"uzin-pe-280","status":"publish","type":"product","link":"https:\/\/rayt.com\/ca\/producto\/uzin-pe-280\/","title":{"rendered":"UZIN PE 280"},"content":{"rendered":"<p>Emprimaci\u00f3 amb fibres de carboni, per a superf\u00edcies llises i denses.<br \/>\nCompost dur i bona subjecci\u00f3 en superf\u00edcie, substrat ideal entre la solera i la pasta autoanivelladora.<br \/>\nIdeal entre l&#8217;emprimaci\u00f3 PE 470 A+ B i pastes autoanivelladores Uzin.<\/p>\n<h4>CARACTER\u00cdSTIQUES<\/h4>\n<p>Producte no est\u00e0ndard, se subministra sota comanda. Termini estimat: 15 dies.<br \/>\nConsum: 70-150 g\/m\u00b2.<br \/>\nCertificacions: Emicode EC1 PLUS, IMO, LEED.<br \/>\nAssecatge: 45 minuts.<br \/>\nAplicaci\u00f3: corr\u00f3 de p\u00e8l curt.<\/p>\n","protected":false},"excerpt":{"rendered":"<p>Emprimaci\u00f3 amb fibres de carboni, per a superf\u00edcies llises i<\/p>\n","protected":false},"featured_media":1166,"comment_status":"open","ping_status":"closed","template":"","meta":{"_acf_changed":false},"product_cat":[330,315,333],"product_tag":[],"acf":[],"_links":{"self":[{"href":"https:\/\/rayt.com\/ca\/wp-json\/wp\/v2\/product\/1165"}],"collection":[{"href":"https:\/\/rayt.com\/ca\/wp-json\/wp\/v2\/product"}],"about":[{"href":"https:\/\/rayt.com\/ca\/wp-json\/wp\/v2\/types\/product"}],"replies":[{"embeddable":true,"href":"https:\/\/rayt.com\/ca\/wp-json\/wp\/v2\/comments?post=1165"}],"wp:featuredmedia":[{"embeddable":true,"href":"https:\/\/rayt.com\/ca\/wp-json\/wp\/v2\/media\/1166"}],"wp:attachment":[{"href":"https:\/\/rayt.com\/ca\/wp-json\/wp\/v2\/media?parent=1165"}],"wp:term":[{"taxonomy":"product_cat","embeddable":true,"href":"https:\/\/rayt.com\/ca\/wp-json\/wp\/v2\/product_cat?post=1165"},{"taxonomy":"product_tag","embeddable":true,"href":"https:\/\/rayt.com\/ca\/wp-json\/wp\/v2\/product_tag?post=1165"}],"curies":[{"name":"wp","href":"https:\/\/api.w.org\/{rel}","templated":true}]}}