{"id":1171,"date":"2020-11-13T11:54:07","date_gmt":"2020-11-20T10:05:37","guid":{"rendered":"http:\/\/rayt.com\/?post_type=product&#038;p=1171"},"modified":"2020-11-20T11:40:15","modified_gmt":"2020-11-20T11:40:15","slug":"uzin-pe-260","status":"publish","type":"product","link":"https:\/\/rayt.com\/ca\/producto\/uzin-pe-260\/","title":{"rendered":"UZIN PE 260"},"content":{"rendered":"<p>Emprimaci\u00f3 de cautx\u00fa sint\u00e8tic en base aquosa.<br \/>\nPer a superf\u00edcies absorbents o no, fusta, pintura vella, revestiments d&#8217;epoxi, residus de cola, cer\u00e0mica, etc. (interiors).<\/p>\n<h4>CARACTER\u00cdSTIQUES<\/h4>\n<p>Consum: 100-150 g\/m\u00b2 producte sense dissolvent.<br \/>\nAssecatge: sobre suports absorbents i no absorbents, 1 hora.<br \/>\nAplicaci\u00f3: esp\u00e0tula llisa i el\u00e0stica o corr\u00f3 d&#8217;escuma. Emicode EC 1 PLUS.<br \/>\nProducte no est\u00e0ndard, se subministra sota comanda. Termini estimat: 15 dies.<\/p>\n","protected":false},"excerpt":{"rendered":"<p>Emprimaci\u00f3 de cautx\u00fa sint\u00e8tic en base aquosa. Per a superf\u00edcies<\/p>\n","protected":false},"featured_media":1172,"comment_status":"open","ping_status":"closed","template":"","meta":{"_acf_changed":false},"product_cat":[330,315,333],"product_tag":[],"acf":[],"_links":{"self":[{"href":"https:\/\/rayt.com\/ca\/wp-json\/wp\/v2\/product\/1171"}],"collection":[{"href":"https:\/\/rayt.com\/ca\/wp-json\/wp\/v2\/product"}],"about":[{"href":"https:\/\/rayt.com\/ca\/wp-json\/wp\/v2\/types\/product"}],"replies":[{"embeddable":true,"href":"https:\/\/rayt.com\/ca\/wp-json\/wp\/v2\/comments?post=1171"}],"wp:featuredmedia":[{"embeddable":true,"href":"https:\/\/rayt.com\/ca\/wp-json\/wp\/v2\/media\/1172"}],"wp:attachment":[{"href":"https:\/\/rayt.com\/ca\/wp-json\/wp\/v2\/media?parent=1171"}],"wp:term":[{"taxonomy":"product_cat","embeddable":true,"href":"https:\/\/rayt.com\/ca\/wp-json\/wp\/v2\/product_cat?post=1171"},{"taxonomy":"product_tag","embeddable":true,"href":"https:\/\/rayt.com\/ca\/wp-json\/wp\/v2\/product_tag?post=1171"}],"curies":[{"name":"wp","href":"https:\/\/api.w.org\/{rel}","templated":true}]}}