{"id":1177,"date":"2020-11-13T11:43:21","date_gmt":"2020-11-20T10:09:37","guid":{"rendered":"http:\/\/rayt.com\/?post_type=product&#038;p=1177"},"modified":"2021-02-08T12:22:11","modified_gmt":"2021-02-08T12:22:11","slug":"uzin-pe-470-ab","status":"publish","type":"product","link":"https:\/\/rayt.com\/ca\/producto\/uzin-pe-470-ab\/","title":{"rendered":"UZIN PE 470 (A+B)"},"content":{"rendered":"<p>Emprimaci\u00f3 de resina d&#8217;epoxi bicomponent sense dissolvents, exempta d&#8217;aigua, molt fluida, per compactar i impermeabilitzar fons minerals abans de l&#8217;aplicaci\u00f3 de pasta anivelladora o paviments.<br \/>\nAdequada per a soleres tant en interiors com en exteriors.<br \/>\nRefor\u00e7 o sanejament de zones de terres inestables o tous (formig\u00f3, anhidrita, magnesi, sulfat de calci).<\/p>\n<h4>CARACTER\u00cdSTIQUES<\/h4>\n<p>Consum: 200-800 g\/m\u00b2 per capa, segons necessitats (consolidar, impermeabilitzar, etc.).<br \/>\nAplicaci\u00f3: corr\u00f3 o esp\u00e0tula dentada B2 o C1. Cal utilitzar mesclador mec\u00e0nic.<br \/>\nPer anivellar amb pasta, arenar o emprimar amb PE 280.<\/p>\n","protected":false},"excerpt":{"rendered":"<p>Emprimaci\u00f3 de resina d&#8217;epoxi bicomponent sense dissolvents, exempta d&#8217;aigua, molt<\/p>\n","protected":false},"featured_media":1178,"comment_status":"open","ping_status":"closed","template":"","meta":{"_acf_changed":false},"product_cat":[336,330,315],"product_tag":[],"acf":[],"_links":{"self":[{"href":"https:\/\/rayt.com\/ca\/wp-json\/wp\/v2\/product\/1177"}],"collection":[{"href":"https:\/\/rayt.com\/ca\/wp-json\/wp\/v2\/product"}],"about":[{"href":"https:\/\/rayt.com\/ca\/wp-json\/wp\/v2\/types\/product"}],"replies":[{"embeddable":true,"href":"https:\/\/rayt.com\/ca\/wp-json\/wp\/v2\/comments?post=1177"}],"wp:featuredmedia":[{"embeddable":true,"href":"https:\/\/rayt.com\/ca\/wp-json\/wp\/v2\/media\/1178"}],"wp:attachment":[{"href":"https:\/\/rayt.com\/ca\/wp-json\/wp\/v2\/media?parent=1177"}],"wp:term":[{"taxonomy":"product_cat","embeddable":true,"href":"https:\/\/rayt.com\/ca\/wp-json\/wp\/v2\/product_cat?post=1177"},{"taxonomy":"product_tag","embeddable":true,"href":"https:\/\/rayt.com\/ca\/wp-json\/wp\/v2\/product_tag?post=1177"}],"curies":[{"name":"wp","href":"https:\/\/api.w.org\/{rel}","templated":true}]}}