{"id":1183,"date":"2020-11-13T11:36:10","date_gmt":"2020-11-20T10:12:58","guid":{"rendered":"http:\/\/rayt.com\/?post_type=product&#038;p=1183"},"modified":"2021-02-08T12:23:44","modified_gmt":"2021-02-08T12:23:44","slug":"uzin-pe-630","status":"publish","type":"product","link":"https:\/\/rayt.com\/ca\/producto\/uzin-pe-630\/","title":{"rendered":"UZIN PE 630"},"content":{"rendered":"<p>Emprimaci\u00f3 bicomponent dispersi\u00f3 \/ ciment, pastosa i d&#8217;assecatge molt r\u00e0pid per a les soleres en renovaci\u00f3. Gr\u00e0cies a la seva qualitat \u00absemiflexible\u00bb, aquesta emprimaci\u00f3 acompanya perfectament els moviments de la solera.<br \/>\nAdequada per a soleres de fusta, sigui massissa, OSB, aglomerat o parquet, cer\u00e0mica, pintures resistents a la humitat, pedra natural, etc., abans de l&#8217;aplicaci\u00f3 d&#8217;una pasta anivelladora.<\/p>\n<h4>CARACTER\u00cdSTIQUES<\/h4>\n<p>\u00das interior.<br \/>\nProducte no est\u00e0ndard, se subministra sota comanda. Termini estimat: 15 dies.<br \/>\nConsum: 100-600 g\/m\u00b2<br \/>\nAplicaci\u00f3: esp\u00e0tula plana, no dentada.<\/p>\n","protected":false},"excerpt":{"rendered":"<p>Emprimaci\u00f3 bicomponent dispersi\u00f3 \/ ciment, pastosa i d&#8217;assecatge molt r\u00e0pid<\/p>\n","protected":false},"featured_media":1184,"comment_status":"open","ping_status":"closed","template":"","meta":{"_acf_changed":false},"product_cat":[330,315,339],"product_tag":[],"acf":[],"_links":{"self":[{"href":"https:\/\/rayt.com\/ca\/wp-json\/wp\/v2\/product\/1183"}],"collection":[{"href":"https:\/\/rayt.com\/ca\/wp-json\/wp\/v2\/product"}],"about":[{"href":"https:\/\/rayt.com\/ca\/wp-json\/wp\/v2\/types\/product"}],"replies":[{"embeddable":true,"href":"https:\/\/rayt.com\/ca\/wp-json\/wp\/v2\/comments?post=1183"}],"wp:featuredmedia":[{"embeddable":true,"href":"https:\/\/rayt.com\/ca\/wp-json\/wp\/v2\/media\/1184"}],"wp:attachment":[{"href":"https:\/\/rayt.com\/ca\/wp-json\/wp\/v2\/media?parent=1183"}],"wp:term":[{"taxonomy":"product_cat","embeddable":true,"href":"https:\/\/rayt.com\/ca\/wp-json\/wp\/v2\/product_cat?post=1183"},{"taxonomy":"product_tag","embeddable":true,"href":"https:\/\/rayt.com\/ca\/wp-json\/wp\/v2\/product_tag?post=1183"}],"curies":[{"name":"wp","href":"https:\/\/api.w.org\/{rel}","templated":true}]}}