{"id":1215,"date":"2020-11-13T11:28:36","date_gmt":"2020-11-20T11:10:12","guid":{"rendered":"http:\/\/rayt.com\/?post_type=product&#038;p=1215"},"modified":"2021-05-25T14:07:21","modified_gmt":"2021-05-25T14:07:21","slug":"nc-133-p3","status":"publish","type":"product","link":"https:\/\/rayt.com\/ca\/producto\/nc-133-p3\/","title":{"rendered":"UZIN NC 133 P3"},"content":{"rendered":"<p>Pasta autoanivelladora. Morter en pols enriquit amb ciments r\u00e0pids especials, agregats minerals, flu\u00efdificants i additius.<br \/>\nS&#8217;obt\u00e9 despr\u00e9s de barrejar amb aigua una pasta autoanivelladora, d&#8217;enduriment hidr\u00e0ulic r\u00e0pid. \u00c9s apropiada per a terres sotmesos a exig\u00e8ncies mitjanes, en el camp de l&#8217;obra nova i de la restauraci\u00f3 en l&#8217;\u00e0mbit professional i residencial.<br \/>\nPer a paviments lleugers. Classificaci\u00f3 P-3 segons la norma francesa.<\/p>\n<h4>CARACTER\u00cdSTIQUES<\/h4>\n<p>Color: rosat.<br \/>\nMescla: 6 l d&#8217;aigua per sac de 25 kg.<br \/>\nConsum: 1,5 kg de pols per cada m\u00b2 i mm de gruix.<br \/>\nGruix: de 3 a 10 mm com a m\u00e0xim.<br \/>\nTransitable: despr\u00e9s de 4 hores. Preparat per a la instal\u00b7laci\u00f3: 24-48 en t\u00e8xtils i PVC; de 3 a 5 dies en parquet.<br \/>\nConforme a la norma: DIN EN 13 813 CE-C16-F4. Emicode EC1R PLUS.<\/p>\n","protected":false},"excerpt":{"rendered":"<p>Pasta autoanivelladora. Morter en pols enriquit amb ciments r\u00e0pids especials,<\/p>\n","protected":false},"featured_media":6442,"comment_status":"open","ping_status":"closed","template":"","meta":{"_acf_changed":false},"product_cat":[342,315],"product_tag":[],"acf":[],"_links":{"self":[{"href":"https:\/\/rayt.com\/ca\/wp-json\/wp\/v2\/product\/1215"}],"collection":[{"href":"https:\/\/rayt.com\/ca\/wp-json\/wp\/v2\/product"}],"about":[{"href":"https:\/\/rayt.com\/ca\/wp-json\/wp\/v2\/types\/product"}],"replies":[{"embeddable":true,"href":"https:\/\/rayt.com\/ca\/wp-json\/wp\/v2\/comments?post=1215"}],"wp:featuredmedia":[{"embeddable":true,"href":"https:\/\/rayt.com\/ca\/wp-json\/wp\/v2\/media\/6442"}],"wp:attachment":[{"href":"https:\/\/rayt.com\/ca\/wp-json\/wp\/v2\/media?parent=1215"}],"wp:term":[{"taxonomy":"product_cat","embeddable":true,"href":"https:\/\/rayt.com\/ca\/wp-json\/wp\/v2\/product_cat?post=1215"},{"taxonomy":"product_tag","embeddable":true,"href":"https:\/\/rayt.com\/ca\/wp-json\/wp\/v2\/product_tag?post=1215"}],"curies":[{"name":"wp","href":"https:\/\/api.w.org\/{rel}","templated":true}]}}