{"id":1218,"date":"2020-10-20T09:17:12","date_gmt":"2020-11-20T11:23:55","guid":{"rendered":"http:\/\/rayt.com\/?post_type=product&#038;p=1218"},"modified":"2020-11-20T11:33:33","modified_gmt":"2020-11-20T11:33:33","slug":"nc-170-levelstar-okoline","status":"publish","type":"product","link":"https:\/\/rayt.com\/ca\/producto\/nc-170-levelstar-okoline\/","title":{"rendered":"NC 170 Levelstar \u00d6koline"},"content":{"rendered":"<p>Pasta autoanivelladora. Morter en pols, de qualitat pr\u00e8mium, enriquit amb ciments r\u00e0pids especials, agregats minerals, flu\u00efdificants i additius.<br \/>\nS&#8217;obt\u00e9 despr\u00e9s de barrejar amb aigua una pasta autoanivelladora, d&#8217;enduriment hidr\u00e0ulic r\u00e0pid. \u00c9s apropiada per a terres sotmesos a exig\u00e8ncies importants, en el camp de l&#8217;obra nova i de la restauraci\u00f3 en l&#8217;\u00e0mbit professional i residencial.<br \/>\nPer a paviments lleugers. Classificaci\u00f3 P4S segons la norma francesa.<\/p>\n<h4>CARACTER\u00cdSTIQUES<\/h4>\n<p>Color: gris.<br \/>\nMescla: 5,2 l aigua per sac de 20 kg.<br \/>\nConsum: 1,5 kg de pols per cada m\u00b2 i mm de gruix.<br \/>\nGruix: 50 mm. Per a gruixos a partir de 30 mm, cal afegir un 30\u00a0% de sorra de s\u00edlice de 0,3-0,8 mm.<br \/>\nTransitable: despr\u00e9s d&#8217;1,5-2 hores.<br \/>\nPreparat per a la instal\u00b7laci\u00f3: 3-5 mm, 6 hores per a t\u00e8xtil, cautx\u00fa, PVC i lin\u00f2leum; 3-5 mm, 24 hores per parquet. Pintable despr\u00e9s de 14 dies.<\/p>\n","protected":false},"excerpt":{"rendered":"<p>Pasta autoanivelladora. Morter en pols, de qualitat pr\u00e8mium, enriquit amb<\/p>\n","protected":false},"featured_media":1221,"comment_status":"open","ping_status":"closed","template":"","meta":{"_acf_changed":false},"product_cat":[342,315],"product_tag":[],"acf":[],"_links":{"self":[{"href":"https:\/\/rayt.com\/ca\/wp-json\/wp\/v2\/product\/1218"}],"collection":[{"href":"https:\/\/rayt.com\/ca\/wp-json\/wp\/v2\/product"}],"about":[{"href":"https:\/\/rayt.com\/ca\/wp-json\/wp\/v2\/types\/product"}],"replies":[{"embeddable":true,"href":"https:\/\/rayt.com\/ca\/wp-json\/wp\/v2\/comments?post=1218"}],"wp:featuredmedia":[{"embeddable":true,"href":"https:\/\/rayt.com\/ca\/wp-json\/wp\/v2\/media\/1221"}],"wp:attachment":[{"href":"https:\/\/rayt.com\/ca\/wp-json\/wp\/v2\/media?parent=1218"}],"wp:term":[{"taxonomy":"product_cat","embeddable":true,"href":"https:\/\/rayt.com\/ca\/wp-json\/wp\/v2\/product_cat?post=1218"},{"taxonomy":"product_tag","embeddable":true,"href":"https:\/\/rayt.com\/ca\/wp-json\/wp\/v2\/product_tag?post=1218"}],"curies":[{"name":"wp","href":"https:\/\/api.w.org\/{rel}","templated":true}]}}