{"id":1226,"date":"2020-11-13T11:06:36","date_gmt":"2020-11-23T09:04:53","guid":{"rendered":"http:\/\/rayt.com\/?post_type=product&#038;p=1226"},"modified":"2020-11-23T09:04:53","modified_gmt":"2020-11-23T09:04:53","slug":"nc-148-fibrada","status":"publish","type":"product","link":"https:\/\/rayt.com\/ca\/producto\/nc-148-fibrada\/","title":{"rendered":"NC 148 Fibrada"},"content":{"rendered":"<p>Pasta autoanivelladora en base de ciment fibrat, per a soleres habituals d&#8217;obra. Tamb\u00e9, per a soleres de fusta amb baixa exig\u00e8ncia mec\u00e0nica i sobre antics paviments pl\u00e0stics en rotlle o llosetes que estiguin ben adherits.<br \/>\nGruixos de 3 a 10 mm.<br \/>\nPer a la instal\u00b7laci\u00f3 de paviments com ara moquetes, PVC, lin\u00f2leum, cer\u00e0mica, pedra, terratzo, etc.<\/p>\n<h4>CARACTER\u00cdSTIQUES<\/h4>\n<p>Mescla: 6,5 l aigua per sac de 25 kg,<br \/>\nConsum: 1,5 kg de pols \/ m\u00b2 per cada mm de gruix. \u00das interior.<br \/>\nTemps de treball: 20-30 minuts, aprox.<br \/>\nTransitable: 1-3 hores.<br \/>\nColor: gris.<br \/>\nCol\u00b7locaci\u00f3 del revestiment: 24 hores.<\/p>\n","protected":false},"excerpt":{"rendered":"<p>Pasta autoanivelladora en base de ciment fibrat, per a soleres<\/p>\n","protected":false},"featured_media":1227,"comment_status":"open","ping_status":"closed","template":"","meta":{"_acf_changed":false},"product_cat":[342,315],"product_tag":[],"acf":[],"_links":{"self":[{"href":"https:\/\/rayt.com\/ca\/wp-json\/wp\/v2\/product\/1226"}],"collection":[{"href":"https:\/\/rayt.com\/ca\/wp-json\/wp\/v2\/product"}],"about":[{"href":"https:\/\/rayt.com\/ca\/wp-json\/wp\/v2\/types\/product"}],"replies":[{"embeddable":true,"href":"https:\/\/rayt.com\/ca\/wp-json\/wp\/v2\/comments?post=1226"}],"wp:featuredmedia":[{"embeddable":true,"href":"https:\/\/rayt.com\/ca\/wp-json\/wp\/v2\/media\/1227"}],"wp:attachment":[{"href":"https:\/\/rayt.com\/ca\/wp-json\/wp\/v2\/media?parent=1226"}],"wp:term":[{"taxonomy":"product_cat","embeddable":true,"href":"https:\/\/rayt.com\/ca\/wp-json\/wp\/v2\/product_cat?post=1226"},{"taxonomy":"product_tag","embeddable":true,"href":"https:\/\/rayt.com\/ca\/wp-json\/wp\/v2\/product_tag?post=1226"}],"curies":[{"name":"wp","href":"https:\/\/api.w.org\/{rel}","templated":true}]}}