{"id":1236,"date":"2020-11-13T10:48:20","date_gmt":"2020-11-23T09:30:18","guid":{"rendered":"http:\/\/rayt.com\/?post_type=product&#038;p=1236"},"modified":"2020-11-23T09:30:18","modified_gmt":"2020-11-23T09:30:18","slug":"uzin-ke-2000-s","status":"publish","type":"product","link":"https:\/\/rayt.com\/ca\/producto\/uzin-ke-2000-s\/","title":{"rendered":"UZIN KE 2000 S"},"content":{"rendered":"<p>Adhesiu unilateral polivalent de resines sint\u00e8tiques sense dissolvent.<br \/>\nPossible autoadhesiu. Temps de treball llarg. Possible sobre l\u00e0mina antihumitat.<br \/>\nPer a PVC de tot tipus, paret i terra.<br \/>\nPer a paviments de goma i cautx\u00fa de fins a 4 mm de gruix, moqueta de suport sint\u00e8tic. Sobre bases absorbents o no.<\/p>\n<h4>CARACTER\u00cdSTIQUES<\/h4>\n<p>Consum\/aplicaci\u00f3: PVC, cautx\u00fa i lin\u00f2leum, 250-320 g\/m\u00b2, esp\u00e0tula A2. Sobre l\u00e0mina antihumitat, 180-200 g\/m\u00b2, esp\u00e0tula A-5. Moqueta, 320-380 g\/m\u00b2, esp\u00e0tula B1.<\/p>\n","protected":false},"excerpt":{"rendered":"<p>Adhesiu unilateral polivalent de resines sint\u00e8tiques sense dissolvent. Possible autoadhesiu.<\/p>\n","protected":false},"featured_media":1237,"comment_status":"open","ping_status":"closed","template":"","meta":{"_acf_changed":false},"product_cat":[345,348,315],"product_tag":[],"acf":[],"_links":{"self":[{"href":"https:\/\/rayt.com\/ca\/wp-json\/wp\/v2\/product\/1236"}],"collection":[{"href":"https:\/\/rayt.com\/ca\/wp-json\/wp\/v2\/product"}],"about":[{"href":"https:\/\/rayt.com\/ca\/wp-json\/wp\/v2\/types\/product"}],"replies":[{"embeddable":true,"href":"https:\/\/rayt.com\/ca\/wp-json\/wp\/v2\/comments?post=1236"}],"wp:featuredmedia":[{"embeddable":true,"href":"https:\/\/rayt.com\/ca\/wp-json\/wp\/v2\/media\/1237"}],"wp:attachment":[{"href":"https:\/\/rayt.com\/ca\/wp-json\/wp\/v2\/media?parent=1236"}],"wp:term":[{"taxonomy":"product_cat","embeddable":true,"href":"https:\/\/rayt.com\/ca\/wp-json\/wp\/v2\/product_cat?post=1236"},{"taxonomy":"product_tag","embeddable":true,"href":"https:\/\/rayt.com\/ca\/wp-json\/wp\/v2\/product_tag?post=1236"}],"curies":[{"name":"wp","href":"https:\/\/api.w.org\/{rel}","templated":true}]}}