{"id":1271,"date":"2020-11-13T10:24:18","date_gmt":"2020-11-23T10:04:50","guid":{"rendered":"http:\/\/rayt.com\/?post_type=product&#038;p=1271"},"modified":"2020-11-23T10:04:50","modified_gmt":"2020-11-23T10:04:50","slug":"uzin-ke-2000-sl-conductor","status":"publish","type":"product","link":"https:\/\/rayt.com\/ca\/producto\/uzin-ke-2000-sl-conductor\/","title":{"rendered":"UZIN KE 2000 SL CONDUCTOR"},"content":{"rendered":"<p>Adhesiu sense dissolvent amb fibres de carboni per a la instal\u00b7laci\u00f3 de paviments de PVC homogeni i goma o cautx\u00fa conductors, moquetes conductores i lin\u00f2leum conductor de fins a 4 mm.<br \/>\nUnilateral. Sobre terres absorbents o no, i calefacci\u00f3 radiant (aigua).<\/p>\n<h4>CARACTER\u00cdSTIQUES<\/h4>\n<p>Consum: 250-600 g\/m\u00b2.<br \/>\nColor: gris fosc.<br \/>\nAplicaci\u00f3: esp\u00e0tula dentada 23\/80 per a PVC i cautx\u00fa. 23 TL per a moqueta i lin\u00f2leum.<\/p>\n","protected":false},"excerpt":{"rendered":"<p>Adhesiu sense dissolvent amb fibres de carboni per a la<\/p>\n","protected":false},"featured_media":1272,"comment_status":"open","ping_status":"closed","template":"","meta":{"_acf_changed":false},"product_cat":[345,357,315],"product_tag":[],"acf":[],"_links":{"self":[{"href":"https:\/\/rayt.com\/ca\/wp-json\/wp\/v2\/product\/1271"}],"collection":[{"href":"https:\/\/rayt.com\/ca\/wp-json\/wp\/v2\/product"}],"about":[{"href":"https:\/\/rayt.com\/ca\/wp-json\/wp\/v2\/types\/product"}],"replies":[{"embeddable":true,"href":"https:\/\/rayt.com\/ca\/wp-json\/wp\/v2\/comments?post=1271"}],"wp:featuredmedia":[{"embeddable":true,"href":"https:\/\/rayt.com\/ca\/wp-json\/wp\/v2\/media\/1272"}],"wp:attachment":[{"href":"https:\/\/rayt.com\/ca\/wp-json\/wp\/v2\/media?parent=1271"}],"wp:term":[{"taxonomy":"product_cat","embeddable":true,"href":"https:\/\/rayt.com\/ca\/wp-json\/wp\/v2\/product_cat?post=1271"},{"taxonomy":"product_tag","embeddable":true,"href":"https:\/\/rayt.com\/ca\/wp-json\/wp\/v2\/product_tag?post=1271"}],"curies":[{"name":"wp","href":"https:\/\/api.w.org\/{rel}","templated":true}]}}