{"id":1281,"date":"2020-11-13T10:02:57","date_gmt":"2020-11-23T10:13:57","guid":{"rendered":"http:\/\/rayt.com\/?post_type=product&#038;p=1281"},"modified":"2020-11-23T10:13:57","modified_gmt":"2020-11-23T10:13:57","slug":"uzin-uz-57-l","status":"publish","type":"product","link":"https:\/\/rayt.com\/ca\/producto\/uzin-uz-57-l\/","title":{"rendered":"UZIN UZ 57 L"},"content":{"rendered":"<p>Per a la instal\u00b7laci\u00f3 de paviments conductors de lin\u00f2leum i moquetes t\u00e8xtils.<\/p>\n<h4>CARACTER\u00cdSTIQUES<\/h4>\n<p>Producte no est\u00e0ndard, se subministra sota comanda.<br \/>\nTermini estimat: 15 dies.<br \/>\nUnilateral. Sobre terres absorbents.<br \/>\nConsum: 500-600 g\/m\u00b2.<br \/>\nColor: gris clar.<br \/>\nAplicaci\u00f3: esp\u00e0tula dentada 23\/TL.<\/p>\n<p>&nbsp;<\/p>\n","protected":false},"excerpt":{"rendered":"<p>Per a la instal\u00b7laci\u00f3 de paviments conductors de lin\u00f2leum i<\/p>\n","protected":false},"featured_media":1282,"comment_status":"open","ping_status":"closed","template":"","meta":{"_acf_changed":false},"product_cat":[345,357,315],"product_tag":[],"acf":[],"_links":{"self":[{"href":"https:\/\/rayt.com\/ca\/wp-json\/wp\/v2\/product\/1281"}],"collection":[{"href":"https:\/\/rayt.com\/ca\/wp-json\/wp\/v2\/product"}],"about":[{"href":"https:\/\/rayt.com\/ca\/wp-json\/wp\/v2\/types\/product"}],"replies":[{"embeddable":true,"href":"https:\/\/rayt.com\/ca\/wp-json\/wp\/v2\/comments?post=1281"}],"wp:featuredmedia":[{"embeddable":true,"href":"https:\/\/rayt.com\/ca\/wp-json\/wp\/v2\/media\/1282"}],"wp:attachment":[{"href":"https:\/\/rayt.com\/ca\/wp-json\/wp\/v2\/media?parent=1281"}],"wp:term":[{"taxonomy":"product_cat","embeddable":true,"href":"https:\/\/rayt.com\/ca\/wp-json\/wp\/v2\/product_cat?post=1281"},{"taxonomy":"product_tag","embeddable":true,"href":"https:\/\/rayt.com\/ca\/wp-json\/wp\/v2\/product_tag?post=1281"}],"curies":[{"name":"wp","href":"https:\/\/api.w.org\/{rel}","templated":true}]}}