{"id":1291,"date":"2020-11-13T09:53:22","date_gmt":"2020-11-23T10:24:36","guid":{"rendered":"http:\/\/rayt.com\/?post_type=product&#038;p=1291"},"modified":"2020-11-23T10:24:36","modified_gmt":"2020-11-23T10:24:36","slug":"uzin-kr-421-l","status":"publish","type":"product","link":"https:\/\/rayt.com\/ca\/producto\/uzin-kr-421-l\/","title":{"rendered":"UZIN KR 421 L"},"content":{"rendered":"<p>Adhesiu d&#8217;epoxi bicomponent per a la instal\u00b7laci\u00f3 de paviments conductors de cautx\u00fa, PVC i lin\u00f2leum.<\/p>\n<h4>CARACTER\u00cdSTIQUES<\/h4>\n<p>\u00das interior i exterior.<br \/>\nProducte no est\u00e0ndard, se subministra sota comanda. Termini estimat: 15 dies<br \/>\nUnilateral. Sobre terres absorbents i no absorbents.<br \/>\nConsum: 200-600 g\/m\u00b2.<br \/>\nColor: negre.<br \/>\nAplicaci\u00f3: esp\u00e0tules dentades A2 o A5 per a paviments llisos i B1 o B2 per a paviments rugosos.<\/p>\n","protected":false},"excerpt":{"rendered":"<p>Adhesiu d&#8217;epoxi bicomponent per a la instal\u00b7laci\u00f3 de paviments conductors<\/p>\n","protected":false},"featured_media":1292,"comment_status":"open","ping_status":"closed","template":"","meta":{"_acf_changed":false},"product_cat":[345,357,315],"product_tag":[],"acf":[],"_links":{"self":[{"href":"https:\/\/rayt.com\/ca\/wp-json\/wp\/v2\/product\/1291"}],"collection":[{"href":"https:\/\/rayt.com\/ca\/wp-json\/wp\/v2\/product"}],"about":[{"href":"https:\/\/rayt.com\/ca\/wp-json\/wp\/v2\/types\/product"}],"replies":[{"embeddable":true,"href":"https:\/\/rayt.com\/ca\/wp-json\/wp\/v2\/comments?post=1291"}],"wp:featuredmedia":[{"embeddable":true,"href":"https:\/\/rayt.com\/ca\/wp-json\/wp\/v2\/media\/1292"}],"wp:attachment":[{"href":"https:\/\/rayt.com\/ca\/wp-json\/wp\/v2\/media?parent=1291"}],"wp:term":[{"taxonomy":"product_cat","embeddable":true,"href":"https:\/\/rayt.com\/ca\/wp-json\/wp\/v2\/product_cat?post=1291"},{"taxonomy":"product_tag","embeddable":true,"href":"https:\/\/rayt.com\/ca\/wp-json\/wp\/v2\/product_tag?post=1291"}],"curies":[{"name":"wp","href":"https:\/\/api.w.org\/{rel}","templated":true}]}}