{"id":1301,"date":"2020-11-13T09:09:26","date_gmt":"2020-11-23T10:50:38","guid":{"rendered":"http:\/\/rayt.com\/?post_type=product&#038;p=1301"},"modified":"2021-02-08T12:32:14","modified_gmt":"2021-02-08T12:32:14","slug":"uzin-kr-430-ab","status":"publish","type":"product","link":"https:\/\/rayt.com\/ca\/producto\/uzin-kr-430-ab\/","title":{"rendered":"UZIN KR 430 (A+B)"},"content":{"rendered":"<p>Adhesiu de poliuret\u00e0 bicomponent per a paviments de goma o cautx\u00fa en llosetes de fins a 10 mm, PVC i LVT en llosetes, lin\u00f2leum en llosetes de fins a 4 mm.<br \/>\nSobre bases absorbents o no.<\/p>\n<h4>CARACTER\u00cdSTIQUES<\/h4>\n<p>\u00das interior i exterior.<br \/>\nProducte no est\u00e0ndard, se subministra sota comanda. Termini estimat: 15 dies.<br \/>\nTemps de vida de la mescla: 20-30 minuts.<br \/>\nTemps de treball: 40 minuts, aprox.<br \/>\nTemperatura m\u00ednima: 15 \u00b0C.<br \/>\nConsum: 250-600 g\/m\u00b2. Revers llis o lleugerament rug\u00f3s.<br \/>\nAplicaci\u00f3: esp\u00e0tules dentades A2, A5, B1 o B2.<\/p>\n","protected":false},"excerpt":{"rendered":"<p>Adhesiu de poliuret\u00e0 bicomponent per a paviments de goma o<\/p>\n","protected":false},"featured_media":1302,"comment_status":"open","ping_status":"closed","template":"","meta":{"_acf_changed":false},"product_cat":[369,426,315],"product_tag":[],"acf":[],"_links":{"self":[{"href":"https:\/\/rayt.com\/ca\/wp-json\/wp\/v2\/product\/1301"}],"collection":[{"href":"https:\/\/rayt.com\/ca\/wp-json\/wp\/v2\/product"}],"about":[{"href":"https:\/\/rayt.com\/ca\/wp-json\/wp\/v2\/types\/product"}],"replies":[{"embeddable":true,"href":"https:\/\/rayt.com\/ca\/wp-json\/wp\/v2\/comments?post=1301"}],"wp:featuredmedia":[{"embeddable":true,"href":"https:\/\/rayt.com\/ca\/wp-json\/wp\/v2\/media\/1302"}],"wp:attachment":[{"href":"https:\/\/rayt.com\/ca\/wp-json\/wp\/v2\/media?parent=1301"}],"wp:term":[{"taxonomy":"product_cat","embeddable":true,"href":"https:\/\/rayt.com\/ca\/wp-json\/wp\/v2\/product_cat?post=1301"},{"taxonomy":"product_tag","embeddable":true,"href":"https:\/\/rayt.com\/ca\/wp-json\/wp\/v2\/product_tag?post=1301"}],"curies":[{"name":"wp","href":"https:\/\/api.w.org\/{rel}","templated":true}]}}