{"id":1338,"date":"2020-11-18T09:40:35","date_gmt":"2020-11-23T12:04:42","guid":{"rendered":"http:\/\/rayt.com\/?post_type=product&#038;p=1338"},"modified":"2021-02-24T10:10:13","modified_gmt":"2021-02-24T10:10:13","slug":"novopren-super","status":"publish","type":"product","link":"https:\/\/rayt.com\/ca\/producto\/novopren-super\/","title":{"rendered":"Novopren S\u00faper"},"content":{"rendered":"<p>Adhesiu de contacte en base de cautx\u00fa cloropr\u00e8 en dissolvents, adequat no nom\u00e9s com a adhesiu d&#8217;\u00fas general en fusteria i ebenisteria, sin\u00f3 tamb\u00e9 per a la instal\u00b7laci\u00f3 de paviments lleugers (lin\u00f2leum, gomes, suro&#8230;), materials a\u00efllants, plaques de cart\u00f3 guix, etc., en terres, parets, sostres i escales convenientment preparats.<br \/>\nNo adequat per encolar paviments de PVC ni per a poliestir\u00e8 expandit.<\/p>\n<h4>CARACTER\u00cdSTIQUES<\/h4>\n<p>Inflamable.<br \/>\nEn cas que la cola hagi de suportar temperatures superiors als 60 \u00b0C, cal afegir el nostre vulcanitzador en fred V-7107.<br \/>\nConsum: 200-250 ml\/m\u00b2 per cara.<br \/>\nAplicaci\u00f3: esp\u00e0tula dentada A1, corr\u00f3 o pinzell.<\/p>\n","protected":false},"excerpt":{"rendered":"<p>Adhesiu de contacte en base de cautx\u00fa cloropr\u00e8 en dissolvents,<\/p>\n","protected":false},"featured_media":1334,"comment_status":"open","ping_status":"closed","template":"","meta":{"_acf_changed":false},"product_cat":[387,315,390],"product_tag":[],"acf":[],"_links":{"self":[{"href":"https:\/\/rayt.com\/ca\/wp-json\/wp\/v2\/product\/1338"}],"collection":[{"href":"https:\/\/rayt.com\/ca\/wp-json\/wp\/v2\/product"}],"about":[{"href":"https:\/\/rayt.com\/ca\/wp-json\/wp\/v2\/types\/product"}],"replies":[{"embeddable":true,"href":"https:\/\/rayt.com\/ca\/wp-json\/wp\/v2\/comments?post=1338"}],"wp:featuredmedia":[{"embeddable":true,"href":"https:\/\/rayt.com\/ca\/wp-json\/wp\/v2\/media\/1334"}],"wp:attachment":[{"href":"https:\/\/rayt.com\/ca\/wp-json\/wp\/v2\/media?parent=1338"}],"wp:term":[{"taxonomy":"product_cat","embeddable":true,"href":"https:\/\/rayt.com\/ca\/wp-json\/wp\/v2\/product_cat?post=1338"},{"taxonomy":"product_tag","embeddable":true,"href":"https:\/\/rayt.com\/ca\/wp-json\/wp\/v2\/product_tag?post=1338"}],"curies":[{"name":"wp","href":"https:\/\/api.w.org\/{rel}","templated":true}]}}