{"id":1344,"date":"2020-10-22T06:56:45","date_gmt":"2020-10-22T06:56:45","guid":{"rendered":"http:\/\/rayt.com\/producto\/r-2000\/"},"modified":"2020-11-25T11:05:16","modified_gmt":"2020-11-25T11:05:16","slug":"r-2000","status":"publish","type":"product","link":"https:\/\/rayt.com\/ca\/producto\/r-2000\/","title":{"rendered":"R-2000"},"content":{"rendered":"<p>Fixador antilliscant en dispersi\u00f3 aquosa, lliure de dissolvents. Amb un m\u00ednim gramatge s&#8217;aconsegueix un efecte antilliscant permanent i una elevada subjecci\u00f3, amb la qual cosa s&#8217;impedeix el despla\u00e7ament lateral de les llosetes.<br \/>\nProducte desenvolupat especialment per a la instal\u00b7laci\u00f3 de paviments lleugers, per exemple, llosetes t\u00e8xtils amb revers no teixit, llosetes de vinil i amb suport en combinaci\u00f3 amb fibres de vidre, l\u00e0mines&#8230; Amb estabilitat adaptada dimensionalment per col\u00b7locar-lo en un sistema autoportant.<br \/>\nSobre bases absorbents o no.<\/p>\n<h4>CARACTER\u00cdSTIQUES<\/h4>\n<p>\u00das interior.<br \/>\nInstal\u00b7laci\u00f3 una vegada sec al tacte.<br \/>\nConsum: 60-70 g\/m\u00b2.<br \/>\nAplicaci\u00f3: corr\u00f3 de p\u00e8l curt o d&#8217;escuma.<\/p>\n","protected":false},"excerpt":{"rendered":"<p>Fixador antilliscant en dispersi\u00f3 aquosa, lliure de dissolvents. Amb un<\/p>\n","protected":false},"featured_media":1631,"comment_status":"open","ping_status":"closed","template":"","meta":{"_acf_changed":false},"product_cat":[402,405,315],"product_tag":[],"acf":[],"_links":{"self":[{"href":"https:\/\/rayt.com\/ca\/wp-json\/wp\/v2\/product\/1344"}],"collection":[{"href":"https:\/\/rayt.com\/ca\/wp-json\/wp\/v2\/product"}],"about":[{"href":"https:\/\/rayt.com\/ca\/wp-json\/wp\/v2\/types\/product"}],"replies":[{"embeddable":true,"href":"https:\/\/rayt.com\/ca\/wp-json\/wp\/v2\/comments?post=1344"}],"wp:featuredmedia":[{"embeddable":true,"href":"https:\/\/rayt.com\/ca\/wp-json\/wp\/v2\/media\/1631"}],"wp:attachment":[{"href":"https:\/\/rayt.com\/ca\/wp-json\/wp\/v2\/media?parent=1344"}],"wp:term":[{"taxonomy":"product_cat","embeddable":true,"href":"https:\/\/rayt.com\/ca\/wp-json\/wp\/v2\/product_cat?post=1344"},{"taxonomy":"product_tag","embeddable":true,"href":"https:\/\/rayt.com\/ca\/wp-json\/wp\/v2\/product_tag?post=1344"}],"curies":[{"name":"wp","href":"https:\/\/api.w.org\/{rel}","templated":true}]}}