{"id":1348,"date":"2020-10-20T09:09:04","date_gmt":"2020-11-24T08:11:36","guid":{"rendered":"http:\/\/rayt.com\/?post_type=product&#038;p=1348"},"modified":"2020-11-24T09:23:15","modified_gmt":"2020-11-24T09:23:15","slug":"nc-145-p3","status":"publish","type":"product","link":"https:\/\/rayt.com\/ca\/producto\/nc-145-p3\/","title":{"rendered":"NC 145 P3"},"content":{"rendered":"<p>Pasta autoanivelladora. Morter en pols enriquit amb ciments r\u00e0pids especials, agregats minerals, flu\u00efdificants i additius.<br \/>\nS&#8217;obt\u00e9 despr\u00e9s de barrejar amb aigua una pasta autoanivelladora, d&#8217;enduriment hidr\u00e0ulic r\u00e0pid. \u00c9s apropiada per a terres sotmesos a exig\u00e8ncies mitjanes, en el camp de l&#8217;obra nova i de la restauraci\u00f3 en l&#8217;\u00e0mbit professional i residencial.<br \/>\nPer a paviments lleugers. Classificaci\u00f3 P3 segons la norma francesa.<\/p>\n<h4>CARACTER\u00cdSTIQUES<\/h4>\n<p>Color: rosat.<br \/>\nMescla: 6 l d&#8217;aigua per sac de 25 kg.<br \/>\nConsum: 1,5 kg de pols per cada m\u00b2 i mm de gruix.<br \/>\nGruix m\u00e0xim per fase: 10 mm.<br \/>\nTransitable: despr\u00e9s de 2-4 hores.<br \/>\nPreparat per a la instal\u00b7laci\u00f3: 24 hores per a t\u00e8xtil o cer\u00e0mica. 24-48 hores per a PVC i lin\u00f2leum. 70 hores per a parquet.<br \/>\nConforme a la norma: DIN EN 13 813 CE-C25-F6. Emicode EC1R PLUS.<\/p>\n","protected":false},"excerpt":{"rendered":"<p>Pasta autoanivelladora. Morter en pols enriquit amb ciments r\u00e0pids especials,<\/p>\n","protected":false},"featured_media":1349,"comment_status":"open","ping_status":"closed","template":"","meta":{"_acf_changed":false},"product_cat":[342,315],"product_tag":[],"acf":[],"_links":{"self":[{"href":"https:\/\/rayt.com\/ca\/wp-json\/wp\/v2\/product\/1348"}],"collection":[{"href":"https:\/\/rayt.com\/ca\/wp-json\/wp\/v2\/product"}],"about":[{"href":"https:\/\/rayt.com\/ca\/wp-json\/wp\/v2\/types\/product"}],"replies":[{"embeddable":true,"href":"https:\/\/rayt.com\/ca\/wp-json\/wp\/v2\/comments?post=1348"}],"wp:featuredmedia":[{"embeddable":true,"href":"https:\/\/rayt.com\/ca\/wp-json\/wp\/v2\/media\/1349"}],"wp:attachment":[{"href":"https:\/\/rayt.com\/ca\/wp-json\/wp\/v2\/media?parent=1348"}],"wp:term":[{"taxonomy":"product_cat","embeddable":true,"href":"https:\/\/rayt.com\/ca\/wp-json\/wp\/v2\/product_cat?post=1348"},{"taxonomy":"product_tag","embeddable":true,"href":"https:\/\/rayt.com\/ca\/wp-json\/wp\/v2\/product_tag?post=1348"}],"curies":[{"name":"wp","href":"https:\/\/api.w.org\/{rel}","templated":true}]}}