{"id":1354,"date":"2020-10-20T11:38:18","date_gmt":"2020-11-24T08:20:34","guid":{"rendered":"http:\/\/rayt.com\/?post_type=product&#038;p=1354"},"modified":"2020-11-24T09:26:09","modified_gmt":"2020-11-24T09:26:09","slug":"nc-172-biturbo","status":"publish","type":"product","link":"https:\/\/rayt.com\/ca\/producto\/nc-172-biturbo\/","title":{"rendered":"NC 172 Biturbo"},"content":{"rendered":"<p>Pasta autoanivelladora ultrar\u00e0pida, en base de ciment d&#8217;altes prestacions i amb un alt afegit de materials sint\u00e8tics i flu\u00efdificants d&#8217;assecatge molt r\u00e0pid. Extremadament resistent, f\u00e0cil d&#8217;escatar.<br \/>\nMescla: de 6 a 6,5 l aigua per sac de 25 kg.<br \/>\nConsum: 1,5 kg\/m\u00b2 per mm de gruix. Per a gruixos de 10 a 15 mm, s&#8217;ha d&#8217;afegir a la pasta un 30 % de sorra de s\u00edlice d&#8217;1 mm. De 15 a 50 mm, cal afegir 50 % de sorra.<\/p>\n<h4>CARACTER\u00cdSTIQUES<\/h4>\n<p>\u00das interior.<br \/>\nTemps de treball: m\u00e0xim, 15 minuts.<br \/>\nTransitable: despr\u00e9s de 60 minuts.<br \/>\nColor: gris fosc.<br \/>\nCol\u00b7locaci\u00f3 del revestiment: a partir de 60 minuts.* (Un cop que el terra sigui transitable). Parquet, suro, poliolefina i pur, despr\u00e9s de 12 hores.<\/p>\n<p>&nbsp;<\/p>\n","protected":false},"excerpt":{"rendered":"<p>Pasta autoanivelladora ultrar\u00e0pida, en base de ciment d&#8217;altes prestacions i<\/p>\n","protected":false},"featured_media":5500,"comment_status":"open","ping_status":"closed","template":"","meta":{"_acf_changed":false},"product_cat":[342,315],"product_tag":[],"acf":[],"_links":{"self":[{"href":"https:\/\/rayt.com\/ca\/wp-json\/wp\/v2\/product\/1354"}],"collection":[{"href":"https:\/\/rayt.com\/ca\/wp-json\/wp\/v2\/product"}],"about":[{"href":"https:\/\/rayt.com\/ca\/wp-json\/wp\/v2\/types\/product"}],"replies":[{"embeddable":true,"href":"https:\/\/rayt.com\/ca\/wp-json\/wp\/v2\/comments?post=1354"}],"wp:featuredmedia":[{"embeddable":true,"href":"https:\/\/rayt.com\/ca\/wp-json\/wp\/v2\/media\/5500"}],"wp:attachment":[{"href":"https:\/\/rayt.com\/ca\/wp-json\/wp\/v2\/media?parent=1354"}],"wp:term":[{"taxonomy":"product_cat","embeddable":true,"href":"https:\/\/rayt.com\/ca\/wp-json\/wp\/v2\/product_cat?post=1354"},{"taxonomy":"product_tag","embeddable":true,"href":"https:\/\/rayt.com\/ca\/wp-json\/wp\/v2\/product_tag?post=1354"}],"curies":[{"name":"wp","href":"https:\/\/api.w.org\/{rel}","templated":true}]}}