{"id":1391,"date":"2020-10-20T14:47:07","date_gmt":"2020-11-24T09:41:04","guid":{"rendered":"http:\/\/rayt.com\/?post_type=product&#038;p=1391"},"modified":"2020-12-30T09:49:15","modified_gmt":"2020-12-30T09:49:15","slug":"primacola-plus-c-10","status":"publish","type":"product","link":"https:\/\/rayt.com\/ca\/producto\/primacola-plus-c-10\/","title":{"rendered":"Primacola Plus C-10"},"content":{"rendered":"<p>Adhesiu acr\u00edlic sense dissolvent per a paviments de PVC en rotlles i llosetes, moqueta punxonada i suport sint\u00e8tic, revestiments de coco i sisal, amb revers de l\u00e0tex, lin\u00f2leum de fins a 3,2 mm, cautx\u00fa de fins a 4 mm. Adequat tamb\u00e9 per a la instal\u00b7laci\u00f3 de PVC sobre l\u00e0mines d&#8217;interposici\u00f3 i fibra de vidre (antihumitat) en rotlle.<\/p>\n<h4>CARACTER\u00cdSTIQUES<\/h4>\n<p>\u00das interior.<br \/>\nConsum: esp\u00e0tula A5 180 g\/m\u00b2 PVC sobre l\u00e0mina d&#8217;interposici\u00f3. Esp\u00e0tula A2, 250 g\/m\u00b2 en revers llis. Esp\u00e0tula B2, 400 g\/m\u00b2 en rug\u00f3s \/ estructurat. Esp\u00e0tula B3, 450 g\/m\u00b2 en t\u00e8xtil \/ lin\u00f2leum i relleus gruixuts.<br \/>\nAplicaci\u00f3: esp\u00e0tules segons el revers.<\/p>\n","protected":false},"excerpt":{"rendered":"<p>Adhesiu acr\u00edlic sense dissolvent per a paviments de PVC en<\/p>\n","protected":false},"featured_media":1392,"comment_status":"open","ping_status":"closed","template":"","meta":{"_acf_changed":false},"product_cat":[345,348,315],"product_tag":[],"acf":[],"_links":{"self":[{"href":"https:\/\/rayt.com\/ca\/wp-json\/wp\/v2\/product\/1391"}],"collection":[{"href":"https:\/\/rayt.com\/ca\/wp-json\/wp\/v2\/product"}],"about":[{"href":"https:\/\/rayt.com\/ca\/wp-json\/wp\/v2\/types\/product"}],"replies":[{"embeddable":true,"href":"https:\/\/rayt.com\/ca\/wp-json\/wp\/v2\/comments?post=1391"}],"wp:featuredmedia":[{"embeddable":true,"href":"https:\/\/rayt.com\/ca\/wp-json\/wp\/v2\/media\/1392"}],"wp:attachment":[{"href":"https:\/\/rayt.com\/ca\/wp-json\/wp\/v2\/media?parent=1391"}],"wp:term":[{"taxonomy":"product_cat","embeddable":true,"href":"https:\/\/rayt.com\/ca\/wp-json\/wp\/v2\/product_cat?post=1391"},{"taxonomy":"product_tag","embeddable":true,"href":"https:\/\/rayt.com\/ca\/wp-json\/wp\/v2\/product_tag?post=1391"}],"curies":[{"name":"wp","href":"https:\/\/api.w.org\/{rel}","templated":true}]}}