{"id":1428,"date":"2020-10-27T08:55:17","date_gmt":"2020-11-24T10:47:23","guid":{"rendered":"http:\/\/rayt.com\/?post_type=product&#038;p=1428"},"modified":"2021-02-24T10:05:41","modified_gmt":"2021-02-24T10:05:41","slug":"primacola-c-100-premium","status":"publish","type":"product","link":"https:\/\/rayt.com\/ca\/producto\/primacola-c-100-premium\/","title":{"rendered":"Primacola C-100 Premium"},"content":{"rendered":"<p>Adhesiu unilateral polivalent de resines sint\u00e8tiques sense dissolvent.<br \/>\nPossible autoadhesiu. Temps de treball llarg. Possible sobre l\u00e0mina antihumitat.<br \/>\nPer a PVC de tot tipus, paret i terra.<br \/>\nPer a paviments de goma i cautx\u00fa de fins a 4 mm de gruix, moqueta de suport sint\u00e8tic. Sobre bases absorbents o no.<\/p>\n<h4>CARACTER\u00cdSTIQUES<\/h4>\n<p>Consum: esp\u00e0tula A2, 250-320 g\/m\u00b2 sobre PVC, cautx\u00fa i lin\u00f2leum. Esp\u00e0tula A-5, 180-200 g\/m\u00b2 sobre l\u00e0mina antihumitat. Esp\u00e0tula B1, 320-380 g\/m\u00b2 sobre moqueta.<br \/>\nAplicaci\u00f3: esp\u00e0tules segons el revers.<\/p>\n<p>&nbsp;<\/p>\n","protected":false},"excerpt":{"rendered":"<p>Adhesiu unilateral polivalent de resines sint\u00e8tiques sense dissolvent. Possible autoadhesiu.<\/p>\n","protected":false},"featured_media":1425,"comment_status":"open","ping_status":"closed","template":"","meta":{"_acf_changed":false},"product_cat":[345,348,315],"product_tag":[],"acf":[],"_links":{"self":[{"href":"https:\/\/rayt.com\/ca\/wp-json\/wp\/v2\/product\/1428"}],"collection":[{"href":"https:\/\/rayt.com\/ca\/wp-json\/wp\/v2\/product"}],"about":[{"href":"https:\/\/rayt.com\/ca\/wp-json\/wp\/v2\/types\/product"}],"replies":[{"embeddable":true,"href":"https:\/\/rayt.com\/ca\/wp-json\/wp\/v2\/comments?post=1428"}],"wp:featuredmedia":[{"embeddable":true,"href":"https:\/\/rayt.com\/ca\/wp-json\/wp\/v2\/media\/1425"}],"wp:attachment":[{"href":"https:\/\/rayt.com\/ca\/wp-json\/wp\/v2\/media?parent=1428"}],"wp:term":[{"taxonomy":"product_cat","embeddable":true,"href":"https:\/\/rayt.com\/ca\/wp-json\/wp\/v2\/product_cat?post=1428"},{"taxonomy":"product_tag","embeddable":true,"href":"https:\/\/rayt.com\/ca\/wp-json\/wp\/v2\/product_tag?post=1428"}],"curies":[{"name":"wp","href":"https:\/\/api.w.org\/{rel}","templated":true}]}}