{"id":1432,"date":"2020-10-21T09:01:30","date_gmt":"2020-11-24T11:00:49","guid":{"rendered":"http:\/\/rayt.com\/?post_type=product&#038;p=1432"},"modified":"2021-03-01T11:15:35","modified_gmt":"2021-03-01T11:15:35","slug":"c-1703-especial-linoleum","status":"publish","type":"product","link":"https:\/\/rayt.com\/ca\/producto\/c-1703-especial-linoleum\/","title":{"rendered":"C-1703 Especial lin\u00f3leum"},"content":{"rendered":"<p>Adhesiu en dispersi\u00f3 aquosa sense dissolvent desenvolupat especialment per a la instal\u00b7laci\u00f3 de lin\u00f2leum en rotlle, lin\u00f2leum de suro i recobriments compostos de lin\u00f2leum i polivinilclorur amb suport de suro.<br \/>\nSobre bases absorbents.<br \/>\nExcel\u00b7lent tack inicial, pobre en olor, resistent a la calefacci\u00f3 radiant per aigua.<\/p>\n<h4>CARACTER\u00cdSTIQUES<\/h4>\n<p>Consum: 400-450 g\/m\u00b2.<br \/>\nAplicaci\u00f3: esp\u00e0tules dentades B-1 o B-2.<br \/>\nTemperatura de treball: m\u00ednim 15 \u00b0C en el subsol.<\/p>\n<p>&nbsp;<\/p>\n","protected":false},"excerpt":{"rendered":"<p>Adhesiu en dispersi\u00f3 aquosa sense dissolvent desenvolupat especialment per a<\/p>\n","protected":false},"featured_media":1433,"comment_status":"open","ping_status":"closed","template":"","meta":{"_acf_changed":false},"product_cat":[345,351,315],"product_tag":[],"acf":[],"_links":{"self":[{"href":"https:\/\/rayt.com\/ca\/wp-json\/wp\/v2\/product\/1432"}],"collection":[{"href":"https:\/\/rayt.com\/ca\/wp-json\/wp\/v2\/product"}],"about":[{"href":"https:\/\/rayt.com\/ca\/wp-json\/wp\/v2\/types\/product"}],"replies":[{"embeddable":true,"href":"https:\/\/rayt.com\/ca\/wp-json\/wp\/v2\/comments?post=1432"}],"wp:featuredmedia":[{"embeddable":true,"href":"https:\/\/rayt.com\/ca\/wp-json\/wp\/v2\/media\/1433"}],"wp:attachment":[{"href":"https:\/\/rayt.com\/ca\/wp-json\/wp\/v2\/media?parent=1432"}],"wp:term":[{"taxonomy":"product_cat","embeddable":true,"href":"https:\/\/rayt.com\/ca\/wp-json\/wp\/v2\/product_cat?post=1432"},{"taxonomy":"product_tag","embeddable":true,"href":"https:\/\/rayt.com\/ca\/wp-json\/wp\/v2\/product_tag?post=1432"}],"curies":[{"name":"wp","href":"https:\/\/api.w.org\/{rel}","templated":true}]}}