{"id":1443,"date":"2020-10-21T09:10:38","date_gmt":"2020-11-24T11:12:05","guid":{"rendered":"http:\/\/rayt.com\/?post_type=product&#038;p=1443"},"modified":"2021-02-22T10:52:35","modified_gmt":"2021-02-22T10:52:35","slug":"benkola-revestimientos-ligeros","status":"publish","type":"product","link":"https:\/\/rayt.com\/ca\/producto\/benkola-revestimientos-ligeros\/","title":{"rendered":"Benkola Revestimientos ligeros"},"content":{"rendered":"<p>Cola preparada per fer-la servir, de textura fina i f\u00e0cil d&#8217;aplicar per a revestiments vin\u00edlics, amb revers de tela sense teixir o sense revers.<\/p>\n<h4>CARACTER\u00cdSTIQUES<\/h4>\n<p>Adhesi\u00f3 excel\u00b7lent sense olor i no inflamable.<br \/>\nSobre suports normalment absorbents.<br \/>\nF\u00e0cil d&#8217;aplicar sobre la paret tant amb corr\u00f3 de p\u00e8ls curts com amb esp\u00e0tules dentades A-4 o A-5.<br \/>\nRendiment: 150-200 g\/m\u00b2.<br \/>\n\u00das interior.<\/p>\n","protected":false},"excerpt":{"rendered":"<p>Cola preparada per fer-la servir, de textura fina i f\u00e0cil<\/p>\n","protected":false},"featured_media":1444,"comment_status":"open","ping_status":"closed","template":"","meta":{"_acf_changed":false},"product_cat":[345,360,315],"product_tag":[],"acf":[],"_links":{"self":[{"href":"https:\/\/rayt.com\/ca\/wp-json\/wp\/v2\/product\/1443"}],"collection":[{"href":"https:\/\/rayt.com\/ca\/wp-json\/wp\/v2\/product"}],"about":[{"href":"https:\/\/rayt.com\/ca\/wp-json\/wp\/v2\/types\/product"}],"replies":[{"embeddable":true,"href":"https:\/\/rayt.com\/ca\/wp-json\/wp\/v2\/comments?post=1443"}],"wp:featuredmedia":[{"embeddable":true,"href":"https:\/\/rayt.com\/ca\/wp-json\/wp\/v2\/media\/1444"}],"wp:attachment":[{"href":"https:\/\/rayt.com\/ca\/wp-json\/wp\/v2\/media?parent=1443"}],"wp:term":[{"taxonomy":"product_cat","embeddable":true,"href":"https:\/\/rayt.com\/ca\/wp-json\/wp\/v2\/product_cat?post=1443"},{"taxonomy":"product_tag","embeddable":true,"href":"https:\/\/rayt.com\/ca\/wp-json\/wp\/v2\/product_tag?post=1443"}],"curies":[{"name":"wp","href":"https:\/\/api.w.org\/{rel}","templated":true}]}}