{"id":1479,"date":"2020-10-21T11:33:59","date_gmt":"2020-11-24T11:49:28","guid":{"rendered":"http:\/\/rayt.com\/?post_type=product&#038;p=1479"},"modified":"2021-02-22T09:17:42","modified_gmt":"2021-02-22T09:17:42","slug":"c-1278-a-uko","status":"publish","type":"product","link":"https:\/\/rayt.com\/ca\/producto\/c-1278-a-uko\/","title":{"rendered":"C-1278-A UKO"},"content":{"rendered":"<p>+++++++++++++++++++++++++++++++++++++++Adhesiu preparat per fer-lo servir per enrajolar de llosetes cer\u00e0miques sobre altres llosetes ja existents, plaques ac\u00fastiques, a\u00efllants, poliestir\u00e8 expandit (EPS) i extrudit (EPS).<\/p>\n<h4>CARACTER\u00cdSTIQUES<\/h4>\n<p>Consum: 700-1.600 g\/m\u00b2<br \/>\nAplicaci\u00f3: esp\u00e0tules dentades C, H, 31 o 36.<\/p>\n","protected":false},"excerpt":{"rendered":"<p>+++++++++++++++++++++++++++++++++++++++Adhesiu preparat per fer-lo servir per enrajolar de llosetes cer\u00e0miques<\/p>\n","protected":false},"featured_media":1475,"comment_status":"open","ping_status":"closed","template":"","meta":{"_acf_changed":false},"product_cat":[345,366,315],"product_tag":[],"acf":[],"_links":{"self":[{"href":"https:\/\/rayt.com\/ca\/wp-json\/wp\/v2\/product\/1479"}],"collection":[{"href":"https:\/\/rayt.com\/ca\/wp-json\/wp\/v2\/product"}],"about":[{"href":"https:\/\/rayt.com\/ca\/wp-json\/wp\/v2\/types\/product"}],"replies":[{"embeddable":true,"href":"https:\/\/rayt.com\/ca\/wp-json\/wp\/v2\/comments?post=1479"}],"wp:featuredmedia":[{"embeddable":true,"href":"https:\/\/rayt.com\/ca\/wp-json\/wp\/v2\/media\/1475"}],"wp:attachment":[{"href":"https:\/\/rayt.com\/ca\/wp-json\/wp\/v2\/media?parent=1479"}],"wp:term":[{"taxonomy":"product_cat","embeddable":true,"href":"https:\/\/rayt.com\/ca\/wp-json\/wp\/v2\/product_cat?post=1479"},{"taxonomy":"product_tag","embeddable":true,"href":"https:\/\/rayt.com\/ca\/wp-json\/wp\/v2\/product_tag?post=1479"}],"curies":[{"name":"wp","href":"https:\/\/api.w.org\/{rel}","templated":true}]}}