{"id":1488,"date":"2020-10-21T11:36:03","date_gmt":"2020-11-24T12:01:48","guid":{"rendered":"http:\/\/rayt.com\/?post_type=product&#038;p=1488"},"modified":"2023-04-25T14:30:37","modified_gmt":"2023-04-25T14:30:37","slug":"c-79-pu-ab","status":"publish","type":"product","link":"https:\/\/rayt.com\/ca\/producto\/c-79-pu-ab\/","title":{"rendered":"C-79-PU (A+B)"},"content":{"rendered":"<p>Adhesiu de poliuret\u00e0 bicomponent desenvolupat especialment per a la instal\u00b7laci\u00f3 de paviments de goma o cautx\u00fa, en rotlle i llosetes, gespa artificial, PVC sobre soleres absorbents i no absorbents (bases degudament preparades).<\/p>\n<h4>CARACTER\u00cdSTIQUES<\/h4>\n<p>Temps de treball: en env\u00e0s una vegada barrejat, 20 minuts, aprox.<br \/>\nTemps de vida una vegada aplicat: 30 minuts, aprox. (dades basades en 20 \u00b0C i 65&nbsp;% HR).<br \/>\nTemperatura m\u00ednima: 15 \u00b0C.<br \/>\n\u00das: interior i exterior.<br \/>\nCal utilitzar mesclador mec\u00e0nic.<br \/>\nConsum: 250-600 g\/m\u00b2. Revers llis o lleugerament rug\u00f3s.<br \/>\nAplicaci\u00f3: esp\u00e0tules dentades A2, A5, B1 o B2.<br \/>\nExempt d&#8217;aigua i dissolvents.<br \/>\nCal utilitzar mesclador mec\u00e0nic.<\/p>\n<p>&nbsp;<\/p>\n<p><strong>Per a un \u00fas segur de l&#8217;escuma que cont\u00e9 diisocianats, oferim als nostres usuaris una formaci\u00f3 en seguretat; obligat\u00f2ria per a usuaris professionals i industrials.<\/strong><\/p>\n<p><a class=\"fasc-button fasc-size-large fasc-type-flat fasc-style-bold\" style=\"background-color: #ff010b; color: #ffffff;\" target=\"_blank\" rel=\"noopener noreferrer\" href=\"https:\/\/isopa-aisbl.idloom.events\/048-es\">Oferim formaci\u00f3 gratu\u00efta en l\u00ednia, aix\u00ed com certificat final de realitzaci\u00f3, amb el codi seg\u00fcent: FEICA_21_N3<\/a><\/p>\n","protected":false},"excerpt":{"rendered":"<p>Adhesiu de poliuret\u00e0 bicomponent desenvolupat especialment per a la instal\u00b7laci\u00f3<\/p>\n","protected":false},"featured_media":1485,"comment_status":"open","ping_status":"closed","template":"","meta":{"_acf_changed":false},"product_cat":[369,426,315],"product_tag":[],"acf":[],"_links":{"self":[{"href":"https:\/\/rayt.com\/ca\/wp-json\/wp\/v2\/product\/1488"}],"collection":[{"href":"https:\/\/rayt.com\/ca\/wp-json\/wp\/v2\/product"}],"about":[{"href":"https:\/\/rayt.com\/ca\/wp-json\/wp\/v2\/types\/product"}],"replies":[{"embeddable":true,"href":"https:\/\/rayt.com\/ca\/wp-json\/wp\/v2\/comments?post=1488"}],"wp:featuredmedia":[{"embeddable":true,"href":"https:\/\/rayt.com\/ca\/wp-json\/wp\/v2\/media\/1485"}],"wp:attachment":[{"href":"https:\/\/rayt.com\/ca\/wp-json\/wp\/v2\/media?parent=1488"}],"wp:term":[{"taxonomy":"product_cat","embeddable":true,"href":"https:\/\/rayt.com\/ca\/wp-json\/wp\/v2\/product_cat?post=1488"},{"taxonomy":"product_tag","embeddable":true,"href":"https:\/\/rayt.com\/ca\/wp-json\/wp\/v2\/product_tag?post=1488"}],"curies":[{"name":"wp","href":"https:\/\/api.w.org\/{rel}","templated":true}]}}