{"id":1504,"date":"2020-10-21T20:24:15","date_gmt":"2020-11-25T07:43:03","guid":{"rendered":"http:\/\/rayt.com\/?post_type=product&#038;p=1504"},"modified":"2021-02-24T08:45:30","modified_gmt":"2021-02-24T08:45:30","slug":"novopur-parquet","status":"publish","type":"product","link":"https:\/\/rayt.com\/ca\/producto\/novopur-parquet\/","title":{"rendered":"Novopur Parquet"},"content":{"rendered":"<p>Adhesiu elastom\u00e8ric monocomponent que crea una ret\u00edcula per efecte de la humitat atmosf\u00e8rica i que no cont\u00e9 isocianats ni silicones.<br \/>\nEst\u00e0 dissenyat per a tota mena de parquet mass\u00eds de fins a 130 mm de gruix i parquet contraencolat.<br \/>\nAdher\u00e8ncia excel\u00b7lent sobre la majoria de substrats com ara fusta, aglomerat hidr\u00f2fob, bases de ciment o anhidrita, pintures adherents, rajola, pedra, etc.<br \/>\nAplicaci\u00f3 senzilla i no agressiva per al vern\u00eds. \u00c9s adequat per a la instal\u00b7laci\u00f3 de parquet en entorns dif\u00edcils (terres calefactats, banys, etc.).<\/p>\n<h4>CARACTER\u00cdSTIQUES<\/h4>\n<p>Temps de treball: 30 minuts, aprox.<br \/>\nConsum: 1,00-1,20 kg\/m\u00b2. Sense aigua. Sense dissolvent.<br \/>\nAplicaci\u00f3: esp\u00e0tula dentada B-3.<\/p>\n","protected":false},"excerpt":{"rendered":"<p>Adhesiu elastom\u00e8ric monocomponent que crea una ret\u00edcula per efecte de<\/p>\n","protected":false},"featured_media":1501,"comment_status":"open","ping_status":"closed","template":"","meta":{"_acf_changed":false},"product_cat":[369,375,315],"product_tag":[],"acf":[],"_links":{"self":[{"href":"https:\/\/rayt.com\/ca\/wp-json\/wp\/v2\/product\/1504"}],"collection":[{"href":"https:\/\/rayt.com\/ca\/wp-json\/wp\/v2\/product"}],"about":[{"href":"https:\/\/rayt.com\/ca\/wp-json\/wp\/v2\/types\/product"}],"replies":[{"embeddable":true,"href":"https:\/\/rayt.com\/ca\/wp-json\/wp\/v2\/comments?post=1504"}],"wp:featuredmedia":[{"embeddable":true,"href":"https:\/\/rayt.com\/ca\/wp-json\/wp\/v2\/media\/1501"}],"wp:attachment":[{"href":"https:\/\/rayt.com\/ca\/wp-json\/wp\/v2\/media?parent=1504"}],"wp:term":[{"taxonomy":"product_cat","embeddable":true,"href":"https:\/\/rayt.com\/ca\/wp-json\/wp\/v2\/product_cat?post=1504"},{"taxonomy":"product_tag","embeddable":true,"href":"https:\/\/rayt.com\/ca\/wp-json\/wp\/v2\/product_tag?post=1504"}],"curies":[{"name":"wp","href":"https:\/\/api.w.org\/{rel}","templated":true}]}}