{"id":1520,"date":"2020-10-21T07:57:56","date_gmt":"2020-11-25T08:06:17","guid":{"rendered":"http:\/\/rayt.com\/?post_type=product&#038;p=1520"},"modified":"2023-04-25T14:41:08","modified_gmt":"2023-04-25T14:41:08","slug":"novopur-cesped-artificial-bi-componente","status":"publish","type":"product","link":"https:\/\/rayt.com\/ca\/producto\/novopur-cesped-artificial-bi-componente\/","title":{"rendered":"Novopur C\u00e9sped Artificial Bi-componente"},"content":{"rendered":"<p>Adhesiu d&#8217;alta qualitat amb una base especial de resina de dos components, exempt d&#8217;aigua i dissolvents, desenvolupat especialment per a la instal\u00b7laci\u00f3 de gespa artificial, tant en rotlles com en llosetes, sobre bases absorbents i no absorbents. Interiors i exteriors.<br \/>\nEs tracta d&#8217;un adhesiu indicat especialment per encolar grans superf\u00edcies de revestiments per a exteriors, com ara terrasses, zones a l&#8217;aire lliure, vores de piscines, etc.<\/p>\n<h4>CARACTER\u00cdSTIQUES<\/h4>\n<p>Temps de treball: 30 minuts com a m\u00e0xim.<br \/>\nTemps de vida de la barreja a l&#8217;env\u00e0s: 20 minuts com a m\u00e0xim.<br \/>\nConsum: 1.000-1.200 g\/m\u00b2.<br \/>\nAplicaci\u00f3: esp\u00e0tula dentada B3.<\/p>\n<p>&nbsp;<\/p>\n<p><strong>Per a un \u00fas segur de l&#8217;escuma que cont\u00e9 diisocianats, oferim als nostres usuaris una formaci\u00f3 en seguretat; obligat\u00f2ria per a usuaris professionals i industrials.<\/strong><\/p>\n<p><a class=\"fasc-button fasc-size-large fasc-type-flat fasc-style-bold\" style=\"background-color: #ff010b; color: #ffffff;\" target=\"_blank\" rel=\"noopener noreferrer\" href=\"https:\/\/isopa-aisbl.idloom.events\/048-es\">Oferim formaci\u00f3 gratu\u00efta en l\u00ednia, aix\u00ed com certificat final de realitzaci\u00f3, amb el codi seg\u00fcent: FEICA_21_N3<\/a><\/p>\n","protected":false},"excerpt":{"rendered":"<p>Adhesiu d&#8217;alta qualitat amb una base especial de resina de<\/p>\n","protected":false},"featured_media":1516,"comment_status":"open","ping_status":"closed","template":"","meta":{"_acf_changed":false},"product_cat":[369,378,315],"product_tag":[],"acf":[],"_links":{"self":[{"href":"https:\/\/rayt.com\/ca\/wp-json\/wp\/v2\/product\/1520"}],"collection":[{"href":"https:\/\/rayt.com\/ca\/wp-json\/wp\/v2\/product"}],"about":[{"href":"https:\/\/rayt.com\/ca\/wp-json\/wp\/v2\/types\/product"}],"replies":[{"embeddable":true,"href":"https:\/\/rayt.com\/ca\/wp-json\/wp\/v2\/comments?post=1520"}],"wp:featuredmedia":[{"embeddable":true,"href":"https:\/\/rayt.com\/ca\/wp-json\/wp\/v2\/media\/1516"}],"wp:attachment":[{"href":"https:\/\/rayt.com\/ca\/wp-json\/wp\/v2\/media?parent=1520"}],"wp:term":[{"taxonomy":"product_cat","embeddable":true,"href":"https:\/\/rayt.com\/ca\/wp-json\/wp\/v2\/product_cat?post=1520"},{"taxonomy":"product_tag","embeddable":true,"href":"https:\/\/rayt.com\/ca\/wp-json\/wp\/v2\/product_tag?post=1520"}],"curies":[{"name":"wp","href":"https:\/\/api.w.org\/{rel}","templated":true}]}}