{"id":1538,"date":"2020-10-21T08:16:46","date_gmt":"2020-11-25T08:32:51","guid":{"rendered":"http:\/\/rayt.com\/?post_type=product&#038;p=1538"},"modified":"2021-02-24T09:18:31","modified_gmt":"2021-02-24T09:18:31","slug":"banda-de-union-autoadhesiva","status":"publish","type":"product","link":"https:\/\/rayt.com\/ca\/producto\/banda-de-union-autoadhesiva\/","title":{"rendered":"Rayt Banda de uni\u00f3n autoadhesiva"},"content":{"rendered":"<p>Banda d&#8217;uni\u00f3 t\u00e8xtil indicada especialment per a juntes d&#8217;unions de gespa artificial en rotlles que no es vulguin enganxar al terra; especialment en decoraci\u00f3 de terrasses, balcons i interiors.<\/p>\n<h4>CARACTER\u00cdSTIQUES<\/h4>\n<p>Rendiment: 5 metres lineals \/ 10 metres lineals de per\u00edmetre.<\/p>\n","protected":false},"excerpt":{"rendered":"<p>Banda d&#8217;uni\u00f3 t\u00e8xtil indicada especialment per a juntes d&#8217;unions de<\/p>\n","protected":false},"featured_media":1535,"comment_status":"open","ping_status":"closed","template":"","meta":{"_acf_changed":false},"product_cat":[369,378,315],"product_tag":[],"acf":[],"_links":{"self":[{"href":"https:\/\/rayt.com\/ca\/wp-json\/wp\/v2\/product\/1538"}],"collection":[{"href":"https:\/\/rayt.com\/ca\/wp-json\/wp\/v2\/product"}],"about":[{"href":"https:\/\/rayt.com\/ca\/wp-json\/wp\/v2\/types\/product"}],"replies":[{"embeddable":true,"href":"https:\/\/rayt.com\/ca\/wp-json\/wp\/v2\/comments?post=1538"}],"wp:featuredmedia":[{"embeddable":true,"href":"https:\/\/rayt.com\/ca\/wp-json\/wp\/v2\/media\/1535"}],"wp:attachment":[{"href":"https:\/\/rayt.com\/ca\/wp-json\/wp\/v2\/media?parent=1538"}],"wp:term":[{"taxonomy":"product_cat","embeddable":true,"href":"https:\/\/rayt.com\/ca\/wp-json\/wp\/v2\/product_cat?post=1538"},{"taxonomy":"product_tag","embeddable":true,"href":"https:\/\/rayt.com\/ca\/wp-json\/wp\/v2\/product_tag?post=1538"}],"curies":[{"name":"wp","href":"https:\/\/api.w.org\/{rel}","templated":true}]}}