{"id":1547,"date":"2020-10-21T08:11:51","date_gmt":"2020-11-25T08:44:53","guid":{"rendered":"http:\/\/rayt.com\/?post_type=product&#038;p=1547"},"modified":"2021-02-24T09:14:33","modified_gmt":"2021-02-24T09:14:33","slug":"banda-de-union-cesped-artificial","status":"publish","type":"product","link":"https:\/\/rayt.com\/ca\/producto\/banda-de-union-cesped-artificial\/","title":{"rendered":"Rayt Banda de uni\u00f3n c\u00e9sped artificial"},"content":{"rendered":"<p>Banda d&#8217;uni\u00f3 t\u00e8xtil indicada especialment per a juntes d&#8217;unions i per\u00edmetres (un cop units) de gespa artificial en rotlles, que no es vulguin enganxar al terra, com tamb\u00e9 moquetes firals, camps de golf, parcs i jardins, etc.<br \/>\n* Per a l&#8217;enganxament amb l&#8217;adhesiu NOVOPUR C\u00c9SPED ARTIFICIAL.<\/p>\n<h4>CARACTER\u00cdSTIQUES<\/h4>\n<p>Rendiment: 10 metres lineals de per\u00edmetre.<\/p>\n","protected":false},"excerpt":{"rendered":"<p>Banda d&#8217;uni\u00f3 t\u00e8xtil indicada especialment per a juntes d&#8217;unions i<\/p>\n","protected":false},"featured_media":1544,"comment_status":"open","ping_status":"closed","template":"","meta":{"_acf_changed":false},"product_cat":[369,378,315],"product_tag":[],"acf":[],"_links":{"self":[{"href":"https:\/\/rayt.com\/ca\/wp-json\/wp\/v2\/product\/1547"}],"collection":[{"href":"https:\/\/rayt.com\/ca\/wp-json\/wp\/v2\/product"}],"about":[{"href":"https:\/\/rayt.com\/ca\/wp-json\/wp\/v2\/types\/product"}],"replies":[{"embeddable":true,"href":"https:\/\/rayt.com\/ca\/wp-json\/wp\/v2\/comments?post=1547"}],"wp:featuredmedia":[{"embeddable":true,"href":"https:\/\/rayt.com\/ca\/wp-json\/wp\/v2\/media\/1544"}],"wp:attachment":[{"href":"https:\/\/rayt.com\/ca\/wp-json\/wp\/v2\/media?parent=1547"}],"wp:term":[{"taxonomy":"product_cat","embeddable":true,"href":"https:\/\/rayt.com\/ca\/wp-json\/wp\/v2\/product_cat?post=1547"},{"taxonomy":"product_tag","embeddable":true,"href":"https:\/\/rayt.com\/ca\/wp-json\/wp\/v2\/product_tag?post=1547"}],"curies":[{"name":"wp","href":"https:\/\/api.w.org\/{rel}","templated":true}]}}