{"id":1568,"date":"2020-10-20T08:14:22","date_gmt":"2020-11-25T09:14:14","guid":{"rendered":"http:\/\/rayt.com\/?post_type=product&#038;p=1568"},"modified":"2021-02-24T10:26:11","modified_gmt":"2021-02-24T10:26:11","slug":"novopren-polivalente","status":"publish","type":"product","link":"https:\/\/rayt.com\/ca\/producto\/novopren-polivalente\/","title":{"rendered":"Novopren Polivalente"},"content":{"rendered":"<p>Adhesiu de contacte en base de cautx\u00fa cloropr\u00e8 en dissolvents, amb additius que milloren l&#8217;adher\u00e8ncia,<br \/>\nAdequat especialment per a la instal\u00b7laci\u00f3 de revestiments t\u00e8xtils (moquetes) i paviments lleugers (PVC, goma, lin\u00f2leum, suro, etc.), tant sobre bases absorbents com no absorbents convenientment preparades.<\/p>\n<h4>CARACTER\u00cdSTIQUES<\/h4>\n<p>Inflamable.<br \/>\nEn cas que la cola hagi de suportar temperatures superiors als 60\u00a0\u00b0C, cal afegir el nostre vulcanitzador en fred V-7107.<br \/>\nConsum: per cara, 200-250 ml\/m\u00b2.<br \/>\nAplicaci\u00f3: a dues cares. Esp\u00e0tula dentada A-1 o corr\u00f3 de p\u00e8l curt.<br \/>\n\u00das interior.<\/p>\n","protected":false},"excerpt":{"rendered":"<p>Adhesiu de contacte en base de cautx\u00fa cloropr\u00e8 en dissolvents,<\/p>\n","protected":false},"featured_media":1565,"comment_status":"open","ping_status":"closed","template":"","meta":{"_acf_changed":false},"product_cat":[387,315,390],"product_tag":[],"acf":[],"_links":{"self":[{"href":"https:\/\/rayt.com\/ca\/wp-json\/wp\/v2\/product\/1568"}],"collection":[{"href":"https:\/\/rayt.com\/ca\/wp-json\/wp\/v2\/product"}],"about":[{"href":"https:\/\/rayt.com\/ca\/wp-json\/wp\/v2\/types\/product"}],"replies":[{"embeddable":true,"href":"https:\/\/rayt.com\/ca\/wp-json\/wp\/v2\/comments?post=1568"}],"wp:featuredmedia":[{"embeddable":true,"href":"https:\/\/rayt.com\/ca\/wp-json\/wp\/v2\/media\/1565"}],"wp:attachment":[{"href":"https:\/\/rayt.com\/ca\/wp-json\/wp\/v2\/media?parent=1568"}],"wp:term":[{"taxonomy":"product_cat","embeddable":true,"href":"https:\/\/rayt.com\/ca\/wp-json\/wp\/v2\/product_cat?post=1568"},{"taxonomy":"product_tag","embeddable":true,"href":"https:\/\/rayt.com\/ca\/wp-json\/wp\/v2\/product_tag?post=1568"}],"curies":[{"name":"wp","href":"https:\/\/api.w.org\/{rel}","templated":true}]}}