{"id":1577,"date":"2020-10-21T08:30:06","date_gmt":"2020-11-25T09:28:31","guid":{"rendered":"http:\/\/rayt.com\/?post_type=product&#038;p=1577"},"modified":"2021-02-22T11:00:25","modified_gmt":"2021-02-22T11:00:25","slug":"novopren-especial-corcho","status":"publish","type":"product","link":"https:\/\/rayt.com\/ca\/producto\/novopren-especial-corcho\/","title":{"rendered":"Novopren especial corcho"},"content":{"rendered":"<p>Adhesiu de contacte en base de cautx\u00fa cloropr\u00e8 en dissolvents, f\u00e0cil d&#8217;aplicar, per a paviments de suro tant al terra com en parets.<br \/>\nNo adequat per encolar paviments de PVC ni per a poliestir\u00e8 expandit.<\/p>\n<h4>CARACTER\u00cdSTIQUES<\/h4>\n<p>Inflamable.<br \/>\nConsum: 200-250 ml\/m\u00b2 per cara.<br \/>\nAplicaci\u00f3: esp\u00e0tula dentada A1, corr\u00f3 o pinzell.<\/p>\n","protected":false},"excerpt":{"rendered":"<p>Adhesiu de contacte en base de cautx\u00fa cloropr\u00e8 en dissolvents,<\/p>\n","protected":false},"featured_media":1574,"comment_status":"open","ping_status":"closed","template":"","meta":{"_acf_changed":false},"product_cat":[387,315,393],"product_tag":[],"acf":[],"_links":{"self":[{"href":"https:\/\/rayt.com\/ca\/wp-json\/wp\/v2\/product\/1577"}],"collection":[{"href":"https:\/\/rayt.com\/ca\/wp-json\/wp\/v2\/product"}],"about":[{"href":"https:\/\/rayt.com\/ca\/wp-json\/wp\/v2\/types\/product"}],"replies":[{"embeddable":true,"href":"https:\/\/rayt.com\/ca\/wp-json\/wp\/v2\/comments?post=1577"}],"wp:featuredmedia":[{"embeddable":true,"href":"https:\/\/rayt.com\/ca\/wp-json\/wp\/v2\/media\/1574"}],"wp:attachment":[{"href":"https:\/\/rayt.com\/ca\/wp-json\/wp\/v2\/media?parent=1577"}],"wp:term":[{"taxonomy":"product_cat","embeddable":true,"href":"https:\/\/rayt.com\/ca\/wp-json\/wp\/v2\/product_cat?post=1577"},{"taxonomy":"product_tag","embeddable":true,"href":"https:\/\/rayt.com\/ca\/wp-json\/wp\/v2\/product_tag?post=1577"}],"curies":[{"name":"wp","href":"https:\/\/api.w.org\/{rel}","templated":true}]}}