{"id":1585,"date":"2020-10-21T08:39:19","date_gmt":"2020-11-25T09:44:10","guid":{"rendered":"http:\/\/rayt.com\/?post_type=product&#038;p=1585"},"modified":"2021-02-24T08:10:00","modified_gmt":"2021-02-24T08:10:00","slug":"novopren-c-721-a","status":"publish","type":"product","link":"https:\/\/rayt.com\/ca\/producto\/novopren-c-721-a\/","title":{"rendered":"Novopren C-721-A"},"content":{"rendered":"<p>Adhesiu de contacte en base de cautx\u00fa sint\u00e8tic, que cont\u00e9 una combinaci\u00f3 de dissolvents calculada per no atacar el poliestir\u00e8.<br \/>\nAdequat per encolar peces de poliestir\u00e8 expandit (EPS) o extrudit (XPS) amb si mateix o b\u00e9 sobre altres materials (alumini, guix, pedra, ma\u00e7oneria\u2026).<\/p>\n<h4>CARACTER\u00cdSTIQUES<\/h4>\n<p>Inflamable.<br \/>\nConsum: 200-250 ml\/m\u00b2 per cara.<br \/>\nAplicaci\u00f3: esp\u00e0tula dentada A1, corr\u00f3 o pinzell.<\/p>\n","protected":false},"excerpt":{"rendered":"<p>Adhesiu de contacte en base de cautx\u00fa sint\u00e8tic, que cont\u00e9<\/p>\n","protected":false},"featured_media":2538,"comment_status":"open","ping_status":"closed","template":"","meta":{"_acf_changed":false},"product_cat":[387,315,393],"product_tag":[],"acf":[],"_links":{"self":[{"href":"https:\/\/rayt.com\/ca\/wp-json\/wp\/v2\/product\/1585"}],"collection":[{"href":"https:\/\/rayt.com\/ca\/wp-json\/wp\/v2\/product"}],"about":[{"href":"https:\/\/rayt.com\/ca\/wp-json\/wp\/v2\/types\/product"}],"replies":[{"embeddable":true,"href":"https:\/\/rayt.com\/ca\/wp-json\/wp\/v2\/comments?post=1585"}],"wp:featuredmedia":[{"embeddable":true,"href":"https:\/\/rayt.com\/ca\/wp-json\/wp\/v2\/media\/2538"}],"wp:attachment":[{"href":"https:\/\/rayt.com\/ca\/wp-json\/wp\/v2\/media?parent=1585"}],"wp:term":[{"taxonomy":"product_cat","embeddable":true,"href":"https:\/\/rayt.com\/ca\/wp-json\/wp\/v2\/product_cat?post=1585"},{"taxonomy":"product_tag","embeddable":true,"href":"https:\/\/rayt.com\/ca\/wp-json\/wp\/v2\/product_tag?post=1585"}],"curies":[{"name":"wp","href":"https:\/\/api.w.org\/{rel}","templated":true}]}}