{"id":1593,"date":"2020-10-21T07:42:19","date_gmt":"2020-10-21T07:42:19","guid":{"rendered":"http:\/\/rayt.com\/?post_type=product&#038;p=1593"},"modified":"2021-02-25T09:07:50","modified_gmt":"2021-02-25T09:07:50","slug":"novopren-cesped-c-2299-a","status":"publish","type":"product","link":"https:\/\/rayt.com\/ca\/producto\/novopren-cesped-c-2299-a\/","title":{"rendered":"Novopren C\u00e9sped C-2299-A"},"content":{"rendered":"<p>Adhesiu de contacte en base de cautx\u00fa sint\u00e8tic especial per a gespa artificial.<br \/>\nEs tracta d&#8217;un adhesiu indicat especialment per encolar grans superf\u00edcies de revestiments exteriors, com ara terrasses, zones a l&#8217;aire lliure, vores de piscines, etc.<\/p>\n<h4>CARACTER\u00cdSTIQUES<\/h4>\n<p>Inflamable.<br \/>\nConsum: 300-350 g\/m\u00b2 per cara.<br \/>\nAplicaci\u00f3: corr\u00f3 o esp\u00e0tula dentada.<\/p>\n","protected":false},"excerpt":{"rendered":"<p>Adhesiu de contacte en base de cautx\u00fa sint\u00e8tic especial per<\/p>\n","protected":false},"featured_media":1590,"comment_status":"open","ping_status":"closed","template":"","meta":{"_acf_changed":false},"product_cat":[387,315,393],"product_tag":[],"acf":[],"_links":{"self":[{"href":"https:\/\/rayt.com\/ca\/wp-json\/wp\/v2\/product\/1593"}],"collection":[{"href":"https:\/\/rayt.com\/ca\/wp-json\/wp\/v2\/product"}],"about":[{"href":"https:\/\/rayt.com\/ca\/wp-json\/wp\/v2\/types\/product"}],"replies":[{"embeddable":true,"href":"https:\/\/rayt.com\/ca\/wp-json\/wp\/v2\/comments?post=1593"}],"wp:featuredmedia":[{"embeddable":true,"href":"https:\/\/rayt.com\/ca\/wp-json\/wp\/v2\/media\/1590"}],"wp:attachment":[{"href":"https:\/\/rayt.com\/ca\/wp-json\/wp\/v2\/media?parent=1593"}],"wp:term":[{"taxonomy":"product_cat","embeddable":true,"href":"https:\/\/rayt.com\/ca\/wp-json\/wp\/v2\/product_cat?post=1593"},{"taxonomy":"product_tag","embeddable":true,"href":"https:\/\/rayt.com\/ca\/wp-json\/wp\/v2\/product_tag?post=1593"}],"curies":[{"name":"wp","href":"https:\/\/api.w.org\/{rel}","templated":true}]}}