{"id":1598,"date":"2020-10-27T13:40:17","date_gmt":"2020-10-27T13:40:17","guid":{"rendered":"http:\/\/rayt.com\/?post_type=product&#038;p=1598"},"modified":"2020-11-25T10:10:47","modified_gmt":"2020-11-25T10:10:47","slug":"novopren-c-245","status":"publish","type":"product","link":"https:\/\/rayt.com\/ca\/producto\/novopren-c-245\/","title":{"rendered":"Novopren C-245"},"content":{"rendered":"<p>Adhesiu de massilla a base de policloropr\u00e8 i resines. Producte formulat especialment per a la fixaci\u00f3 de pivots met\u00e0l\u00b7lics a les operacions d&#8217;instal\u00b7laci\u00f3 de terres elevats.<\/p>\n<h4>CARACTER\u00cdSTIQUES<\/h4>\n<p>Assecatge r\u00e0pid.<br \/>\nConsum: 100 g aprox. per pivot.<\/p>\n<p>&nbsp;<\/p>\n","protected":false},"excerpt":{"rendered":"<p>Adhesiu de massilla a base de policloropr\u00e8 i resines. Producte<\/p>\n","protected":false},"featured_media":1599,"comment_status":"open","ping_status":"closed","template":"","meta":{"_acf_changed":false},"product_cat":[396,315],"product_tag":[],"acf":[],"_links":{"self":[{"href":"https:\/\/rayt.com\/ca\/wp-json\/wp\/v2\/product\/1598"}],"collection":[{"href":"https:\/\/rayt.com\/ca\/wp-json\/wp\/v2\/product"}],"about":[{"href":"https:\/\/rayt.com\/ca\/wp-json\/wp\/v2\/types\/product"}],"replies":[{"embeddable":true,"href":"https:\/\/rayt.com\/ca\/wp-json\/wp\/v2\/comments?post=1598"}],"wp:featuredmedia":[{"embeddable":true,"href":"https:\/\/rayt.com\/ca\/wp-json\/wp\/v2\/media\/1599"}],"wp:attachment":[{"href":"https:\/\/rayt.com\/ca\/wp-json\/wp\/v2\/media?parent=1598"}],"wp:term":[{"taxonomy":"product_cat","embeddable":true,"href":"https:\/\/rayt.com\/ca\/wp-json\/wp\/v2\/product_cat?post=1598"},{"taxonomy":"product_tag","embeddable":true,"href":"https:\/\/rayt.com\/ca\/wp-json\/wp\/v2\/product_tag?post=1598"}],"curies":[{"name":"wp","href":"https:\/\/api.w.org\/{rel}","templated":true}]}}