{"id":1617,"date":"2020-10-19T08:26:02","date_gmt":"2020-10-19T08:26:02","guid":{"rendered":"http:\/\/rayt.com\/?post_type=product&#038;p=1617"},"modified":"2021-02-25T08:58:48","modified_gmt":"2021-02-25T08:58:48","slug":"botellin-cola-blanca-super-fuerte","status":"publish","type":"product","link":"https:\/\/rayt.com\/ca\/producto\/botellin-cola-blanca-super-fuerte\/","title":{"rendered":"Botell\u00edn Cola Blanca S\u00faper Fuerte"},"content":{"rendered":"<p>Cola blanca r\u00e0pida per encolar fusta amb fusta en la instal\u00b7laci\u00f3 de parquet flotant en zones on no sigui necess\u00e0ria la resist\u00e8ncia a la humitat.<\/p>\n<h4>CARACTER\u00cdSTIQUES<\/h4>\n<p>Aplicaci\u00f3 mitjan\u00e7ant filtre de l&#8217;env\u00e0s.<\/p>\n<p>&nbsp;<\/p>\n","protected":false},"excerpt":{"rendered":"<p>Cola blanca r\u00e0pida per encolar fusta amb fusta en la<\/p>\n","protected":false},"featured_media":8608,"comment_status":"open","ping_status":"closed","template":"","meta":{"_acf_changed":false},"product_cat":[399,315],"product_tag":[],"acf":[],"_links":{"self":[{"href":"https:\/\/rayt.com\/ca\/wp-json\/wp\/v2\/product\/1617"}],"collection":[{"href":"https:\/\/rayt.com\/ca\/wp-json\/wp\/v2\/product"}],"about":[{"href":"https:\/\/rayt.com\/ca\/wp-json\/wp\/v2\/types\/product"}],"replies":[{"embeddable":true,"href":"https:\/\/rayt.com\/ca\/wp-json\/wp\/v2\/comments?post=1617"}],"wp:featuredmedia":[{"embeddable":true,"href":"https:\/\/rayt.com\/ca\/wp-json\/wp\/v2\/media\/8608"}],"wp:attachment":[{"href":"https:\/\/rayt.com\/ca\/wp-json\/wp\/v2\/media?parent=1617"}],"wp:term":[{"taxonomy":"product_cat","embeddable":true,"href":"https:\/\/rayt.com\/ca\/wp-json\/wp\/v2\/product_cat?post=1617"},{"taxonomy":"product_tag","embeddable":true,"href":"https:\/\/rayt.com\/ca\/wp-json\/wp\/v2\/product_tag?post=1617"}],"curies":[{"name":"wp","href":"https:\/\/api.w.org\/{rel}","templated":true}]}}