{"id":1620,"date":"2020-11-16T09:11:47","date_gmt":"2020-11-16T09:11:47","guid":{"rendered":"http:\/\/rayt.com\/?post_type=product&#038;p=1620"},"modified":"2021-02-24T10:28:21","modified_gmt":"2021-02-24T10:28:21","slug":"botellin-cola-blanca-exterior-d3","status":"publish","type":"product","link":"https:\/\/rayt.com\/ca\/producto\/botellin-cola-blanca-exterior-d3\/","title":{"rendered":"Botell\u00edn Cola Blanca Exterior D3"},"content":{"rendered":"<p>Cola blanca r\u00e0pida per encolar fusta amb fusta en la instal\u00b7laci\u00f3 de parquet flotant.<br \/>\nResistent a la humitat.<br \/>\nCompleix la norma D3 (EN-204).<\/p>\n<h4>CARACTER\u00cdSTIQUES<\/h4>\n<p>Aplicaci\u00f3 mitjan\u00e7ant filtre de l&#8217;env\u00e0s.<\/p>\n<p>&nbsp;<\/p>\n","protected":false},"excerpt":{"rendered":"<p>Cola blanca r\u00e0pida per encolar fusta amb fusta en la<\/p>\n","protected":false},"featured_media":8702,"comment_status":"open","ping_status":"closed","template":"","meta":{"_acf_changed":false},"product_cat":[399,315],"product_tag":[],"acf":[],"_links":{"self":[{"href":"https:\/\/rayt.com\/ca\/wp-json\/wp\/v2\/product\/1620"}],"collection":[{"href":"https:\/\/rayt.com\/ca\/wp-json\/wp\/v2\/product"}],"about":[{"href":"https:\/\/rayt.com\/ca\/wp-json\/wp\/v2\/types\/product"}],"replies":[{"embeddable":true,"href":"https:\/\/rayt.com\/ca\/wp-json\/wp\/v2\/comments?post=1620"}],"wp:featuredmedia":[{"embeddable":true,"href":"https:\/\/rayt.com\/ca\/wp-json\/wp\/v2\/media\/8702"}],"wp:attachment":[{"href":"https:\/\/rayt.com\/ca\/wp-json\/wp\/v2\/media?parent=1620"}],"wp:term":[{"taxonomy":"product_cat","embeddable":true,"href":"https:\/\/rayt.com\/ca\/wp-json\/wp\/v2\/product_cat?post=1620"},{"taxonomy":"product_tag","embeddable":true,"href":"https:\/\/rayt.com\/ca\/wp-json\/wp\/v2\/product_tag?post=1620"}],"curies":[{"name":"wp","href":"https:\/\/api.w.org\/{rel}","templated":true}]}}