{"id":1627,"date":"2020-10-22T06:51:41","date_gmt":"2020-11-25T10:54:38","guid":{"rendered":"http:\/\/rayt.com\/?post_type=product&#038;p=1627"},"modified":"2020-11-25T10:54:38","modified_gmt":"2020-11-25T10:54:38","slug":"u-1000","status":"publish","type":"product","link":"https:\/\/rayt.com\/ca\/producto\/u-1000\/","title":{"rendered":"U-1000"},"content":{"rendered":"<p>Mitj\u00e0 dispersador d&#8217;emprimaci\u00f3 adherent en base aquosa pr\u00e8via a la col\u00b7locaci\u00f3 de llosetes t\u00e8xtils autoadherents. Impedeix el moviment lateral de les llosetes, per\u00f2 permet extreure-les f\u00e0cilment.<br \/>\nSobre bases absorbents o no.<\/p>\n<h4>CARACTER\u00cdSTIQUES<\/h4>\n<p>\u00das interior.<br \/>\n\u00c9s compatible amb la nostra emprimaci\u00f3 C-1346-A.<br \/>\nInstal\u00b7laci\u00f3 una vegada sec al tacte.<br \/>\nConsum: 60-70 g\/m\u00b2.<br \/>\nAplicaci\u00f3: corr\u00f3 de p\u00e8l curt o d&#8217;escuma.<\/p>\n","protected":false},"excerpt":{"rendered":"<p>Mitj\u00e0 dispersador d&#8217;emprimaci\u00f3 adherent en base aquosa pr\u00e8via a la<\/p>\n","protected":false},"featured_media":1624,"comment_status":"open","ping_status":"closed","template":"","meta":{"_acf_changed":false},"product_cat":[402,405,315],"product_tag":[],"acf":[],"_links":{"self":[{"href":"https:\/\/rayt.com\/ca\/wp-json\/wp\/v2\/product\/1627"}],"collection":[{"href":"https:\/\/rayt.com\/ca\/wp-json\/wp\/v2\/product"}],"about":[{"href":"https:\/\/rayt.com\/ca\/wp-json\/wp\/v2\/types\/product"}],"replies":[{"embeddable":true,"href":"https:\/\/rayt.com\/ca\/wp-json\/wp\/v2\/comments?post=1627"}],"wp:featuredmedia":[{"embeddable":true,"href":"https:\/\/rayt.com\/ca\/wp-json\/wp\/v2\/media\/1624"}],"wp:attachment":[{"href":"https:\/\/rayt.com\/ca\/wp-json\/wp\/v2\/media?parent=1627"}],"wp:term":[{"taxonomy":"product_cat","embeddable":true,"href":"https:\/\/rayt.com\/ca\/wp-json\/wp\/v2\/product_cat?post=1627"},{"taxonomy":"product_tag","embeddable":true,"href":"https:\/\/rayt.com\/ca\/wp-json\/wp\/v2\/product_tag?post=1627"}],"curies":[{"name":"wp","href":"https:\/\/api.w.org\/{rel}","templated":true}]}}