{"id":1638,"date":"2020-11-12T11:06:07","date_gmt":"2020-11-25T11:14:14","guid":{"rendered":"http:\/\/rayt.com\/?post_type=product&#038;p=1638"},"modified":"2020-11-25T11:14:14","modified_gmt":"2020-11-25T11:14:14","slug":"sella-fix-pavimentos-laminados","status":"publish","type":"product","link":"https:\/\/rayt.com\/ca\/producto\/sella-fix-pavimentos-laminados\/","title":{"rendered":"Sella-Fix Pavimentos laminados"},"content":{"rendered":"<p>Segellador d&#8217;estanquitat l\u00edquid per a terres laminats i parquets flotants.<br \/>\nBloqueja la filtraci\u00f3 de l\u00edquids entre juntes de l\u00e0mines.<br \/>\nCompatible amb la majoria de sistemes de clic.<\/p>\n<h4>CARACTER\u00cdSTIQUES<\/h4>\n<p>F\u00e0cil d&#8217;aplicar.<br \/>\nAssecatge r\u00e0pid.<br \/>\nUna vegada sec, el sobrant s&#8217;elimina amb facilitat.<br \/>\nNo taca.<\/p>\n<p>&nbsp;<\/p>\n","protected":false},"excerpt":{"rendered":"<p>Segellador d&#8217;estanquitat l\u00edquid per a terres laminats i parquets flotants.<\/p>\n","protected":false},"featured_media":5721,"comment_status":"open","ping_status":"closed","template":"","meta":{"_acf_changed":false},"product_cat":[411,315,408],"product_tag":[],"acf":[],"_links":{"self":[{"href":"https:\/\/rayt.com\/ca\/wp-json\/wp\/v2\/product\/1638"}],"collection":[{"href":"https:\/\/rayt.com\/ca\/wp-json\/wp\/v2\/product"}],"about":[{"href":"https:\/\/rayt.com\/ca\/wp-json\/wp\/v2\/types\/product"}],"replies":[{"embeddable":true,"href":"https:\/\/rayt.com\/ca\/wp-json\/wp\/v2\/comments?post=1638"}],"wp:featuredmedia":[{"embeddable":true,"href":"https:\/\/rayt.com\/ca\/wp-json\/wp\/v2\/media\/5721"}],"wp:attachment":[{"href":"https:\/\/rayt.com\/ca\/wp-json\/wp\/v2\/media?parent=1638"}],"wp:term":[{"taxonomy":"product_cat","embeddable":true,"href":"https:\/\/rayt.com\/ca\/wp-json\/wp\/v2\/product_cat?post=1638"},{"taxonomy":"product_tag","embeddable":true,"href":"https:\/\/rayt.com\/ca\/wp-json\/wp\/v2\/product_tag?post=1638"}],"curies":[{"name":"wp","href":"https:\/\/api.w.org\/{rel}","templated":true}]}}