{"id":1653,"date":"2020-10-23T09:04:34","date_gmt":"2020-10-23T09:04:34","guid":{"rendered":"http:\/\/rayt.com\/?post_type=product&#038;p=1653"},"modified":"2021-02-24T08:52:23","modified_gmt":"2021-02-24T08:52:23","slug":"sella-fix-rodapies","status":"publish","type":"product","link":"https:\/\/rayt.com\/ca\/producto\/sella-fix-rodapies\/","title":{"rendered":"Sella-Fix Rodapi\u00e9s"},"content":{"rendered":"<p>Adhesiu en base d&#8217;aigua, per enganxar entornpeus i s\u00f2cols laminats de fusta, amb capacitat tamb\u00e9 segelladora i omplidora de juntes (de l&#8217;entornpeu i la paret, i junta perimetral entre el s\u00f2col\/entornpeu i el laminatge). Apte tamb\u00e9 per a altres materials com ara poliestir\u00e8 expandit o extrudit en llosetes o plafons, a\u00efllants cl\u00e0ssics per a la construcci\u00f3 i cornises decoratives.<\/p>\n<h4>CARACTER\u00cdSTIQUES<\/h4>\n<p>Rendiment: enganxament per cordons de 5 mm de di\u00e0metre, 15 m per cartutx. Enganxament per punts o esp\u00e0tula, de 300 a 1.000 g\/m\u00b2.<br \/>\nSense dissolvents.<br \/>\nSense olor.<br \/>\nPer a \u00fas interior.<br \/>\nPintable.<br \/>\nPreparat per fer-lo servir.<br \/>\nAplicaci\u00f3 amb pistola aplicadora de segellador.<\/p>\n<p>&nbsp;<\/p>\n","protected":false},"excerpt":{"rendered":"<p>Adhesiu en base d&#8217;aigua, per enganxar entornpeus i s\u00f2cols laminats<\/p>\n","protected":false},"featured_media":1654,"comment_status":"open","ping_status":"closed","template":"","meta":{"_acf_changed":false},"product_cat":[315,408,414],"product_tag":[],"acf":[],"_links":{"self":[{"href":"https:\/\/rayt.com\/ca\/wp-json\/wp\/v2\/product\/1653"}],"collection":[{"href":"https:\/\/rayt.com\/ca\/wp-json\/wp\/v2\/product"}],"about":[{"href":"https:\/\/rayt.com\/ca\/wp-json\/wp\/v2\/types\/product"}],"replies":[{"embeddable":true,"href":"https:\/\/rayt.com\/ca\/wp-json\/wp\/v2\/comments?post=1653"}],"wp:featuredmedia":[{"embeddable":true,"href":"https:\/\/rayt.com\/ca\/wp-json\/wp\/v2\/media\/1654"}],"wp:attachment":[{"href":"https:\/\/rayt.com\/ca\/wp-json\/wp\/v2\/media?parent=1653"}],"wp:term":[{"taxonomy":"product_cat","embeddable":true,"href":"https:\/\/rayt.com\/ca\/wp-json\/wp\/v2\/product_cat?post=1653"},{"taxonomy":"product_tag","embeddable":true,"href":"https:\/\/rayt.com\/ca\/wp-json\/wp\/v2\/product_tag?post=1653"}],"curies":[{"name":"wp","href":"https:\/\/api.w.org\/{rel}","templated":true}]}}