{"id":1663,"date":"2020-10-22T07:48:38","date_gmt":"2020-11-25T11:53:04","guid":{"rendered":"http:\/\/rayt.com\/?post_type=product&#038;p=1663"},"modified":"2021-02-24T11:16:45","modified_gmt":"2021-02-24T11:16:45","slug":"novosil-int-ext-pintable","status":"publish","type":"product","link":"https:\/\/rayt.com\/ca\/producto\/novosil-int-ext-pintable\/","title":{"rendered":"Novosil Int-Ext Pintable"},"content":{"rendered":"<p>Massilla en base siliconada per aplicar en juntes interiors de finestres i portes que tinguin un cert moviment (de fins a un 20\u00a0%). Tamb\u00e9 apte per a fusta, cer\u00e0mica, cart\u00f3 guix, etc., i per segellar caixes i contenidors. Aplicaci\u00f3 mitjan\u00e7ant pistola aplicadora de segellador.<\/p>\n<h4>CARACTER\u00cdSTIQUES<\/h4>\n<p>Cont\u00e9 fungicida.<br \/>\nPer a \u00fas interior i exterior.<br \/>\nResistent a la humitat.<br \/>\nSense dissolvents.<br \/>\nPintable per a un millor acabat.<br \/>\nAplicaci\u00f3: pistola tipus silicona.<\/p>\n","protected":false},"excerpt":{"rendered":"<p>Massilla en base siliconada per aplicar en juntes interiors de<\/p>\n","protected":false},"featured_media":1664,"comment_status":"open","ping_status":"closed","template":"","meta":{"_acf_changed":false},"product_cat":[315,408,414],"product_tag":[],"acf":[],"_links":{"self":[{"href":"https:\/\/rayt.com\/ca\/wp-json\/wp\/v2\/product\/1663"}],"collection":[{"href":"https:\/\/rayt.com\/ca\/wp-json\/wp\/v2\/product"}],"about":[{"href":"https:\/\/rayt.com\/ca\/wp-json\/wp\/v2\/types\/product"}],"replies":[{"embeddable":true,"href":"https:\/\/rayt.com\/ca\/wp-json\/wp\/v2\/comments?post=1663"}],"wp:featuredmedia":[{"embeddable":true,"href":"https:\/\/rayt.com\/ca\/wp-json\/wp\/v2\/media\/1664"}],"wp:attachment":[{"href":"https:\/\/rayt.com\/ca\/wp-json\/wp\/v2\/media?parent=1663"}],"wp:term":[{"taxonomy":"product_cat","embeddable":true,"href":"https:\/\/rayt.com\/ca\/wp-json\/wp\/v2\/product_cat?post=1663"},{"taxonomy":"product_tag","embeddable":true,"href":"https:\/\/rayt.com\/ca\/wp-json\/wp\/v2\/product_tag?post=1663"}],"curies":[{"name":"wp","href":"https:\/\/api.w.org\/{rel}","templated":true}]}}