{"id":1676,"date":"2020-11-12T10:40:30","date_gmt":"2020-11-26T08:40:45","guid":{"rendered":"http:\/\/rayt.com\/?post_type=product&#038;p=1676"},"modified":"2020-11-26T08:40:45","modified_gmt":"2020-11-26T08:40:45","slug":"pintura-acrilica-suelo","status":"publish","type":"product","link":"https:\/\/rayt.com\/ca\/producto\/pintura-acrilica-suelo\/","title":{"rendered":"Pintura acr\u00edlica suelo"},"content":{"rendered":"<p>Pintura acr\u00edlica en dispersi\u00f3 aquosa, per pintar terres d&#8217;obra, formig\u00f3 i pedra en els quals se circuli amb sabatilles o sabates suau. Disposa d&#8217;unes propietats excel\u00b7lents de resist\u00e8ncia a l&#8217;abrasi\u00f3, a la intemp\u00e8rie i als agents atmosf\u00e8rics.<\/p>\n<h4>CARACTER\u00cdSTIQUES<\/h4>\n<p>Aplicaci\u00f3: brotxa, corr\u00f3, pistola aerogr\u00e0fica\/airless.<br \/>\nAcabat: mat.<br \/>\nAssecatge: al tacte, 30\/60 minuts.<br \/>\nRepintada: m\u00ednim 6 hores.<br \/>\nDiluci\u00f3: aigua del 5\u00a0% al 25\u00a0%.<\/p>\n","protected":false},"excerpt":{"rendered":"<p>Pintura acr\u00edlica en dispersi\u00f3 aquosa, per pintar terres d&#8217;obra, formig\u00f3<\/p>\n","protected":false},"featured_media":0,"comment_status":"open","ping_status":"closed","template":"","meta":{"_acf_changed":false},"product_cat":[417,315],"product_tag":[],"acf":[],"_links":{"self":[{"href":"https:\/\/rayt.com\/ca\/wp-json\/wp\/v2\/product\/1676"}],"collection":[{"href":"https:\/\/rayt.com\/ca\/wp-json\/wp\/v2\/product"}],"about":[{"href":"https:\/\/rayt.com\/ca\/wp-json\/wp\/v2\/types\/product"}],"replies":[{"embeddable":true,"href":"https:\/\/rayt.com\/ca\/wp-json\/wp\/v2\/comments?post=1676"}],"wp:attachment":[{"href":"https:\/\/rayt.com\/ca\/wp-json\/wp\/v2\/media?parent=1676"}],"wp:term":[{"taxonomy":"product_cat","embeddable":true,"href":"https:\/\/rayt.com\/ca\/wp-json\/wp\/v2\/product_cat?post=1676"},{"taxonomy":"product_tag","embeddable":true,"href":"https:\/\/rayt.com\/ca\/wp-json\/wp\/v2\/product_tag?post=1676"}],"curies":[{"name":"wp","href":"https:\/\/api.w.org\/{rel}","templated":true}]}}