{"id":1679,"date":"2020-10-22T08:37:17","date_gmt":"2020-10-22T08:37:17","guid":{"rendered":"http:\/\/rayt.com\/?post_type=product&#038;p=1679"},"modified":"2021-02-24T08:56:32","modified_gmt":"2021-02-24T08:56:32","slug":"novosil-sellador","status":"publish","type":"product","link":"https:\/\/rayt.com\/ca\/producto\/novosil-sellador\/","title":{"rendered":"Novosil Sellador"},"content":{"rendered":"<p>Segellador de fusta en base aquosa, f\u00e0cil d&#8217;aplicar i de netejar amb aigua, per a segellament de juntes d&#8217;entornpeus, s\u00f2cols laminats i fusta sobre guix, escaiola, pladur, ma\u00f3, cer\u00e0mica i PVC.<\/p>\n<h4>CARACTER\u00cdSTIQUES<\/h4>\n<p>Per a \u00fas interior i exterior.<br \/>\nSense dissolvents.<br \/>\nPreparat per fer-lo servir<br \/>\nPintable.<br \/>\nAplicaci\u00f3: pistola tipus silicona.<\/p>\n","protected":false},"excerpt":{"rendered":"<p>Segellador de fusta en base aquosa, f\u00e0cil d&#8217;aplicar i de<\/p>\n","protected":false},"featured_media":8727,"comment_status":"open","ping_status":"closed","template":"","meta":{"_acf_changed":false},"product_cat":[315,408,414],"product_tag":[],"acf":[],"_links":{"self":[{"href":"https:\/\/rayt.com\/ca\/wp-json\/wp\/v2\/product\/1679"}],"collection":[{"href":"https:\/\/rayt.com\/ca\/wp-json\/wp\/v2\/product"}],"about":[{"href":"https:\/\/rayt.com\/ca\/wp-json\/wp\/v2\/types\/product"}],"replies":[{"embeddable":true,"href":"https:\/\/rayt.com\/ca\/wp-json\/wp\/v2\/comments?post=1679"}],"wp:featuredmedia":[{"embeddable":true,"href":"https:\/\/rayt.com\/ca\/wp-json\/wp\/v2\/media\/8727"}],"wp:attachment":[{"href":"https:\/\/rayt.com\/ca\/wp-json\/wp\/v2\/media?parent=1679"}],"wp:term":[{"taxonomy":"product_cat","embeddable":true,"href":"https:\/\/rayt.com\/ca\/wp-json\/wp\/v2\/product_cat?post=1679"},{"taxonomy":"product_tag","embeddable":true,"href":"https:\/\/rayt.com\/ca\/wp-json\/wp\/v2\/product_tag?post=1679"}],"curies":[{"name":"wp","href":"https:\/\/api.w.org\/{rel}","templated":true}]}}