{"id":1713,"date":"2020-11-16T09:23:46","date_gmt":"2020-11-26T09:39:01","guid":{"rendered":"http:\/\/rayt.com\/?post_type=product&#038;p=1713"},"modified":"2020-11-26T09:39:01","modified_gmt":"2020-11-26T09:39:01","slug":"espatulas-madre","status":"publish","type":"product","link":"https:\/\/rayt.com\/ca\/producto\/espatulas-madre\/","title":{"rendered":"Esp\u00e1tulas madre"},"content":{"rendered":"<p>Esp\u00e0tules mare ergon\u00f2miques de 21 i 28 cm.<\/p>\n","protected":false},"excerpt":{"rendered":"<p>Esp\u00e0tules mare ergon\u00f2miques de 21 i 28 cm.<\/p>\n","protected":false},"featured_media":1714,"comment_status":"open","ping_status":"closed","template":"","meta":{"_acf_changed":false},"product_cat":[423,315],"product_tag":[],"acf":[],"_links":{"self":[{"href":"https:\/\/rayt.com\/ca\/wp-json\/wp\/v2\/product\/1713"}],"collection":[{"href":"https:\/\/rayt.com\/ca\/wp-json\/wp\/v2\/product"}],"about":[{"href":"https:\/\/rayt.com\/ca\/wp-json\/wp\/v2\/types\/product"}],"replies":[{"embeddable":true,"href":"https:\/\/rayt.com\/ca\/wp-json\/wp\/v2\/comments?post=1713"}],"wp:featuredmedia":[{"embeddable":true,"href":"https:\/\/rayt.com\/ca\/wp-json\/wp\/v2\/media\/1714"}],"wp:attachment":[{"href":"https:\/\/rayt.com\/ca\/wp-json\/wp\/v2\/media?parent=1713"}],"wp:term":[{"taxonomy":"product_cat","embeddable":true,"href":"https:\/\/rayt.com\/ca\/wp-json\/wp\/v2\/product_cat?post=1713"},{"taxonomy":"product_tag","embeddable":true,"href":"https:\/\/rayt.com\/ca\/wp-json\/wp\/v2\/product_tag?post=1713"}],"curies":[{"name":"wp","href":"https:\/\/api.w.org\/{rel}","templated":true}]}}