{"id":1726,"date":"2020-10-21T07:54:46","date_gmt":"2020-11-26T10:42:26","guid":{"rendered":"http:\/\/rayt.com\/?post_type=product&#038;p=1726"},"modified":"2021-06-23T11:15:17","modified_gmt":"2021-06-23T11:15:17","slug":"disolvente-universal","status":"publish","type":"product","link":"https:\/\/rayt.com\/ca\/producto\/disolvente-universal\/","title":{"rendered":"Disolvente universal"},"content":{"rendered":"<p>Dissolvent universal per a laques i vernissos.<br \/>\nApte tamb\u00e9 per ajustar la viscositat d&#8217;aplicaci\u00f3 i diluci\u00f3 d&#8217;altres productes, i per a la neteja d&#8217;equips.<\/p>\n","protected":false},"excerpt":{"rendered":"<p>Dissolvent universal per a laques i vernissos. Apte tamb\u00e9 per<\/p>\n","protected":false},"featured_media":5310,"comment_status":"open","ping_status":"closed","template":"","meta":{"_acf_changed":false},"product_cat":[441,1802,436],"product_tag":[],"acf":[],"_links":{"self":[{"href":"https:\/\/rayt.com\/ca\/wp-json\/wp\/v2\/product\/1726"}],"collection":[{"href":"https:\/\/rayt.com\/ca\/wp-json\/wp\/v2\/product"}],"about":[{"href":"https:\/\/rayt.com\/ca\/wp-json\/wp\/v2\/types\/product"}],"replies":[{"embeddable":true,"href":"https:\/\/rayt.com\/ca\/wp-json\/wp\/v2\/comments?post=1726"}],"wp:featuredmedia":[{"embeddable":true,"href":"https:\/\/rayt.com\/ca\/wp-json\/wp\/v2\/media\/5310"}],"wp:attachment":[{"href":"https:\/\/rayt.com\/ca\/wp-json\/wp\/v2\/media?parent=1726"}],"wp:term":[{"taxonomy":"product_cat","embeddable":true,"href":"https:\/\/rayt.com\/ca\/wp-json\/wp\/v2\/product_cat?post=1726"},{"taxonomy":"product_tag","embeddable":true,"href":"https:\/\/rayt.com\/ca\/wp-json\/wp\/v2\/product_tag?post=1726"}],"curies":[{"name":"wp","href":"https:\/\/api.w.org\/{rel}","templated":true}]}}