{"id":1728,"date":"2020-10-19T08:00:44","date_gmt":"2020-10-19T08:00:44","guid":{"rendered":"http:\/\/rayt.com\/?post_type=product&#038;p=1728"},"modified":"2021-02-25T08:45:49","modified_gmt":"2021-02-25T08:45:49","slug":"cola-blanca-standard-multiuso","status":"publish","type":"product","link":"https:\/\/rayt.com\/ca\/producto\/cola-blanca-standard-multiuso\/","title":{"rendered":"Cola Blanca Standard Multiuso"},"content":{"rendered":"<p>Adhesiu multi\u00fas per enganxar fusta amb fusta, fusta amb estratificat pl\u00e0stic, paper, cart\u00f3, cer\u00e0mica i sobre tota mena de materials porosos.<\/p>\n","protected":false},"excerpt":{"rendered":"<p>Adhesiu multi\u00fas per enganxar fusta amb fusta, fusta amb estratificat<\/p>\n","protected":false},"featured_media":2826,"comment_status":"open","ping_status":"closed","template":"","meta":{"_acf_changed":false},"product_cat":[429,436],"product_tag":[],"acf":[],"_links":{"self":[{"href":"https:\/\/rayt.com\/ca\/wp-json\/wp\/v2\/product\/1728"}],"collection":[{"href":"https:\/\/rayt.com\/ca\/wp-json\/wp\/v2\/product"}],"about":[{"href":"https:\/\/rayt.com\/ca\/wp-json\/wp\/v2\/types\/product"}],"replies":[{"embeddable":true,"href":"https:\/\/rayt.com\/ca\/wp-json\/wp\/v2\/comments?post=1728"}],"wp:featuredmedia":[{"embeddable":true,"href":"https:\/\/rayt.com\/ca\/wp-json\/wp\/v2\/media\/2826"}],"wp:attachment":[{"href":"https:\/\/rayt.com\/ca\/wp-json\/wp\/v2\/media?parent=1728"}],"wp:term":[{"taxonomy":"product_cat","embeddable":true,"href":"https:\/\/rayt.com\/ca\/wp-json\/wp\/v2\/product_cat?post=1728"},{"taxonomy":"product_tag","embeddable":true,"href":"https:\/\/rayt.com\/ca\/wp-json\/wp\/v2\/product_tag?post=1728"}],"curies":[{"name":"wp","href":"https:\/\/api.w.org\/{rel}","templated":true}]}}