{"id":1734,"date":"2020-10-07T10:57:31","date_gmt":"2020-10-07T10:57:31","guid":{"rendered":"http:\/\/rayt.com\/?post_type=product&#038;p=1734"},"modified":"2021-01-25T07:46:02","modified_gmt":"2021-01-25T07:46:02","slug":"botellin-cola-blanca-multiuso","status":"publish","type":"product","link":"https:\/\/rayt.com\/ca\/producto\/botellin-cola-blanca-multiuso\/","title":{"rendered":"Botell\u00edn Cola Blanca Multiuso"},"content":{"rendered":"<p>Adhesiu multi\u00fas per enganxar fusta amb fusta, fusta amb estratificat pl\u00e0stic, paper, cart\u00f3, cer\u00e0mica i sobre tota mena de materials porosos.<\/p>\n<p>&nbsp;<\/p>\n","protected":false},"excerpt":{"rendered":"<p>Adhesiu multi\u00fas per enganxar fusta amb fusta, fusta amb estratificat<\/p>\n","protected":false},"featured_media":5347,"comment_status":"open","ping_status":"closed","template":"","meta":{"_acf_changed":false},"product_cat":[429,436],"product_tag":[],"acf":[],"_links":{"self":[{"href":"https:\/\/rayt.com\/ca\/wp-json\/wp\/v2\/product\/1734"}],"collection":[{"href":"https:\/\/rayt.com\/ca\/wp-json\/wp\/v2\/product"}],"about":[{"href":"https:\/\/rayt.com\/ca\/wp-json\/wp\/v2\/types\/product"}],"replies":[{"embeddable":true,"href":"https:\/\/rayt.com\/ca\/wp-json\/wp\/v2\/comments?post=1734"}],"wp:featuredmedia":[{"embeddable":true,"href":"https:\/\/rayt.com\/ca\/wp-json\/wp\/v2\/media\/5347"}],"wp:attachment":[{"href":"https:\/\/rayt.com\/ca\/wp-json\/wp\/v2\/media?parent=1734"}],"wp:term":[{"taxonomy":"product_cat","embeddable":true,"href":"https:\/\/rayt.com\/ca\/wp-json\/wp\/v2\/product_cat?post=1734"},{"taxonomy":"product_tag","embeddable":true,"href":"https:\/\/rayt.com\/ca\/wp-json\/wp\/v2\/product_tag?post=1734"}],"curies":[{"name":"wp","href":"https:\/\/api.w.org\/{rel}","templated":true}]}}